{"id":6195,"date":"2021-10-01T12:01:47","date_gmt":"2021-10-01T15:01:47","guid":{"rendered":"https:\/\/mitmaq.com\/product\/afilado-de-elementos-cortantes-2\/"},"modified":"2025-10-16T11:12:50","modified_gmt":"2025-10-16T14:12:50","slug":"afilado-de-elementos-cortantes-2","status":"publish","type":"product","link":"https:\/\/mitmaq.com\/staging\/product\/afilado-de-elementos-cortantes-2\/","title":{"rendered":"Afilado de elementos cortantes"},"content":{"rendered":"\t\t<div data-elementor-type=\"wp-post\" data-elementor-id=\"6195\" class=\"elementor elementor-6195\">\n\t\t\t\t<div class=\"elementor-element elementor-element-c0f885c e-flex e-con-boxed e-con e-parent\" data-id=\"c0f885c\" data-element_type=\"container\" data-e-type=\"container\">\n\t\t\t\t\t<div class=\"e-con-inner\">\n\t\t\t\t<div class=\"elementor-element elementor-element-da751cb elementor-widget elementor-widget-text-editor\" data-id=\"da751cb\" data-element_type=\"widget\" data-e-type=\"widget\" data-widget_type=\"text-editor.default\">\n\t\t\t\t<div class=\"elementor-widget-container\">\n\t\t\t\t\t\t\t\t\t<p data-start=\"545\" data-end=\"947\"><strong data-start=\"545\" data-end=\"619\">Manten\u00e9 la precisi\u00f3n de tus equipos.<\/strong><\/p><p data-start=\"545\" data-end=\"947\">En Mitmaq ofrecemos el afilado profesional de cuchillas, sierras, discos y otros elementos cortantes utilizados en la industria alimentaria.<br data-start=\"762\" data-end=\"765\" \/>Nuestro servicio est\u00e1 dise\u00f1ado para garantizar el m\u00e1ximo rendimiento, prolongar la vida \u00fatil de los componentes y asegurar cortes limpios y uniformes en cada proceso de producci\u00f3n.<\/p><p data-start=\"949\" data-end=\"1208\">Contamos con equipamiento especializado, t\u00e9cnicos capacitados y procedimientos que respetan las tolerancias y normas de seguridad requeridas en el sector.<br data-start=\"1103\" data-end=\"1106\" \/>Pod\u00e9s enviar tus piezas a nuestras instalaciones o coordinar el retiro con nuestro equipo log\u00edstico.<\/p><p data-start=\"1210\" data-end=\"1240\"><strong data-start=\"1210\" data-end=\"1238\">Beneficios del servicio:<\/strong><\/p><ul data-start=\"1241\" data-end=\"1434\"><li data-start=\"1241\" data-end=\"1300\"><p data-start=\"1243\" data-end=\"1300\">Recuperaci\u00f3n del filo original y precisi\u00f3n en el corte.<\/p><\/li><li data-start=\"1301\" data-end=\"1354\"><p data-start=\"1303\" data-end=\"1354\">Menor desgaste del equipo y ahorro en reemplazos.<\/p><\/li><li data-start=\"1355\" data-end=\"1393\"><p data-start=\"1357\" data-end=\"1393\">Procesos m\u00e1s seguros y eficientes.<\/p><\/li><li data-start=\"1394\" data-end=\"1434\"><p data-start=\"1396\" data-end=\"1434\">Asesoramiento t\u00e9cnico personalizado.<\/p><\/li><\/ul><p data-start=\"1436\" data-end=\"1628\"><strong data-start=\"1436\" data-end=\"1465\">Servicio disponible para:<\/strong><br data-start=\"1465\" data-end=\"1468\" \/>Cuchillas industriales, sierras de cinta, discos, filos de cutters, guillotinas y otros sistemas de corte utilizados en plantas de procesamiento de alimentos.<\/p>\t\t\t\t\t\t\t\t<\/div>\n\t\t\t\t<\/div>\n\t\t\t\t\t<\/div>\n\t\t\t\t<\/div>\n\t\t\t\t<\/div>\n\t\t","protected":false},"excerpt":{"rendered":"<p>En MitMaq ofrecemos el servicio de afilado y rectificado para un amplio rango de elementos de corte.<\/p>\n<p>Solicit\u00e1 tu presupuesto.<\/p>\n<p>Servicio disponible en:<br \/>\n<a href=\"https:\/\/mitmaq.com\/wp-content\/uploads\/2021\/09\/Argentina.png\"><img decoding=\"async\" class=\"alignnone wp-image-5937\" src=\"https:\/\/mitmaq.com\/wp-content\/uploads\/2021\/09\/Argentina.png\" alt=\"Argentina\" width=\"30\" height=\"30\" srcset=\"https:\/\/mitmaq.com\/staging\/wp-content\/uploads\/2021\/09\/Argentina.png 100w, https:\/\/mitmaq.com\/staging\/wp-content\/uploads\/2021\/09\/Argentina-1x1.png 1w, https:\/\/mitmaq.com\/staging\/wp-content\/uploads\/2021\/09\/Argentina-10x10.png 10w\" sizes=\"(max-width: 30px) 100vw, 30px\" \/><\/a> <a href=\"https:\/\/mitmaq.com\/wp-content\/uploads\/2021\/12\/Bolivia-No.png\"><img decoding=\"async\" class=\"alignnone wp-image-10023\" src=\"https:\/\/mitmaq.com\/wp-content\/uploads\/2021\/12\/Bolivia-No.png\" alt=\"Bolivia\" width=\"30\" height=\"30\" srcset=\"https:\/\/mitmaq.com\/staging\/wp-content\/uploads\/2021\/12\/Bolivia-No.png 100w, https:\/\/mitmaq.com\/staging\/wp-content\/uploads\/2021\/12\/Bolivia-No-1x1.png 1w, https:\/\/mitmaq.com\/staging\/wp-content\/uploads\/2021\/12\/Bolivia-No-10x10.png 10w\" sizes=\"(max-width: 30px) 100vw, 30px\" \/><\/a> <a href=\"https:\/\/mitmaq.com\/wp-content\/uploads\/2021\/12\/Paraguay-No.png\"><img decoding=\"async\" class=\"alignnone wp-image-10024\" src=\"https:\/\/mitmaq.com\/wp-content\/uploads\/2021\/12\/Paraguay-No.png\" alt=\"Paraguay\" width=\"30\" height=\"30\" srcset=\"https:\/\/mitmaq.com\/staging\/wp-content\/uploads\/2021\/12\/Paraguay-No.png 100w, https:\/\/mitmaq.com\/staging\/wp-content\/uploads\/2021\/12\/Paraguay-No-1x1.png 1w, https:\/\/mitmaq.com\/staging\/wp-content\/uploads\/2021\/12\/Paraguay-No-10x10.png 10w\" sizes=\"(max-width: 30px) 100vw, 30px\" \/><\/a> <a href=\"https:\/\/mitmaq.com\/wp-content\/uploads\/2021\/12\/Uruguay-No.png\"><img loading=\"lazy\" decoding=\"async\" class=\"alignnone wp-image-10025\" src=\"https:\/\/mitmaq.com\/wp-content\/uploads\/2021\/12\/Uruguay-No.png\" alt=\"Uruguay\" width=\"30\" height=\"30\" srcset=\"https:\/\/mitmaq.com\/staging\/wp-content\/uploads\/2021\/12\/Uruguay-No.png 100w, https:\/\/mitmaq.com\/staging\/wp-content\/uploads\/2021\/12\/Uruguay-No-1x1.png 1w, https:\/\/mitmaq.com\/staging\/wp-content\/uploads\/2021\/12\/Uruguay-No-10x10.png 10w\" sizes=\"(max-width: 30px) 100vw, 30px\" \/><\/a><\/p>\n","protected":false},"featured_media":6197,"comment_status":"open","ping_status":"closed","template":"","meta":[],"product_brand":[],"product_cat":[94,15],"product_tag":[132,131,134,17,18,135,20,133],"class_list":{"0":"post-6195","1":"product","2":"type-product","3":"status-publish","4":"has-post-thumbnail","6":"product_cat-afilado-de-elementos-cortantes","7":"product_cat-carnica","8":"product_tag-ind-avicola","9":"product_tag-ind-carnica","10":"product_tag-ind-frutihorticola","11":"product_tag-ind-gastronomica","12":"product_tag-ind-lactea","13":"product_tag-ind-panificados-y-dulces","14":"product_tag-ind-pesquera","15":"product_tag-servicios-mitmaq","17":"first","18":"instock","19":"taxable","20":"shipping-taxable","21":"product-type-simple"},"_links":{"self":[{"href":"https:\/\/mitmaq.com\/staging\/wp-json\/wp\/v2\/product\/6195","targetHints":{"allow":["GET"]}}],"collection":[{"href":"https:\/\/mitmaq.com\/staging\/wp-json\/wp\/v2\/product"}],"about":[{"href":"https:\/\/mitmaq.com\/staging\/wp-json\/wp\/v2\/types\/product"}],"replies":[{"embeddable":true,"href":"https:\/\/mitmaq.com\/staging\/wp-json\/wp\/v2\/comments?post=6195"}],"version-history":[{"count":4,"href":"https:\/\/mitmaq.com\/staging\/wp-json\/wp\/v2\/product\/6195\/revisions"}],"predecessor-version":[{"id":12995,"href":"https:\/\/mitmaq.com\/staging\/wp-json\/wp\/v2\/product\/6195\/revisions\/12995"}],"wp:featuredmedia":[{"embeddable":true,"href":"https:\/\/mitmaq.com\/staging\/wp-json\/wp\/v2\/media\/6197"}],"wp:attachment":[{"href":"https:\/\/mitmaq.com\/staging\/wp-json\/wp\/v2\/media?parent=6195"}],"wp:term":[{"taxonomy":"product_brand","embeddable":true,"href":"https:\/\/mitmaq.com\/staging\/wp-json\/wp\/v2\/product_brand?post=6195"},{"taxonomy":"product_cat","embeddable":true,"href":"https:\/\/mitmaq.com\/staging\/wp-json\/wp\/v2\/product_cat?post=6195"},{"taxonomy":"product_tag","embeddable":true,"href":"https:\/\/mitmaq.com\/staging\/wp-json\/wp\/v2\/product_tag?post=6195"}],"curies":[{"name":"wp","href":"https:\/\/api.w.org\/{rel}","templated":true}]}}