{"id":6181,"date":"2021-10-01T12:01:44","date_gmt":"2021-10-01T15:01:44","guid":{"rendered":"https:\/\/mitmaq.com\/product\/detergente-efikersia\/"},"modified":"2021-10-27T15:09:02","modified_gmt":"2021-10-27T18:09:02","slug":"detergente-efikersia","status":"publish","type":"product","link":"https:\/\/mitmaq.com\/staging\/product\/detergente-efikersia\/","title":{"rendered":"Detergente &#8211; Efikersia"},"content":{"rendered":"\t\t<div data-elementor-type=\"wp-post\" data-elementor-id=\"6181\" class=\"elementor elementor-6181\">\n\t\t\t\t\t\t<section class=\"elementor-section elementor-top-section elementor-element elementor-element-377dda4 elementor-section-boxed elementor-section-height-default elementor-section-height-default\" data-id=\"377dda4\" data-element_type=\"section\" data-e-type=\"section\">\n\t\t\t\t\t\t<div class=\"elementor-container elementor-column-gap-default\">\n\t\t\t\t\t<div class=\"elementor-column elementor-col-100 elementor-top-column elementor-element elementor-element-1d2ad2e6\" data-id=\"1d2ad2e6\" data-element_type=\"column\" data-e-type=\"column\">\n\t\t\t<div class=\"elementor-widget-wrap elementor-element-populated\">\n\t\t\t\t\t\t<div class=\"elementor-element elementor-element-5f323822 elementor-widget elementor-widget-text-editor\" data-id=\"5f323822\" data-element_type=\"widget\" data-e-type=\"widget\" data-widget_type=\"text-editor.default\">\n\t\t\t\t<div class=\"elementor-widget-container\">\n\t\t\t\t\t\t\t\t\tTienen baja temperatura de aplicaci\u00f3n.\n\nProducido con enzimas 100% naturales.\n\nPara m\u00e1s informaci\u00f3n, te invitamos a visitar el sitio web de Kersia: <span style=\"border-bottom: 2px solid #96D045;\"><a href=\"https:\/\/www.kersia-group.com\/es\/\" target=\"_blank\" rel=\"noopener\">www.kersia-group.com<\/a><\/span>\t\t\t\t\t\t\t\t<\/div>\n\t\t\t\t<\/div>\n\t\t\t\t\t<\/div>\n\t\t<\/div>\n\t\t\t\t\t<\/div>\n\t\t<\/section>\n\t\t\t\t<\/div>\n\t\t","protected":false},"excerpt":{"rendered":"<p>M\u00e9todo Efikersia consta de la detecci\u00f3n de biofilms sobre superficies para revelar de manera visual las zonas contaminadas y del tratamiento y eliminaci\u00f3n de biofilms, proponiendo m\u00e9todos curativos y preventivos, mediante la aplicaci\u00f3n de productos enzim\u00e1ticos que no corroen y son biodegradables.<\/p>\n<p><strong>Distribuidor autorizado:\u00a0<\/strong>Consultar disponibilidad por pa\u00eds.<\/p>\n","protected":false},"featured_media":6265,"comment_status":"open","ping_status":"closed","template":"","meta":[],"product_brand":[],"product_cat":[15,85],"product_tag":[132,131,134,17,18,135,20],"class_list":{"0":"post-6181","1":"product","2":"type-product","3":"status-publish","4":"has-post-thumbnail","6":"product_cat-carnica","7":"product_cat-detergente","8":"product_tag-ind-avicola","9":"product_tag-ind-carnica","10":"product_tag-ind-frutihorticola","11":"product_tag-ind-gastronomica","12":"product_tag-ind-lactea","13":"product_tag-ind-panificados-y-dulces","14":"product_tag-ind-pesquera","16":"first","17":"instock","18":"taxable","19":"shipping-taxable","20":"product-type-simple"},"_links":{"self":[{"href":"https:\/\/mitmaq.com\/staging\/wp-json\/wp\/v2\/product\/6181","targetHints":{"allow":["GET"]}}],"collection":[{"href":"https:\/\/mitmaq.com\/staging\/wp-json\/wp\/v2\/product"}],"about":[{"href":"https:\/\/mitmaq.com\/staging\/wp-json\/wp\/v2\/types\/product"}],"replies":[{"embeddable":true,"href":"https:\/\/mitmaq.com\/staging\/wp-json\/wp\/v2\/comments?post=6181"}],"version-history":[{"count":0,"href":"https:\/\/mitmaq.com\/staging\/wp-json\/wp\/v2\/product\/6181\/revisions"}],"wp:featuredmedia":[{"embeddable":true,"href":"https:\/\/mitmaq.com\/staging\/wp-json\/wp\/v2\/media\/6265"}],"wp:attachment":[{"href":"https:\/\/mitmaq.com\/staging\/wp-json\/wp\/v2\/media?parent=6181"}],"wp:term":[{"taxonomy":"product_brand","embeddable":true,"href":"https:\/\/mitmaq.com\/staging\/wp-json\/wp\/v2\/product_brand?post=6181"},{"taxonomy":"product_cat","embeddable":true,"href":"https:\/\/mitmaq.com\/staging\/wp-json\/wp\/v2\/product_cat?post=6181"},{"taxonomy":"product_tag","embeddable":true,"href":"https:\/\/mitmaq.com\/staging\/wp-json\/wp\/v2\/product_tag?post=6181"}],"curies":[{"name":"wp","href":"https:\/\/api.w.org\/{rel}","templated":true}]}}