{"id":6178,"date":"2021-10-01T12:01:43","date_gmt":"2021-10-01T15:01:43","guid":{"rendered":"https:\/\/mitmaq.com\/product\/detergente-deptal-mpm\/"},"modified":"2021-10-27T15:10:37","modified_gmt":"2021-10-27T18:10:37","slug":"detergente-deptal-mpm","status":"publish","type":"product","link":"https:\/\/mitmaq.com\/staging\/product\/detergente-deptal-mpm\/","title":{"rendered":"Detergente &#8211; Deptal MPM"},"content":{"rendered":"\t\t<div data-elementor-type=\"wp-post\" data-elementor-id=\"6178\" class=\"elementor elementor-6178\">\n\t\t\t\t\t\t<section class=\"elementor-section elementor-top-section elementor-element elementor-element-7f045088 elementor-section-boxed elementor-section-height-default elementor-section-height-default\" data-id=\"7f045088\" data-element_type=\"section\" data-e-type=\"section\">\n\t\t\t\t\t\t<div class=\"elementor-container elementor-column-gap-default\">\n\t\t\t\t\t<div class=\"elementor-column elementor-col-100 elementor-top-column elementor-element elementor-element-171278ab\" data-id=\"171278ab\" data-element_type=\"column\" data-e-type=\"column\">\n\t\t\t<div class=\"elementor-widget-wrap elementor-element-populated\">\n\t\t\t\t\t\t<div class=\"elementor-element elementor-element-32204eb4 elementor-widget elementor-widget-text-editor\" data-id=\"32204eb4\" data-element_type=\"widget\" data-e-type=\"widget\" data-widget_type=\"text-editor.default\">\n\t\t\t\t<div class=\"elementor-widget-container\">\n\t\t\t\t\t\t\t\t\tElimina grasas, sangre, prote\u00ednas animales y vegetales.\n\nNo corrosivo.\n\nMuy espumante.\n\nFunciona por espuma y por fregado.\n\nPara m\u00e1s informaci\u00f3n, te invitamos a visitar el sitio web de Kersia: <span style=\"border-bottom: 2px solid #96D045;\"><a href=\"https:\/\/www.kersia-group.com\/es\/\" target=\"_blank\" rel=\"noopener\">www.kersia-group.com<\/a><\/span>\t\t\t\t\t\t\t\t<\/div>\n\t\t\t\t<\/div>\n\t\t\t\t\t<\/div>\n\t\t<\/div>\n\t\t\t\t\t<\/div>\n\t\t<\/section>\n\t\t\t\t<\/div>\n\t\t","protected":false},"excerpt":{"rendered":"<p>Desengrasante potente.<\/p>\n<p>Espuma alcalina fuerte, con gran penetraci\u00f3n y remoci\u00f3n de materia org\u00e1nica.<\/p>\n<p><strong>Distribuidor autorizado:\u00a0<\/strong>Consultar disponibilidad por pa\u00eds.<\/p>\n","protected":false},"featured_media":6255,"comment_status":"open","ping_status":"closed","template":"","meta":[],"product_brand":[],"product_cat":[15,85],"product_tag":[132,131,134,17,18,135,20],"class_list":{"0":"post-6178","1":"product","2":"type-product","3":"status-publish","4":"has-post-thumbnail","6":"product_cat-carnica","7":"product_cat-detergente","8":"product_tag-ind-avicola","9":"product_tag-ind-carnica","10":"product_tag-ind-frutihorticola","11":"product_tag-ind-gastronomica","12":"product_tag-ind-lactea","13":"product_tag-ind-panificados-y-dulces","14":"product_tag-ind-pesquera","16":"first","17":"instock","18":"taxable","19":"shipping-taxable","20":"product-type-simple"},"_links":{"self":[{"href":"https:\/\/mitmaq.com\/staging\/wp-json\/wp\/v2\/product\/6178","targetHints":{"allow":["GET"]}}],"collection":[{"href":"https:\/\/mitmaq.com\/staging\/wp-json\/wp\/v2\/product"}],"about":[{"href":"https:\/\/mitmaq.com\/staging\/wp-json\/wp\/v2\/types\/product"}],"replies":[{"embeddable":true,"href":"https:\/\/mitmaq.com\/staging\/wp-json\/wp\/v2\/comments?post=6178"}],"version-history":[{"count":0,"href":"https:\/\/mitmaq.com\/staging\/wp-json\/wp\/v2\/product\/6178\/revisions"}],"wp:featuredmedia":[{"embeddable":true,"href":"https:\/\/mitmaq.com\/staging\/wp-json\/wp\/v2\/media\/6255"}],"wp:attachment":[{"href":"https:\/\/mitmaq.com\/staging\/wp-json\/wp\/v2\/media?parent=6178"}],"wp:term":[{"taxonomy":"product_brand","embeddable":true,"href":"https:\/\/mitmaq.com\/staging\/wp-json\/wp\/v2\/product_brand?post=6178"},{"taxonomy":"product_cat","embeddable":true,"href":"https:\/\/mitmaq.com\/staging\/wp-json\/wp\/v2\/product_cat?post=6178"},{"taxonomy":"product_tag","embeddable":true,"href":"https:\/\/mitmaq.com\/staging\/wp-json\/wp\/v2\/product_tag?post=6178"}],"curies":[{"name":"wp","href":"https:\/\/api.w.org\/{rel}","templated":true}]}}