{"id":6176,"date":"2021-10-01T12:01:42","date_gmt":"2021-10-01T15:01:42","guid":{"rendered":"https:\/\/mitmaq.com\/product\/detergente-deptacid-sm\/"},"modified":"2021-10-27T15:13:03","modified_gmt":"2021-10-27T18:13:03","slug":"detergente-deptacid-sm","status":"publish","type":"product","link":"https:\/\/mitmaq.com\/staging\/product\/detergente-deptacid-sm\/","title":{"rendered":"Detergente &#8211; Deptacid SM"},"content":{"rendered":"\t\t<div data-elementor-type=\"wp-post\" data-elementor-id=\"6176\" class=\"elementor elementor-6176\">\n\t\t\t\t\t\t<section class=\"elementor-section elementor-top-section elementor-element elementor-element-71390479 elementor-section-boxed elementor-section-height-default elementor-section-height-default\" data-id=\"71390479\" data-element_type=\"section\" data-e-type=\"section\">\n\t\t\t\t\t\t<div class=\"elementor-container elementor-column-gap-default\">\n\t\t\t\t\t<div class=\"elementor-column elementor-col-100 elementor-top-column elementor-element elementor-element-584c1862\" data-id=\"584c1862\" data-element_type=\"column\" data-e-type=\"column\">\n\t\t\t<div class=\"elementor-widget-wrap elementor-element-populated\">\n\t\t\t\t\t\t<div class=\"elementor-element elementor-element-537a4520 elementor-widget elementor-widget-text-editor\" data-id=\"537a4520\" data-element_type=\"widget\" data-e-type=\"widget\" data-widget_type=\"text-editor.default\">\n\t\t\t\t<div class=\"elementor-widget-container\">\n\t\t\t\t\t\t\t\t\tAlta efectividad para eliminaci\u00f3n de sarro.\n\nAbrillantador de acero inoxidable.\n\nPara m\u00e1s informaci\u00f3n, te invitamos a visitar el sitio web de Kersia: <span style=\"border-bottom: 2px solid #96D045;\"><a href=\"https:\/\/www.kersia-group.com\/es\/\" target=\"_blank\" rel=\"noopener\">www.kersia-group.com<\/a><\/span>\t\t\t\t\t\t\t\t<\/div>\n\t\t\t\t<\/div>\n\t\t\t\t\t<\/div>\n\t\t<\/div>\n\t\t\t\t\t<\/div>\n\t\t<\/section>\n\t\t\t\t<\/div>\n\t\t","protected":false},"excerpt":{"rendered":"<p>Espuma \u00e1cida de principio activo de \u00e1cido fosf\u00f3rico.<\/p>\n<p><strong>Distribuidor autorizado:\u00a0<\/strong>Consultar disponibilidad por pa\u00eds.<\/p>\n","protected":false},"featured_media":7654,"comment_status":"open","ping_status":"closed","template":"","meta":[],"product_brand":[],"product_cat":[85],"product_tag":[132,131,134,17,18,135,20],"class_list":{"0":"post-6176","1":"product","2":"type-product","3":"status-publish","4":"has-post-thumbnail","6":"product_cat-detergente","7":"product_tag-ind-avicola","8":"product_tag-ind-carnica","9":"product_tag-ind-frutihorticola","10":"product_tag-ind-gastronomica","11":"product_tag-ind-lactea","12":"product_tag-ind-panificados-y-dulces","13":"product_tag-ind-pesquera","15":"first","16":"instock","17":"taxable","18":"shipping-taxable","19":"product-type-simple"},"_links":{"self":[{"href":"https:\/\/mitmaq.com\/staging\/wp-json\/wp\/v2\/product\/6176","targetHints":{"allow":["GET"]}}],"collection":[{"href":"https:\/\/mitmaq.com\/staging\/wp-json\/wp\/v2\/product"}],"about":[{"href":"https:\/\/mitmaq.com\/staging\/wp-json\/wp\/v2\/types\/product"}],"replies":[{"embeddable":true,"href":"https:\/\/mitmaq.com\/staging\/wp-json\/wp\/v2\/comments?post=6176"}],"version-history":[{"count":0,"href":"https:\/\/mitmaq.com\/staging\/wp-json\/wp\/v2\/product\/6176\/revisions"}],"wp:featuredmedia":[{"embeddable":true,"href":"https:\/\/mitmaq.com\/staging\/wp-json\/wp\/v2\/media\/7654"}],"wp:attachment":[{"href":"https:\/\/mitmaq.com\/staging\/wp-json\/wp\/v2\/media?parent=6176"}],"wp:term":[{"taxonomy":"product_brand","embeddable":true,"href":"https:\/\/mitmaq.com\/staging\/wp-json\/wp\/v2\/product_brand?post=6176"},{"taxonomy":"product_cat","embeddable":true,"href":"https:\/\/mitmaq.com\/staging\/wp-json\/wp\/v2\/product_cat?post=6176"},{"taxonomy":"product_tag","embeddable":true,"href":"https:\/\/mitmaq.com\/staging\/wp-json\/wp\/v2\/product_tag?post=6176"}],"curies":[{"name":"wp","href":"https:\/\/api.w.org\/{rel}","templated":true}]}}