{"id":6171,"date":"2021-10-01T12:01:41","date_gmt":"2021-10-01T15:01:41","guid":{"rendered":"https:\/\/mitmaq.com\/product\/sistemas-de-conservacion-m-safe\/"},"modified":"2022-03-17T12:05:17","modified_gmt":"2022-03-17T15:05:17","slug":"sistemas-de-conservacion-m-safe","status":"publish","type":"product","link":"https:\/\/mitmaq.com\/staging\/product\/sistemas-de-conservacion-m-safe\/","title":{"rendered":"Sistemas de conservaci\u00f3n M SAFE"},"content":{"rendered":"\t\t<div data-elementor-type=\"wp-post\" data-elementor-id=\"6171\" class=\"elementor elementor-6171\">\n\t\t\t\t\t\t<section class=\"elementor-section elementor-top-section elementor-element elementor-element-66f1e631 elementor-section-boxed elementor-section-height-default elementor-section-height-default\" data-id=\"66f1e631\" data-element_type=\"section\" data-e-type=\"section\">\n\t\t\t\t\t\t<div class=\"elementor-container elementor-column-gap-default\">\n\t\t\t\t\t<div class=\"elementor-column elementor-col-100 elementor-top-column elementor-element elementor-element-21bcded0\" data-id=\"21bcded0\" data-element_type=\"column\" data-e-type=\"column\">\n\t\t\t<div class=\"elementor-widget-wrap elementor-element-populated\">\n\t\t\t\t\t\t<div class=\"elementor-element elementor-element-758b0110 elementor-widget elementor-widget-text-editor\" data-id=\"758b0110\" data-element_type=\"widget\" data-e-type=\"widget\" data-widget_type=\"text-editor.default\">\n\t\t\t\t<div class=\"elementor-widget-container\">\n\t\t\t\t\t\t\t\t\tPara m\u00e1s informaci\u00f3n, te invitamos a visitar el sitio web de Meat Cracks: <span style=\"border-bottom: 2px solid #96D045;\"><a href=\"https:\/\/www.meatcracks.de\/es\/\" target=\"_blank\" rel=\"noopener\">www.meatcracks.de<\/a><\/span>\t\t\t\t\t\t\t\t<\/div>\n\t\t\t\t<\/div>\n\t\t\t\t\t<\/div>\n\t\t<\/div>\n\t\t\t\t\t<\/div>\n\t\t<\/section>\n\t\t\t\t<\/div>\n\t\t","protected":false},"excerpt":{"rendered":"<p>Protecci\u00f3n microbiol\u00f3gica, aumento de la vida \u00fatil.<\/p>\n<p><strong>Producto disponible en:<\/strong><br \/>\n<a href=\"https:\/\/mitmaq.com\/wp-content\/uploads\/2021\/09\/Argentina.png\"><img decoding=\"async\" class=\"alignnone wp-image-5937\" src=\"https:\/\/mitmaq.com\/wp-content\/uploads\/2021\/09\/Argentina.png\" alt=\"Argentina\" width=\"30\" height=\"30\" srcset=\"https:\/\/mitmaq.com\/staging\/wp-content\/uploads\/2021\/09\/Argentina.png 100w, https:\/\/mitmaq.com\/staging\/wp-content\/uploads\/2021\/09\/Argentina-1x1.png 1w, https:\/\/mitmaq.com\/staging\/wp-content\/uploads\/2021\/09\/Argentina-10x10.png 10w\" sizes=\"(max-width: 30px) 100vw, 30px\" \/>\u00a0<\/a><a href=\"https:\/\/mitmaq.com\/wp-content\/uploads\/2021\/12\/Bolivia-No.png\"><img decoding=\"async\" class=\"alignnone wp-image-10023\" src=\"https:\/\/mitmaq.com\/wp-content\/uploads\/2021\/12\/Bolivia-No.png\" alt=\"Bolivia\" width=\"30\" height=\"30\" srcset=\"https:\/\/mitmaq.com\/staging\/wp-content\/uploads\/2021\/12\/Bolivia-No.png 100w, https:\/\/mitmaq.com\/staging\/wp-content\/uploads\/2021\/12\/Bolivia-No-1x1.png 1w, https:\/\/mitmaq.com\/staging\/wp-content\/uploads\/2021\/12\/Bolivia-No-10x10.png 10w\" sizes=\"(max-width: 30px) 100vw, 30px\" \/><\/a>\u00a0<a href=\"https:\/\/mitmaq.com\/wp-content\/uploads\/2021\/12\/Paraguay-No.png\"><img decoding=\"async\" class=\"alignnone wp-image-10024\" src=\"https:\/\/mitmaq.com\/wp-content\/uploads\/2021\/12\/Paraguay-No.png\" alt=\"Paraguay\" width=\"30\" height=\"30\" srcset=\"https:\/\/mitmaq.com\/staging\/wp-content\/uploads\/2021\/12\/Paraguay-No.png 100w, https:\/\/mitmaq.com\/staging\/wp-content\/uploads\/2021\/12\/Paraguay-No-1x1.png 1w, https:\/\/mitmaq.com\/staging\/wp-content\/uploads\/2021\/12\/Paraguay-No-10x10.png 10w\" sizes=\"(max-width: 30px) 100vw, 30px\" \/><\/a>\u00a0<a href=\"https:\/\/mitmaq.com\/wp-content\/uploads\/2021\/12\/Uruguay-No.png\"><img loading=\"lazy\" decoding=\"async\" class=\"alignnone wp-image-10025\" src=\"https:\/\/mitmaq.com\/wp-content\/uploads\/2021\/12\/Uruguay-No.png\" alt=\"Uruguay\" width=\"30\" height=\"30\" srcset=\"https:\/\/mitmaq.com\/staging\/wp-content\/uploads\/2021\/12\/Uruguay-No.png 100w, https:\/\/mitmaq.com\/staging\/wp-content\/uploads\/2021\/12\/Uruguay-No-1x1.png 1w, https:\/\/mitmaq.com\/staging\/wp-content\/uploads\/2021\/12\/Uruguay-No-10x10.png 10w\" sizes=\"(max-width: 30px) 100vw, 30px\" \/><\/a><\/p>\n","protected":false},"featured_media":7269,"comment_status":"open","ping_status":"closed","template":"","meta":[],"product_brand":[],"product_cat":[15,149],"product_tag":[131],"class_list":{"0":"post-6171","1":"product","2":"type-product","3":"status-publish","4":"has-post-thumbnail","6":"product_cat-carnica","7":"product_cat-ingredientes-aditivos-higiene","8":"product_tag-ind-carnica","10":"first","11":"instock","12":"taxable","13":"shipping-taxable","14":"product-type-simple"},"_links":{"self":[{"href":"https:\/\/mitmaq.com\/staging\/wp-json\/wp\/v2\/product\/6171","targetHints":{"allow":["GET"]}}],"collection":[{"href":"https:\/\/mitmaq.com\/staging\/wp-json\/wp\/v2\/product"}],"about":[{"href":"https:\/\/mitmaq.com\/staging\/wp-json\/wp\/v2\/types\/product"}],"replies":[{"embeddable":true,"href":"https:\/\/mitmaq.com\/staging\/wp-json\/wp\/v2\/comments?post=6171"}],"version-history":[{"count":2,"href":"https:\/\/mitmaq.com\/staging\/wp-json\/wp\/v2\/product\/6171\/revisions"}],"predecessor-version":[{"id":10463,"href":"https:\/\/mitmaq.com\/staging\/wp-json\/wp\/v2\/product\/6171\/revisions\/10463"}],"wp:featuredmedia":[{"embeddable":true,"href":"https:\/\/mitmaq.com\/staging\/wp-json\/wp\/v2\/media\/7269"}],"wp:attachment":[{"href":"https:\/\/mitmaq.com\/staging\/wp-json\/wp\/v2\/media?parent=6171"}],"wp:term":[{"taxonomy":"product_brand","embeddable":true,"href":"https:\/\/mitmaq.com\/staging\/wp-json\/wp\/v2\/product_brand?post=6171"},{"taxonomy":"product_cat","embeddable":true,"href":"https:\/\/mitmaq.com\/staging\/wp-json\/wp\/v2\/product_cat?post=6171"},{"taxonomy":"product_tag","embeddable":true,"href":"https:\/\/mitmaq.com\/staging\/wp-json\/wp\/v2\/product_tag?post=6171"}],"curies":[{"name":"wp","href":"https:\/\/api.w.org\/{rel}","templated":true}]}}