{"id":6110,"date":"2021-10-01T12:01:29","date_gmt":"2021-10-01T15:01:29","guid":{"rendered":"https:\/\/mitmaq.com\/product\/drenajes-en-acero-inoxidable-para-plantas-industriales\/"},"modified":"2021-10-27T15:42:53","modified_gmt":"2021-10-27T18:42:53","slug":"drenajes-en-acero-inoxidable-para-plantas-industriales","status":"publish","type":"product","link":"https:\/\/mitmaq.com\/staging\/product\/drenajes-en-acero-inoxidable-para-plantas-industriales\/","title":{"rendered":"Drenajes en acero inoxidable para plantas industriales"},"content":{"rendered":"\t\t<div data-elementor-type=\"wp-post\" data-elementor-id=\"6110\" class=\"elementor elementor-6110\">\n\t\t\t\t\t\t<section class=\"elementor-section elementor-top-section elementor-element elementor-element-ce38e52 elementor-section-boxed elementor-section-height-default elementor-section-height-default\" data-id=\"ce38e52\" data-element_type=\"section\" data-e-type=\"section\">\n\t\t\t\t\t\t<div class=\"elementor-container elementor-column-gap-default\">\n\t\t\t\t\t<div class=\"elementor-column elementor-col-100 elementor-top-column elementor-element elementor-element-3756fc52\" data-id=\"3756fc52\" data-element_type=\"column\" data-e-type=\"column\">\n\t\t\t<div class=\"elementor-widget-wrap elementor-element-populated\">\n\t\t\t\t\t\t<div class=\"elementor-element elementor-element-7b00f633 elementor-widget elementor-widget-text-editor\" data-id=\"7b00f633\" data-element_type=\"widget\" data-e-type=\"widget\" data-widget_type=\"text-editor.default\">\n\t\t\t\t<div class=\"elementor-widget-container\">\n\t\t\t\t\t\t\t\t\tPara m\u00e1s informaci\u00f3n, te invitamos a visitar el sitio web de Att Inox Drain: <a href=\"https:\/\/att.eu\/\" target=\"_blank\" rel=\"noopener\"><span style=\"border-bottom: 2px solid #96D045;\">www.att.eu<\/span><\/a>\t\t\t\t\t\t\t\t<\/div>\n\t\t\t\t<\/div>\n\t\t\t\t\t<\/div>\n\t\t<\/div>\n\t\t\t\t\t<\/div>\n\t\t<\/section>\n\t\t\t\t<\/div>\n\t\t","protected":false},"excerpt":{"rendered":"<p>Desag\u00fces para plantas industriales de alta durabilidad.<\/p>\n<p>C\u00e1lculos de ingenier\u00eda y dise\u00f1o a medida para todo tipo de desag\u00fces.\u00a0Excelente relaci\u00f3n calidad\/precio.<\/p>\n<p><strong>Distribuidor autorizado:\u00a0<\/strong>Consultar disponibilidad por pa\u00eds.<\/p>\n","protected":false},"featured_media":7597,"comment_status":"open","ping_status":"closed","template":"","meta":[],"product_brand":[],"product_cat":[15,69],"product_tag":[132,131,134,17,18,135,20],"class_list":{"0":"post-6110","1":"product","2":"type-product","3":"status-publish","4":"has-post-thumbnail","6":"product_cat-carnica","7":"product_cat-insumos-servicios","8":"product_tag-ind-avicola","9":"product_tag-ind-carnica","10":"product_tag-ind-frutihorticola","11":"product_tag-ind-gastronomica","12":"product_tag-ind-lactea","13":"product_tag-ind-panificados-y-dulces","14":"product_tag-ind-pesquera","16":"first","17":"instock","18":"taxable","19":"shipping-taxable","20":"product-type-simple"},"_links":{"self":[{"href":"https:\/\/mitmaq.com\/staging\/wp-json\/wp\/v2\/product\/6110","targetHints":{"allow":["GET"]}}],"collection":[{"href":"https:\/\/mitmaq.com\/staging\/wp-json\/wp\/v2\/product"}],"about":[{"href":"https:\/\/mitmaq.com\/staging\/wp-json\/wp\/v2\/types\/product"}],"replies":[{"embeddable":true,"href":"https:\/\/mitmaq.com\/staging\/wp-json\/wp\/v2\/comments?post=6110"}],"version-history":[{"count":0,"href":"https:\/\/mitmaq.com\/staging\/wp-json\/wp\/v2\/product\/6110\/revisions"}],"wp:featuredmedia":[{"embeddable":true,"href":"https:\/\/mitmaq.com\/staging\/wp-json\/wp\/v2\/media\/7597"}],"wp:attachment":[{"href":"https:\/\/mitmaq.com\/staging\/wp-json\/wp\/v2\/media?parent=6110"}],"wp:term":[{"taxonomy":"product_brand","embeddable":true,"href":"https:\/\/mitmaq.com\/staging\/wp-json\/wp\/v2\/product_brand?post=6110"},{"taxonomy":"product_cat","embeddable":true,"href":"https:\/\/mitmaq.com\/staging\/wp-json\/wp\/v2\/product_cat?post=6110"},{"taxonomy":"product_tag","embeddable":true,"href":"https:\/\/mitmaq.com\/staging\/wp-json\/wp\/v2\/product_tag?post=6110"}],"curies":[{"name":"wp","href":"https:\/\/api.w.org\/{rel}","templated":true}]}}