{"id":6089,"date":"2021-10-01T12:01:24","date_gmt":"2021-10-01T15:01:24","guid":{"rendered":"https:\/\/mitmaq.com\/product\/feteadora-divider-orbital-400\/"},"modified":"2023-12-19T15:17:26","modified_gmt":"2023-12-19T18:17:26","slug":"feteadora-divider-orbital-400","status":"publish","type":"product","link":"https:\/\/mitmaq.com\/staging\/product\/feteadora-divider-orbital-400\/","title":{"rendered":"Feteadora Divider Orbital 400+"},"content":{"rendered":"\t\t<div data-elementor-type=\"wp-post\" data-elementor-id=\"6089\" class=\"elementor elementor-6089\">\n\t\t\t\t\t\t<section class=\"elementor-section elementor-top-section elementor-element elementor-element-2e557439 elementor-section-boxed elementor-section-height-default elementor-section-height-default\" data-id=\"2e557439\" data-element_type=\"section\" data-e-type=\"section\">\n\t\t\t\t\t\t<div class=\"elementor-container elementor-column-gap-default\">\n\t\t\t\t\t<div class=\"elementor-column elementor-col-100 elementor-top-column elementor-element elementor-element-62c5c33b\" data-id=\"62c5c33b\" data-element_type=\"column\" data-e-type=\"column\">\n\t\t\t<div class=\"elementor-widget-wrap elementor-element-populated\">\n\t\t\t\t\t\t<div class=\"elementor-element elementor-element-cac13c6 elementor-align-right elementor-widget elementor-widget-button\" data-id=\"cac13c6\" data-element_type=\"widget\" data-e-type=\"widget\" data-widget_type=\"button.default\">\n\t\t\t\t<div class=\"elementor-widget-container\">\n\t\t\t\t\t\t\t\t\t<div class=\"elementor-button-wrapper\">\n\t\t\t\t\t<a class=\"elementor-button elementor-button-link elementor-size-sm\" href=\"https:\/\/mitmaq.com\/wp-content\/uploads\/2021\/10\/Divider-orbital-400.pdf\" target=\"_blank\">\n\t\t\t\t\t\t<span class=\"elementor-button-content-wrapper\">\n\t\t\t\t\t\t\t\t\t<span class=\"elementor-button-text\">Descargar Ficha T\u00e9cnica<\/span>\n\t\t\t\t\t<\/span>\n\t\t\t\t\t<\/a>\n\t\t\t\t<\/div>\n\t\t\t\t\t\t\t\t<\/div>\n\t\t\t\t<\/div>\n\t\t\t\t<div class=\"elementor-element elementor-element-3609ea55 elementor-widget elementor-widget-text-editor\" data-id=\"3609ea55\" data-element_type=\"widget\" data-e-type=\"widget\" data-widget_type=\"text-editor.default\">\n\t\t\t\t<div class=\"elementor-widget-container\">\n\t\t\t\t\t\t\t\t\t<ul><li>Feteado de carnes, fiambres y queso.<\/li><li>Para producciones peque\u00f1as, pero con la performance de un equipo de alto rendimiento.<\/li><li>Dimensiones acotadas del equipo para salas de feteado reducidas.<\/li><\/ul><p><strong>Rentabilidad<\/strong><br \/>M\u00e1s tiempo y menos costos de energ\u00eda gracias al corte del producto a mayores temperaturas.<br \/>Estructura compacta.<br \/>Prolongaci\u00f3n de cinta como uni\u00f3n a la m\u00e1quina de embalaje con inclinaci\u00f3n de cinta regulable (opcional); colocadora smart (opcional).<\/p><p><strong>Higiene y manipulaci\u00f3n<\/strong><br \/>Dise\u00f1o higi\u00e9nico premium.<br \/>Modelo abierto y acceso sencillo al \u00e1rea de corte.<br \/>Sin cambio de cuchillas elevado.<\/p><p>Para m\u00e1s informaci\u00f3n, te invitamos a visitar el sitio web de Treif:\u00a0<span style=\"border-bottom: 2px solid #96D045;\"><a href=\"http:\/\/www.treif.de\/es\/\" target=\"_blank\" rel=\"noopener\">www.treif.de\/es\/<\/a><\/span><\/p>\t\t\t\t\t\t\t\t<\/div>\n\t\t\t\t<\/div>\n\t\t\t\t\t<\/div>\n\t\t<\/div>\n\t\t\t\t\t<\/div>\n\t\t<\/section>\n\t\t\t\t<section class=\"elementor-section elementor-top-section elementor-element elementor-element-801ad4d elementor-section-boxed elementor-section-height-default elementor-section-height-default\" data-id=\"801ad4d\" data-element_type=\"section\" data-e-type=\"section\">\n\t\t\t\t\t\t<div class=\"elementor-container elementor-column-gap-default\">\n\t\t\t\t\t<div class=\"elementor-column elementor-col-100 elementor-top-column elementor-element elementor-element-0ff3a5c\" data-id=\"0ff3a5c\" data-element_type=\"column\" data-e-type=\"column\">\n\t\t\t<div class=\"elementor-widget-wrap elementor-element-populated\">\n\t\t\t\t\t\t<div class=\"elementor-element elementor-element-d0c429e elementor-widget elementor-widget-video\" data-id=\"d0c429e\" data-element_type=\"widget\" data-e-type=\"widget\" data-settings=\"{&quot;youtube_url&quot;:&quot;https:\\\/\\\/youtu.be\\\/N-93rt5jKao&quot;,&quot;video_type&quot;:&quot;youtube&quot;,&quot;controls&quot;:&quot;yes&quot;}\" data-widget_type=\"video.default\">\n\t\t\t\t<div class=\"elementor-widget-container\">\n\t\t\t\t\t\t\t<div class=\"elementor-wrapper elementor-open-inline\">\n\t\t\t<div class=\"elementor-video\"><\/div>\t\t<\/div>\n\t\t\t\t\t\t<\/div>\n\t\t\t\t<\/div>\n\t\t\t\t\t<\/div>\n\t\t<\/div>\n\t\t\t\t\t<\/div>\n\t\t<\/section>\n\t\t\t\t<\/div>\n\t\t","protected":false},"excerpt":{"rendered":"<p>Potencia y t\u00e9cnica de corte.<br \/>\nFetear a nivel <strong>premium<\/strong> sin reequipamiento al cambiar el producto.<\/p>\n<p>Producto disponible en:<br \/>\n<a href=\"https:\/\/mitmaq.com\/wp-content\/uploads\/2021\/09\/Argentina.png\"><img decoding=\"async\" class=\"alignnone wp-image-5937\" src=\"https:\/\/mitmaq.com\/wp-content\/uploads\/2021\/09\/Argentina.png\" alt=\"Argentina\" width=\"30\" height=\"30\" srcset=\"https:\/\/mitmaq.com\/staging\/wp-content\/uploads\/2021\/09\/Argentina.png 100w, https:\/\/mitmaq.com\/staging\/wp-content\/uploads\/2021\/09\/Argentina-1x1.png 1w, https:\/\/mitmaq.com\/staging\/wp-content\/uploads\/2021\/09\/Argentina-10x10.png 10w\" sizes=\"(max-width: 30px) 100vw, 30px\" \/>\u00a0<\/a><a href=\"https:\/\/mitmaq.com\/wp-content\/uploads\/2021\/09\/Bolivia.png\"><img decoding=\"async\" class=\"alignnone wp-image-5938\" src=\"https:\/\/mitmaq.com\/wp-content\/uploads\/2021\/09\/Bolivia.png\" alt=\"Bolivia\" width=\"30\" height=\"30\" srcset=\"https:\/\/mitmaq.com\/staging\/wp-content\/uploads\/2021\/09\/Bolivia.png 100w, https:\/\/mitmaq.com\/staging\/wp-content\/uploads\/2021\/09\/Bolivia-1x1.png 1w, https:\/\/mitmaq.com\/staging\/wp-content\/uploads\/2021\/09\/Bolivia-10x10.png 10w\" sizes=\"(max-width: 30px) 100vw, 30px\" \/><\/a><a class=\"hoverZoomLink\" href=\"https:\/\/mitmaq.com\/wp-content\/uploads\/2021\/09\/Argentina.png\">\u00a0<\/a><a href=\"https:\/\/mitmaq.com\/wp-content\/uploads\/2021\/12\/Paraguay-No.png\"><img decoding=\"async\" class=\"alignnone wp-image-10024\" src=\"https:\/\/mitmaq.com\/wp-content\/uploads\/2021\/12\/Paraguay-No.png\" alt=\"Paraguay\" width=\"30\" height=\"30\" srcset=\"https:\/\/mitmaq.com\/staging\/wp-content\/uploads\/2021\/12\/Paraguay-No.png 100w, https:\/\/mitmaq.com\/staging\/wp-content\/uploads\/2021\/12\/Paraguay-No-1x1.png 1w, https:\/\/mitmaq.com\/staging\/wp-content\/uploads\/2021\/12\/Paraguay-No-10x10.png 10w\" sizes=\"(max-width: 30px) 100vw, 30px\" \/><\/a><a class=\"hoverZoomLink\" href=\"https:\/\/mitmaq.com\/wp-content\/uploads\/2021\/09\/Argentina.png\">\u00a0<\/a><a href=\"https:\/\/mitmaq.com\/wp-content\/uploads\/2021\/12\/Uruguay-No.png\"><img loading=\"lazy\" decoding=\"async\" class=\"alignnone wp-image-10025\" src=\"https:\/\/mitmaq.com\/wp-content\/uploads\/2021\/12\/Uruguay-No.png\" alt=\"Uruguay\" width=\"30\" height=\"30\" srcset=\"https:\/\/mitmaq.com\/staging\/wp-content\/uploads\/2021\/12\/Uruguay-No.png 100w, https:\/\/mitmaq.com\/staging\/wp-content\/uploads\/2021\/12\/Uruguay-No-1x1.png 1w, https:\/\/mitmaq.com\/staging\/wp-content\/uploads\/2021\/12\/Uruguay-No-10x10.png 10w\" sizes=\"(max-width: 30px) 100vw, 30px\" \/><\/a><\/p>\n","protected":false},"featured_media":7782,"comment_status":"open","ping_status":"closed","template":"","meta":[],"product_brand":[],"product_cat":[15,68],"product_tag":[141,131],"class_list":{"0":"post-6089","1":"product","2":"type-product","3":"status-publish","4":"has-post-thumbnail","6":"product_cat-carnica","7":"product_cat-maquinas-posventa","8":"product_tag-feteado","9":"product_tag-ind-carnica","11":"first","12":"instock","13":"taxable","14":"shipping-taxable","15":"product-type-simple"},"_links":{"self":[{"href":"https:\/\/mitmaq.com\/staging\/wp-json\/wp\/v2\/product\/6089","targetHints":{"allow":["GET"]}}],"collection":[{"href":"https:\/\/mitmaq.com\/staging\/wp-json\/wp\/v2\/product"}],"about":[{"href":"https:\/\/mitmaq.com\/staging\/wp-json\/wp\/v2\/types\/product"}],"replies":[{"embeddable":true,"href":"https:\/\/mitmaq.com\/staging\/wp-json\/wp\/v2\/comments?post=6089"}],"version-history":[{"count":6,"href":"https:\/\/mitmaq.com\/staging\/wp-json\/wp\/v2\/product\/6089\/revisions"}],"predecessor-version":[{"id":11929,"href":"https:\/\/mitmaq.com\/staging\/wp-json\/wp\/v2\/product\/6089\/revisions\/11929"}],"wp:featuredmedia":[{"embeddable":true,"href":"https:\/\/mitmaq.com\/staging\/wp-json\/wp\/v2\/media\/7782"}],"wp:attachment":[{"href":"https:\/\/mitmaq.com\/staging\/wp-json\/wp\/v2\/media?parent=6089"}],"wp:term":[{"taxonomy":"product_brand","embeddable":true,"href":"https:\/\/mitmaq.com\/staging\/wp-json\/wp\/v2\/product_brand?post=6089"},{"taxonomy":"product_cat","embeddable":true,"href":"https:\/\/mitmaq.com\/staging\/wp-json\/wp\/v2\/product_cat?post=6089"},{"taxonomy":"product_tag","embeddable":true,"href":"https:\/\/mitmaq.com\/staging\/wp-json\/wp\/v2\/product_tag?post=6089"}],"curies":[{"name":"wp","href":"https:\/\/api.w.org\/{rel}","templated":true}]}}