{"id":6083,"date":"2021-10-01T12:01:23","date_gmt":"2021-10-01T15:01:23","guid":{"rendered":"https:\/\/mitmaq.com\/product\/porcionadora-lion\/"},"modified":"2023-12-19T15:16:25","modified_gmt":"2023-12-19T18:16:25","slug":"porcionadora-lion","status":"publish","type":"product","link":"https:\/\/mitmaq.com\/staging\/product\/porcionadora-lion\/","title":{"rendered":"Porcionadora Lion"},"content":{"rendered":"\t\t<div data-elementor-type=\"wp-post\" data-elementor-id=\"6083\" class=\"elementor elementor-6083\">\n\t\t\t\t\t\t<section class=\"elementor-section elementor-top-section elementor-element elementor-element-3b0ebb1e elementor-section-boxed elementor-section-height-default elementor-section-height-default\" data-id=\"3b0ebb1e\" data-element_type=\"section\" data-e-type=\"section\">\n\t\t\t\t\t\t<div class=\"elementor-container elementor-column-gap-default\">\n\t\t\t\t\t<div class=\"elementor-column elementor-col-100 elementor-top-column elementor-element elementor-element-5dff0ad3\" data-id=\"5dff0ad3\" data-element_type=\"column\" data-e-type=\"column\">\n\t\t\t<div class=\"elementor-widget-wrap elementor-element-populated\">\n\t\t\t\t\t\t<div class=\"elementor-element elementor-element-126a486 elementor-align-right elementor-widget elementor-widget-button\" data-id=\"126a486\" data-element_type=\"widget\" data-e-type=\"widget\" data-widget_type=\"button.default\">\n\t\t\t\t<div class=\"elementor-widget-container\">\n\t\t\t\t\t\t\t\t\t<div class=\"elementor-button-wrapper\">\n\t\t\t\t\t<a class=\"elementor-button elementor-button-link elementor-size-sm\" href=\"https:\/\/mitmaq.com\/wp-content\/uploads\/2022\/06\/Treif-Brochure.pdf\" target=\"_blank\">\n\t\t\t\t\t\t<span class=\"elementor-button-content-wrapper\">\n\t\t\t\t\t\t\t\t\t<span class=\"elementor-button-text\">Descargar Folleto (EN)<\/span>\n\t\t\t\t\t<\/span>\n\t\t\t\t\t<\/a>\n\t\t\t\t<\/div>\n\t\t\t\t\t\t\t\t<\/div>\n\t\t\t\t<\/div>\n\t\t\t\t<div class=\"elementor-element elementor-element-3df49fcc elementor-widget elementor-widget-text-editor\" data-id=\"3df49fcc\" data-element_type=\"widget\" data-e-type=\"widget\" data-widget_type=\"text-editor.default\">\n\t\t\t\t<div class=\"elementor-widget-container\">\n\t\t\t\t\t\t\t\t\t<p>Porcionado de carne con o sin hueso. <br \/>Espesor variable de 0,5 a 35 mm.<br \/>Se recomienda el uso de temperatura superficial a -2\u00b0C.<br \/>C\u00e1mara de mayores dimensiones para colocar piezas c\u00e1rnicas m\u00e1s grandes.<\/p>\t\t\t\t\t\t\t\t<\/div>\n\t\t\t\t<\/div>\n\t\t\t\t<div class=\"elementor-element elementor-element-77c45f9 elementor-widget elementor-widget-video\" data-id=\"77c45f9\" data-element_type=\"widget\" data-e-type=\"widget\" data-settings=\"{&quot;youtube_url&quot;:&quot;https:\\\/\\\/youtu.be\\\/UR01YhuLMwo&quot;,&quot;video_type&quot;:&quot;youtube&quot;,&quot;controls&quot;:&quot;yes&quot;}\" data-widget_type=\"video.default\">\n\t\t\t\t<div class=\"elementor-widget-container\">\n\t\t\t\t\t\t\t<div class=\"elementor-wrapper elementor-open-inline\">\n\t\t\t<div class=\"elementor-video\"><\/div>\t\t<\/div>\n\t\t\t\t\t\t<\/div>\n\t\t\t\t<\/div>\n\t\t\t\t<div class=\"elementor-element elementor-element-9df2484 elementor-widget elementor-widget-text-editor\" data-id=\"9df2484\" data-element_type=\"widget\" data-e-type=\"widget\" data-widget_type=\"text-editor.default\">\n\t\t\t\t<div class=\"elementor-widget-container\">\n\t\t\t\t\t\t\t\t\t<p>La rebanadora y porcionadora LION ofrece, con sus 400 cortes al minuto (con cuchilla doble) y una c\u00e1mara grande de 350 x 240 mm (ancho x alto), un gran rendimiento y espacio para numerosas aplicaciones de corte. Completa el programa de porcionadoras y rebanadoras con una variante de m\u00e1quina m\u00e1s grande pensada para los clientes de supermercados e industria.<\/p><p>Para m\u00e1s informaci\u00f3n, te invitamos a visitar el sitio web de Treif:\u00a0<span style=\"border-bottom: 2px solid #96D045;\"><a style=\"background-color: #ffffff;\" href=\"http:\/\/www.treif.de\/es\/\" target=\"_blank\" rel=\"noopener\">www.treif.de\/es\/<\/a><\/span><\/p>\t\t\t\t\t\t\t\t<\/div>\n\t\t\t\t<\/div>\n\t\t\t\t\t<\/div>\n\t\t<\/div>\n\t\t\t\t\t<\/div>\n\t\t<\/section>\n\t\t\t\t<\/div>\n\t\t","protected":false},"excerpt":{"rendered":"<p>La transformaci\u00f3n perfecta de energ\u00eda en rendimiento.<\/p>\n<p>Producto disponible en:<br \/>\n<a href=\"https:\/\/mitmaq.com\/wp-content\/uploads\/2021\/09\/Argentina.png\"><img decoding=\"async\" class=\"alignnone wp-image-5937\" src=\"https:\/\/mitmaq.com\/wp-content\/uploads\/2021\/09\/Argentina.png\" alt=\"Argentina\" width=\"30\" height=\"30\" srcset=\"https:\/\/mitmaq.com\/staging\/wp-content\/uploads\/2021\/09\/Argentina.png 100w, https:\/\/mitmaq.com\/staging\/wp-content\/uploads\/2021\/09\/Argentina-1x1.png 1w, https:\/\/mitmaq.com\/staging\/wp-content\/uploads\/2021\/09\/Argentina-10x10.png 10w\" sizes=\"(max-width: 30px) 100vw, 30px\" \/>\u00a0<\/a><a href=\"https:\/\/mitmaq.com\/wp-content\/uploads\/2021\/09\/Bolivia.png\"><img decoding=\"async\" class=\"alignnone wp-image-5938\" src=\"https:\/\/mitmaq.com\/wp-content\/uploads\/2021\/09\/Bolivia.png\" alt=\"Bolivia\" width=\"30\" height=\"30\" srcset=\"https:\/\/mitmaq.com\/staging\/wp-content\/uploads\/2021\/09\/Bolivia.png 100w, https:\/\/mitmaq.com\/staging\/wp-content\/uploads\/2021\/09\/Bolivia-1x1.png 1w, https:\/\/mitmaq.com\/staging\/wp-content\/uploads\/2021\/09\/Bolivia-10x10.png 10w\" sizes=\"(max-width: 30px) 100vw, 30px\" \/><\/a><a class=\"hoverZoomLink\" href=\"https:\/\/mitmaq.com\/wp-content\/uploads\/2021\/09\/Argentina.png\">\u00a0<\/a><a href=\"https:\/\/mitmaq.com\/wp-content\/uploads\/2021\/12\/Paraguay-No.png\"><img decoding=\"async\" class=\"alignnone wp-image-10024\" src=\"https:\/\/mitmaq.com\/wp-content\/uploads\/2021\/12\/Paraguay-No.png\" alt=\"Paraguay\" width=\"30\" height=\"30\" srcset=\"https:\/\/mitmaq.com\/staging\/wp-content\/uploads\/2021\/12\/Paraguay-No.png 100w, https:\/\/mitmaq.com\/staging\/wp-content\/uploads\/2021\/12\/Paraguay-No-1x1.png 1w, https:\/\/mitmaq.com\/staging\/wp-content\/uploads\/2021\/12\/Paraguay-No-10x10.png 10w\" sizes=\"(max-width: 30px) 100vw, 30px\" \/><\/a><a class=\"hoverZoomLink\" href=\"https:\/\/mitmaq.com\/wp-content\/uploads\/2021\/09\/Argentina.png\">\u00a0<\/a><a href=\"https:\/\/mitmaq.com\/wp-content\/uploads\/2021\/12\/Uruguay-No.png\"><img loading=\"lazy\" decoding=\"async\" class=\"alignnone wp-image-10025\" src=\"https:\/\/mitmaq.com\/wp-content\/uploads\/2021\/12\/Uruguay-No.png\" alt=\"Uruguay\" width=\"30\" height=\"30\" srcset=\"https:\/\/mitmaq.com\/staging\/wp-content\/uploads\/2021\/12\/Uruguay-No.png 100w, https:\/\/mitmaq.com\/staging\/wp-content\/uploads\/2021\/12\/Uruguay-No-1x1.png 1w, https:\/\/mitmaq.com\/staging\/wp-content\/uploads\/2021\/12\/Uruguay-No-10x10.png 10w\" sizes=\"(max-width: 30px) 100vw, 30px\" \/><\/a><\/p>\n","protected":false},"featured_media":7830,"comment_status":"open","ping_status":"closed","template":"","meta":[],"product_brand":[],"product_cat":[15,68],"product_tag":[131,148],"class_list":{"0":"post-6083","1":"product","2":"type-product","3":"status-publish","4":"has-post-thumbnail","6":"product_cat-carnica","7":"product_cat-maquinas-posventa","8":"product_tag-ind-carnica","9":"product_tag-sistema-de-corte","11":"first","12":"instock","13":"taxable","14":"shipping-taxable","15":"product-type-simple"},"_links":{"self":[{"href":"https:\/\/mitmaq.com\/staging\/wp-json\/wp\/v2\/product\/6083","targetHints":{"allow":["GET"]}}],"collection":[{"href":"https:\/\/mitmaq.com\/staging\/wp-json\/wp\/v2\/product"}],"about":[{"href":"https:\/\/mitmaq.com\/staging\/wp-json\/wp\/v2\/types\/product"}],"replies":[{"embeddable":true,"href":"https:\/\/mitmaq.com\/staging\/wp-json\/wp\/v2\/comments?post=6083"}],"version-history":[{"count":9,"href":"https:\/\/mitmaq.com\/staging\/wp-json\/wp\/v2\/product\/6083\/revisions"}],"predecessor-version":[{"id":11926,"href":"https:\/\/mitmaq.com\/staging\/wp-json\/wp\/v2\/product\/6083\/revisions\/11926"}],"wp:featuredmedia":[{"embeddable":true,"href":"https:\/\/mitmaq.com\/staging\/wp-json\/wp\/v2\/media\/7830"}],"wp:attachment":[{"href":"https:\/\/mitmaq.com\/staging\/wp-json\/wp\/v2\/media?parent=6083"}],"wp:term":[{"taxonomy":"product_brand","embeddable":true,"href":"https:\/\/mitmaq.com\/staging\/wp-json\/wp\/v2\/product_brand?post=6083"},{"taxonomy":"product_cat","embeddable":true,"href":"https:\/\/mitmaq.com\/staging\/wp-json\/wp\/v2\/product_cat?post=6083"},{"taxonomy":"product_tag","embeddable":true,"href":"https:\/\/mitmaq.com\/staging\/wp-json\/wp\/v2\/product_tag?post=6083"}],"curies":[{"name":"wp","href":"https:\/\/api.w.org\/{rel}","templated":true}]}}