{"id":6079,"date":"2021-10-01T12:01:22","date_gmt":"2021-10-01T15:01:22","guid":{"rendered":"https:\/\/mitmaq.com\/product\/peladora-de-salchichas-semi-automatica-dk02\/"},"modified":"2024-07-25T16:15:22","modified_gmt":"2024-07-25T19:15:22","slug":"peladora-de-salchichas-semi-automatica-dk02","status":"publish","type":"product","link":"https:\/\/mitmaq.com\/staging\/product\/peladora-de-salchichas-semi-automatica-dk02\/","title":{"rendered":"Peladora de salchichas semi-autom\u00e1tica DK02"},"content":{"rendered":"\t\t<div data-elementor-type=\"wp-post\" data-elementor-id=\"6079\" class=\"elementor elementor-6079\">\n\t\t\t\t\t\t<section class=\"elementor-section elementor-top-section elementor-element elementor-element-32d0cc20 elementor-section-boxed elementor-section-height-default elementor-section-height-default\" data-id=\"32d0cc20\" data-element_type=\"section\" data-e-type=\"section\">\n\t\t\t\t\t\t<div class=\"elementor-container elementor-column-gap-default\">\n\t\t\t\t\t<div class=\"elementor-column elementor-col-100 elementor-top-column elementor-element elementor-element-749c0307\" data-id=\"749c0307\" data-element_type=\"column\" data-e-type=\"column\">\n\t\t\t<div class=\"elementor-widget-wrap elementor-element-populated\">\n\t\t\t\t\t\t<div class=\"elementor-element elementor-element-398ad075 elementor-widget elementor-widget-text-editor\" data-id=\"398ad075\" data-element_type=\"widget\" data-e-type=\"widget\" data-widget_type=\"text-editor.default\">\n\t\t\t\t<div class=\"elementor-widget-container\">\n\t\t\t\t\t\t\t\t\t<ul>\n \t<li>Material fabricado en pl\u00e1stico de alta calidad.<\/li>\n \t<li>Piezas peque\u00f1as de acero inoxidable, placa gu\u00eda de acero inoxidable<\/li>\n \t<li>F\u00e1cil limpieza<\/li>\n \t<li>F\u00e1cil de usar<\/li>\n \t<li>Forma de trabajar r\u00e1pida y racional<\/li>\n \t<li>Adecuado para cal.16- cal.34 debido a la hoja m\u00f3vil<\/li>\n \t<li>Producci\u00f3n aprox.2000 salchichas por hora<\/li>\n \t<li>Se requiere conexi\u00f3n de aire comprimido de 5 bar, as\u00ed como aspiradora en seco y h\u00famedo con 1000-1200W con tubo de aspiraci\u00f3n D = 32 o 34,06 mm<\/li>\n<\/ul>\nPara m\u00e1s informaci\u00f3n, te invitamos a visitar el sitio web de Schalomat:\u00a0<span style=\"border-bottom: 2px solid #96D045;\"><a href=\"https:\/\/www.schaelomat.de\/\" target=\"_blank\" rel=\"noopener\">www.schaelomat.de<\/a><\/span>\t\t\t\t\t\t\t\t<\/div>\n\t\t\t\t<\/div>\n\t\t\t\t\t<\/div>\n\t\t<\/div>\n\t\t\t\t\t<\/div>\n\t\t<\/section>\n\t\t\t\t<section class=\"elementor-section elementor-top-section elementor-element elementor-element-5cb695f elementor-section-boxed elementor-section-height-default elementor-section-height-default\" data-id=\"5cb695f\" data-element_type=\"section\" data-e-type=\"section\">\n\t\t\t\t\t\t<div class=\"elementor-container elementor-column-gap-default\">\n\t\t\t\t\t<div class=\"elementor-column elementor-col-100 elementor-top-column elementor-element elementor-element-0baaeb4\" data-id=\"0baaeb4\" data-element_type=\"column\" data-e-type=\"column\">\n\t\t\t<div class=\"elementor-widget-wrap elementor-element-populated\">\n\t\t\t\t\t\t<div class=\"elementor-element elementor-element-c77e9d9 elementor-widget elementor-widget-video\" data-id=\"c77e9d9\" data-element_type=\"widget\" data-e-type=\"widget\" data-settings=\"{&quot;youtube_url&quot;:&quot;https:\\\/\\\/youtu.be\\\/z30pakJohpg&quot;,&quot;video_type&quot;:&quot;youtube&quot;,&quot;controls&quot;:&quot;yes&quot;}\" data-widget_type=\"video.default\">\n\t\t\t\t<div class=\"elementor-widget-container\">\n\t\t\t\t\t\t\t<div class=\"elementor-wrapper elementor-open-inline\">\n\t\t\t<div class=\"elementor-video\"><\/div>\t\t<\/div>\n\t\t\t\t\t\t<\/div>\n\t\t\t\t<\/div>\n\t\t\t\t\t<\/div>\n\t\t<\/div>\n\t\t\t\t\t<\/div>\n\t\t<\/section>\n\t\t\t\t<\/div>\n\t\t","protected":false},"excerpt":{"rendered":"<p>Calibre de 16 a 34.<\/p>\n<p>Requiere conexi\u00f3n de aire comprimido.<\/p>\n<p>Hasta 200kg\/h.<\/p>\n<p>Producto disponible en:<br \/>\n<a href=\"https:\/\/mitmaq.com\/wp-content\/uploads\/2021\/09\/Argentina.png\"><img decoding=\"async\" class=\"alignnone wp-image-5937\" src=\"https:\/\/mitmaq.com\/wp-content\/uploads\/2021\/09\/Argentina.png\" alt=\"Argentina\" width=\"30\" height=\"30\" srcset=\"https:\/\/mitmaq.com\/staging\/wp-content\/uploads\/2021\/09\/Argentina.png 100w, https:\/\/mitmaq.com\/staging\/wp-content\/uploads\/2021\/09\/Argentina-1x1.png 1w, https:\/\/mitmaq.com\/staging\/wp-content\/uploads\/2021\/09\/Argentina-10x10.png 10w\" sizes=\"(max-width: 30px) 100vw, 30px\" \/> <\/a><a href=\"https:\/\/mitmaq.com\/wp-content\/uploads\/2021\/09\/Bolivia.png\"><img decoding=\"async\" class=\"alignnone wp-image-5938\" src=\"https:\/\/mitmaq.com\/wp-content\/uploads\/2021\/09\/Bolivia.png\" alt=\"Bolivia\" width=\"30\" height=\"30\" srcset=\"https:\/\/mitmaq.com\/staging\/wp-content\/uploads\/2021\/09\/Bolivia.png 100w, https:\/\/mitmaq.com\/staging\/wp-content\/uploads\/2021\/09\/Bolivia-1x1.png 1w, https:\/\/mitmaq.com\/staging\/wp-content\/uploads\/2021\/09\/Bolivia-10x10.png 10w\" sizes=\"(max-width: 30px) 100vw, 30px\" \/> <\/a><a href=\"https:\/\/mitmaq.com\/wp-content\/uploads\/2021\/09\/Paraguay.png\"><img decoding=\"async\" class=\"alignnone wp-image-5939\" src=\"https:\/\/mitmaq.com\/wp-content\/uploads\/2021\/09\/Paraguay.png\" alt=\"Paraguay\" width=\"30\" height=\"30\" srcset=\"https:\/\/mitmaq.com\/staging\/wp-content\/uploads\/2021\/09\/Paraguay.png 100w, https:\/\/mitmaq.com\/staging\/wp-content\/uploads\/2021\/09\/Paraguay-1x1.png 1w, https:\/\/mitmaq.com\/staging\/wp-content\/uploads\/2021\/09\/Paraguay-10x10.png 10w\" sizes=\"(max-width: 30px) 100vw, 30px\" \/> <\/a><a href=\"https:\/\/mitmaq.com\/wp-content\/uploads\/2021\/09\/Uruguay.png\"><img loading=\"lazy\" decoding=\"async\" class=\"alignnone wp-image-5940\" src=\"https:\/\/mitmaq.com\/wp-content\/uploads\/2021\/09\/Uruguay.png\" alt=\"Uruguay\" width=\"30\" height=\"30\" srcset=\"https:\/\/mitmaq.com\/staging\/wp-content\/uploads\/2021\/09\/Uruguay.png 100w, https:\/\/mitmaq.com\/staging\/wp-content\/uploads\/2021\/09\/Uruguay-1x1.png 1w, https:\/\/mitmaq.com\/staging\/wp-content\/uploads\/2021\/09\/Uruguay-10x10.png 10w\" sizes=\"(max-width: 30px) 100vw, 30px\" \/><\/a><\/p>\n","protected":false},"featured_media":6262,"comment_status":"open","ping_status":"closed","template":"","meta":[],"product_brand":[],"product_cat":[68],"product_tag":[131,134,144],"class_list":{"0":"post-6079","1":"product","2":"type-product","3":"status-publish","4":"has-post-thumbnail","6":"product_cat-maquinas-posventa","7":"product_tag-ind-carnica","8":"product_tag-ind-frutihorticola","9":"product_tag-peladora","11":"first","12":"instock","13":"taxable","14":"shipping-taxable","15":"product-type-simple"},"_links":{"self":[{"href":"https:\/\/mitmaq.com\/staging\/wp-json\/wp\/v2\/product\/6079","targetHints":{"allow":["GET"]}}],"collection":[{"href":"https:\/\/mitmaq.com\/staging\/wp-json\/wp\/v2\/product"}],"about":[{"href":"https:\/\/mitmaq.com\/staging\/wp-json\/wp\/v2\/types\/product"}],"replies":[{"embeddable":true,"href":"https:\/\/mitmaq.com\/staging\/wp-json\/wp\/v2\/comments?post=6079"}],"version-history":[{"count":5,"href":"https:\/\/mitmaq.com\/staging\/wp-json\/wp\/v2\/product\/6079\/revisions"}],"predecessor-version":[{"id":11338,"href":"https:\/\/mitmaq.com\/staging\/wp-json\/wp\/v2\/product\/6079\/revisions\/11338"}],"wp:featuredmedia":[{"embeddable":true,"href":"https:\/\/mitmaq.com\/staging\/wp-json\/wp\/v2\/media\/6262"}],"wp:attachment":[{"href":"https:\/\/mitmaq.com\/staging\/wp-json\/wp\/v2\/media?parent=6079"}],"wp:term":[{"taxonomy":"product_brand","embeddable":true,"href":"https:\/\/mitmaq.com\/staging\/wp-json\/wp\/v2\/product_brand?post=6079"},{"taxonomy":"product_cat","embeddable":true,"href":"https:\/\/mitmaq.com\/staging\/wp-json\/wp\/v2\/product_cat?post=6079"},{"taxonomy":"product_tag","embeddable":true,"href":"https:\/\/mitmaq.com\/staging\/wp-json\/wp\/v2\/product_tag?post=6079"}],"curies":[{"name":"wp","href":"https:\/\/api.w.org\/{rel}","templated":true}]}}