{"id":6077,"date":"2021-10-01T12:01:22","date_gmt":"2021-10-01T15:01:22","guid":{"rendered":"https:\/\/mitmaq.com\/product\/camatix\/"},"modified":"2025-10-16T16:07:14","modified_gmt":"2025-10-16T19:07:14","slug":"camatix","status":"publish","type":"product","link":"https:\/\/mitmaq.com\/staging\/product\/camatix\/","title":{"rendered":"Camatix"},"content":{"rendered":"\t\t<div data-elementor-type=\"wp-post\" data-elementor-id=\"6077\" class=\"elementor elementor-6077\">\n\t\t\t\t\t\t<section class=\"elementor-section elementor-top-section elementor-element elementor-element-4adb83a5 elementor-section-boxed elementor-section-height-default elementor-section-height-default\" data-id=\"4adb83a5\" data-element_type=\"section\" data-e-type=\"section\">\n\t\t\t\t\t\t<div class=\"elementor-container elementor-column-gap-default\">\n\t\t\t\t\t<div class=\"elementor-column elementor-col-100 elementor-top-column elementor-element elementor-element-c3a45dd\" data-id=\"c3a45dd\" data-element_type=\"column\" data-e-type=\"column\">\n\t\t\t<div class=\"elementor-widget-wrap elementor-element-populated\">\n\t\t\t\t\t\t<div class=\"elementor-element elementor-element-4e983f57 elementor-widget elementor-widget-text-editor\" data-id=\"4e983f57\" data-element_type=\"widget\" data-e-type=\"widget\" data-widget_type=\"text-editor.default\">\n\t\t\t\t<div class=\"elementor-widget-container\">\n\t\t\t\t\t\t\t\t\t<p>Sistema de procesamiento t\u00e9rmico de inmersi\u00f3n total, totalmente continuo que combina:<\/p><p>Un sistema de manipulaci\u00f3n de productos de carrusel continuo con jaulas de carga y descarga automatizadas de varios niveles, lo que garantiza un rendimiento de alta capacidad en un espacio reducido.<br \/>Diferentes tanques sucesivos de procesamiento de agua con agitaci\u00f3n para: cocinar \/ pasteurizar y enfriar est\u00e1n configurados a medida para los productos envasados.<br \/>Sincronizado con m\u00faltiples m\u00e1quinas empacadoras, el sistema Camatix \u2122 trabaja continuamente a un ritmo constante de 2 a 5 toneladas por hora.<\/p><p>Los productos se organizan en la salida del Camatix \u2122 replicando la posici\u00f3n que ten\u00edan en la entrada.<\/p><p>El sistema Camatix \u2122 es ideal para productos de tratamiento t\u00e9rmico corto como productos av\u00edcolas, productos de prote\u00edna fina, componentes a base de huevo, pasteurizaci\u00f3n en el paquete.<\/p>\t\t\t\t\t\t\t\t<\/div>\n\t\t\t\t<\/div>\n\t\t\t\t<div class=\"elementor-element elementor-element-2fe33de elementor-widget elementor-widget-video\" data-id=\"2fe33de\" data-element_type=\"widget\" data-e-type=\"widget\" data-settings=\"{&quot;video_type&quot;:&quot;hosted&quot;,&quot;controls&quot;:&quot;yes&quot;}\" data-widget_type=\"video.default\">\n\t\t\t\t<div class=\"elementor-widget-container\">\n\t\t\t\t\t\t\t<div class=\"e-hosted-video elementor-wrapper elementor-open-inline\">\n\t\t\t\t\t<video class=\"elementor-video\" src=\"https:\/\/mitmaq.com\/wp-content\/uploads\/2022\/06\/Camatix-Armor-Inox.mp4\" controls=\"\" preload=\"metadata\" controlsList=\"nodownload\"><\/video>\n\t\t\t\t<\/div>\n\t\t\t\t\t\t<\/div>\n\t\t\t\t<\/div>\n\t\t\t\t<div class=\"elementor-element elementor-element-fcc47d5 acenter has-icon_size_animation elementor-widget-icon-box wgl-icon-box elementor-widget elementor-widget-wgl-button\" data-id=\"fcc47d5\" data-element_type=\"widget\" data-e-type=\"widget\" data-widget_type=\"wgl-button.default\">\n\t\t\t\t<div class=\"elementor-widget-container\">\n\t\t\t\t\t<a class=\"wgl-button btn-size-xl \" role=\"button\" href=\"https:\/\/mitmaq.com\/wp-content\/uploads\/2022\/06\/Camatix-Armor-Inox.pdf\"><div class=\"button__content align-icon-right\"><div class=\"media-wrapper icon-wrapper\"><span class=\"wgl-icon\" ><i class=\"icon elementor-icon flaticon flaticon-down-right-arrow\" aria-hidden=\"true\"><\/i><\/span><\/div><span class=\"button__text\">Descargar ficha t\u00e9cnica<\/span><\/div><\/a>\t\t\t\t<\/div>\n\t\t\t\t<\/div>\n\t\t\t\t<div class=\"elementor-element elementor-element-675086d elementor-widget elementor-widget-text-editor\" data-id=\"675086d\" data-element_type=\"widget\" data-e-type=\"widget\" data-widget_type=\"text-editor.default\">\n\t\t\t\t<div class=\"elementor-widget-container\">\n\t\t\t\t\t\t\t\t\t<p>Para m\u00e1s informaci\u00f3n, te invitamos a visitar el sitio web de Armor Inox:\u00a0<a href=\"https:\/\/www.armorinox.com\/en\/\" target=\"_blank\" rel=\"noopener\">www.armorinox.com<\/a><\/p>\t\t\t\t\t\t\t\t<\/div>\n\t\t\t\t<\/div>\n\t\t\t\t\t<\/div>\n\t\t<\/div>\n\t\t\t\t\t<\/div>\n\t\t<\/section>\n\t\t\t\t<\/div>\n\t\t","protected":false},"excerpt":{"rendered":"<p>Proceso de pasteurizaci\u00f3n posterior al envasado. Ideal para productos av\u00edcolas, a base de prote\u00edna, con huevo, l\u00e1cteos, salchichas.<\/p>\n<p><strong>Producto disponible en:<br \/>\n<a href=\"https:\/\/mitmaq.com\/wp-content\/uploads\/2021\/09\/Argentina.png\"><img decoding=\"async\" class=\"alignnone wp-image-5937\" src=\"https:\/\/mitmaq.com\/wp-content\/uploads\/2021\/09\/Argentina.png\" alt=\"Argentina\" width=\"30\" height=\"30\" srcset=\"https:\/\/mitmaq.com\/staging\/wp-content\/uploads\/2021\/09\/Argentina.png 100w, https:\/\/mitmaq.com\/staging\/wp-content\/uploads\/2021\/09\/Argentina-1x1.png 1w, https:\/\/mitmaq.com\/staging\/wp-content\/uploads\/2021\/09\/Argentina-10x10.png 10w\" sizes=\"(max-width: 30px) 100vw, 30px\" \/><\/a><\/strong><\/p>\n","protected":false},"featured_media":0,"comment_status":"open","ping_status":"closed","template":"","meta":[],"product_brand":[276],"product_cat":[15,68],"product_tag":[132,131,134,17,18,135,20,147],"class_list":{"0":"post-6077","1":"product","2":"type-product","3":"status-publish","5":"product_brand-armor-inox","6":"product_cat-carnica","7":"product_cat-maquinas-posventa","8":"product_tag-ind-avicola","9":"product_tag-ind-carnica","10":"product_tag-ind-frutihorticola","11":"product_tag-ind-gastronomica","12":"product_tag-ind-lactea","13":"product_tag-ind-panificados-y-dulces","14":"product_tag-ind-pesquera","15":"product_tag-proceso-termico","17":"first","18":"instock","19":"taxable","20":"shipping-taxable","21":"product-type-simple"},"_links":{"self":[{"href":"https:\/\/mitmaq.com\/staging\/wp-json\/wp\/v2\/product\/6077","targetHints":{"allow":["GET"]}}],"collection":[{"href":"https:\/\/mitmaq.com\/staging\/wp-json\/wp\/v2\/product"}],"about":[{"href":"https:\/\/mitmaq.com\/staging\/wp-json\/wp\/v2\/types\/product"}],"replies":[{"embeddable":true,"href":"https:\/\/mitmaq.com\/staging\/wp-json\/wp\/v2\/comments?post=6077"}],"version-history":[{"count":16,"href":"https:\/\/mitmaq.com\/staging\/wp-json\/wp\/v2\/product\/6077\/revisions"}],"predecessor-version":[{"id":13088,"href":"https:\/\/mitmaq.com\/staging\/wp-json\/wp\/v2\/product\/6077\/revisions\/13088"}],"wp:attachment":[{"href":"https:\/\/mitmaq.com\/staging\/wp-json\/wp\/v2\/media?parent=6077"}],"wp:term":[{"taxonomy":"product_brand","embeddable":true,"href":"https:\/\/mitmaq.com\/staging\/wp-json\/wp\/v2\/product_brand?post=6077"},{"taxonomy":"product_cat","embeddable":true,"href":"https:\/\/mitmaq.com\/staging\/wp-json\/wp\/v2\/product_cat?post=6077"},{"taxonomy":"product_tag","embeddable":true,"href":"https:\/\/mitmaq.com\/staging\/wp-json\/wp\/v2\/product_tag?post=6077"}],"curies":[{"name":"wp","href":"https:\/\/api.w.org\/{rel}","templated":true}]}}