{"id":6071,"date":"2021-10-01T12:01:20","date_gmt":"2021-10-01T15:01:20","guid":{"rendered":"https:\/\/mitmaq.com\/product\/sistema-de-coccion-ivario-pro-xl\/"},"modified":"2022-06-28T11:54:35","modified_gmt":"2022-06-28T14:54:35","slug":"sistema-de-coccion-ivario-pro-xl","status":"publish","type":"product","link":"https:\/\/mitmaq.com\/staging\/product\/sistema-de-coccion-ivario-pro-xl\/","title":{"rendered":"Sistema de Cocci\u00f3n iVario PRO XL"},"content":{"rendered":"\t\t<div data-elementor-type=\"wp-post\" data-elementor-id=\"6071\" class=\"elementor elementor-6071\">\n\t\t\t\t\t\t<section class=\"elementor-section elementor-top-section elementor-element elementor-element-2be80564 elementor-section-boxed elementor-section-height-default elementor-section-height-default\" data-id=\"2be80564\" data-element_type=\"section\" data-e-type=\"section\">\n\t\t\t\t\t\t<div class=\"elementor-container elementor-column-gap-default\">\n\t\t\t\t\t<div class=\"elementor-column elementor-col-100 elementor-top-column elementor-element elementor-element-2f943ec0\" data-id=\"2f943ec0\" data-element_type=\"column\" data-e-type=\"column\">\n\t\t\t<div class=\"elementor-widget-wrap elementor-element-populated\">\n\t\t\t\t\t\t<div class=\"elementor-element elementor-element-a75d655 elementor-align-right elementor-widget elementor-widget-button\" data-id=\"a75d655\" data-element_type=\"widget\" data-e-type=\"widget\" data-widget_type=\"button.default\">\n\t\t\t\t<div class=\"elementor-widget-container\">\n\t\t\t\t\t\t\t\t\t<div class=\"elementor-button-wrapper\">\n\t\t\t\t\t<a class=\"elementor-button elementor-button-link elementor-size-sm\" href=\"https:\/\/mitmaq.com\/wp-content\/uploads\/2021\/10\/iVario-Pro.pdf\" target=\"_blank\">\n\t\t\t\t\t\t<span class=\"elementor-button-content-wrapper\">\n\t\t\t\t\t\t\t\t\t<span class=\"elementor-button-text\">Descargar Ficha T\u00e9cnica<\/span>\n\t\t\t\t\t<\/span>\n\t\t\t\t\t<\/a>\n\t\t\t\t<\/div>\n\t\t\t\t\t\t\t\t<\/div>\n\t\t\t\t<\/div>\n\t\t\t\t<div class=\"elementor-element elementor-element-3aa94ff6 elementor-widget elementor-widget-text-editor\" data-id=\"3aa94ff6\" data-element_type=\"widget\" data-e-type=\"widget\" data-widget_type=\"text-editor.default\">\n\t\t\t\t<div class=\"elementor-widget-container\">\n\t\t\t\t\t\t\t\t\t<p>El nuevo est\u00e1ndar de rendimiento para la gastronom\u00eda industrial.<\/p><p>Parece un sart\u00e9n basculante, pero puede hacer much\u00edsimo m\u00e1s: Hervir, sellar, fre\u00edr y cocinar a presi\u00f3n &#8211; el iVario Pro sustituye pr\u00e1cticamente a todos los equipos de cocci\u00f3n tradicionales.\u00a0<\/p>\t\t\t\t\t\t\t\t<\/div>\n\t\t\t\t<\/div>\n\t\t\t\t\t<\/div>\n\t\t<\/div>\n\t\t\t\t\t<\/div>\n\t\t<\/section>\n\t\t\t\t<section class=\"elementor-section elementor-top-section elementor-element elementor-element-3d28872 elementor-section-boxed elementor-section-height-default elementor-section-height-default\" data-id=\"3d28872\" data-element_type=\"section\" data-e-type=\"section\">\n\t\t\t\t\t\t<div class=\"elementor-container elementor-column-gap-default\">\n\t\t\t\t\t<div class=\"elementor-column elementor-col-33 elementor-top-column elementor-element elementor-element-9ae389f\" data-id=\"9ae389f\" data-element_type=\"column\" data-e-type=\"column\">\n\t\t\t<div class=\"elementor-widget-wrap elementor-element-populated\">\n\t\t\t\t\t\t<div class=\"elementor-element elementor-element-11b7512 elementor-widget elementor-widget-image\" data-id=\"11b7512\" data-element_type=\"widget\" data-e-type=\"widget\" data-widget_type=\"image.default\">\n\t\t\t\t<div class=\"elementor-widget-container\">\n\t\t\t\t\t\t\t\t\t\t\t\t\t\t\t<img decoding=\"async\" width=\"100\" height=\"22\" src=\"https:\/\/mitmaq.com\/staging\/wp-content\/uploads\/2021\/10\/logo-ivarioboost.png\" class=\"attachment-full size-full wp-image-8095\" alt=\"\" srcset=\"https:\/\/mitmaq.com\/staging\/wp-content\/uploads\/2021\/10\/logo-ivarioboost.png 100w, https:\/\/mitmaq.com\/staging\/wp-content\/uploads\/2021\/10\/logo-ivarioboost-1x1.png 1w, https:\/\/mitmaq.com\/staging\/wp-content\/uploads\/2021\/10\/logo-ivarioboost-10x2.png 10w\" sizes=\"(max-width: 100px) 100vw, 100px\" \/>\t\t\t\t\t\t\t\t\t\t\t\t\t\t\t<\/div>\n\t\t\t\t<\/div>\n\t\t\t\t<div class=\"elementor-element elementor-element-896f663 elementor-widget elementor-widget-text-editor\" data-id=\"896f663\" data-element_type=\"widget\" data-e-type=\"widget\" data-widget_type=\"text-editor.default\">\n\t\t\t\t<div class=\"elementor-widget-container\">\n\t\t\t\t\t\t\t\t\t<p>La combinaci\u00f3n de elementos de calentamiento de cer\u00e1mica y un fondo de la cuba de reacci\u00f3n r\u00e1pida y resistente a los rayones, para una mayor eficiencia, velocidad excepcional y distribuci\u00f3n uniforme del calor.<\/p>\t\t\t\t\t\t\t\t<\/div>\n\t\t\t\t<\/div>\n\t\t\t\t\t<\/div>\n\t\t<\/div>\n\t\t\t\t<div class=\"elementor-column elementor-col-33 elementor-top-column elementor-element elementor-element-64675b8\" data-id=\"64675b8\" data-element_type=\"column\" data-e-type=\"column\">\n\t\t\t<div class=\"elementor-widget-wrap elementor-element-populated\">\n\t\t\t\t\t\t<div class=\"elementor-element elementor-element-4d0d273 elementor-widget elementor-widget-image\" data-id=\"4d0d273\" data-element_type=\"widget\" data-e-type=\"widget\" data-widget_type=\"image.default\">\n\t\t\t\t<div class=\"elementor-widget-container\">\n\t\t\t\t\t\t\t\t\t\t\t\t\t\t\t<img decoding=\"async\" width=\"100\" height=\"22\" src=\"https:\/\/mitmaq.com\/staging\/wp-content\/uploads\/2021\/10\/logo-icookingsuite-l.png\" class=\"attachment-full size-full wp-image-8094\" alt=\"\" srcset=\"https:\/\/mitmaq.com\/staging\/wp-content\/uploads\/2021\/10\/logo-icookingsuite-l.png 100w, https:\/\/mitmaq.com\/staging\/wp-content\/uploads\/2021\/10\/logo-icookingsuite-l-1x1.png 1w, https:\/\/mitmaq.com\/staging\/wp-content\/uploads\/2021\/10\/logo-icookingsuite-l-10x2.png 10w\" sizes=\"(max-width: 100px) 100vw, 100px\" \/>\t\t\t\t\t\t\t\t\t\t\t\t\t\t\t<\/div>\n\t\t\t\t<\/div>\n\t\t\t\t<div class=\"elementor-element elementor-element-55b72a3 elementor-widget elementor-widget-text-editor\" data-id=\"55b72a3\" data-element_type=\"widget\" data-e-type=\"widget\" data-widget_type=\"text-editor.default\">\n\t\t\t\t<div class=\"elementor-widget-container\">\n\t\t\t\t\t\t\t\t\t<p>Su inteligencia culinaria ajusta la ruta de cocci\u00f3n individualmente a los alimentos, llevando todo al resultado de cocci\u00f3n deseado. Aprende de ti, se adapta a tus h\u00e1bitos de cocci\u00f3n y avisa cuando necesitas intervenir activamente. Nada se quema ni se rebalsa.<\/p>\t\t\t\t\t\t\t\t<\/div>\n\t\t\t\t<\/div>\n\t\t\t\t\t<\/div>\n\t\t<\/div>\n\t\t\t\t<div class=\"elementor-column elementor-col-33 elementor-top-column elementor-element elementor-element-2d7b2da\" data-id=\"2d7b2da\" data-element_type=\"column\" data-e-type=\"column\">\n\t\t\t<div class=\"elementor-widget-wrap elementor-element-populated\">\n\t\t\t\t\t\t<div class=\"elementor-element elementor-element-7382987 elementor-widget elementor-widget-image\" data-id=\"7382987\" data-element_type=\"widget\" data-e-type=\"widget\" data-widget_type=\"image.default\">\n\t\t\t\t<div class=\"elementor-widget-container\">\n\t\t\t\t\t\t\t\t\t\t\t\t\t\t\t<img decoding=\"async\" width=\"100\" height=\"22\" src=\"https:\/\/mitmaq.com\/staging\/wp-content\/uploads\/2021\/10\/logo-izonecontrol.png\" class=\"attachment-full size-full wp-image-8096\" alt=\"\" srcset=\"https:\/\/mitmaq.com\/staging\/wp-content\/uploads\/2021\/10\/logo-izonecontrol.png 100w, https:\/\/mitmaq.com\/staging\/wp-content\/uploads\/2021\/10\/logo-izonecontrol-1x1.png 1w, https:\/\/mitmaq.com\/staging\/wp-content\/uploads\/2021\/10\/logo-izonecontrol-10x2.png 10w\" sizes=\"(max-width: 100px) 100vw, 100px\" \/>\t\t\t\t\t\t\t\t\t\t\t\t\t\t\t<\/div>\n\t\t\t\t<\/div>\n\t\t\t\t<div class=\"elementor-element elementor-element-f383759 elementor-widget elementor-widget-text-editor\" data-id=\"f383759\" data-element_type=\"widget\" data-e-type=\"widget\" data-widget_type=\"text-editor.default\">\n\t\t\t\t<div class=\"elementor-widget-container\">\n\t\t\t\t\t\t\t\t\t<p>\u00a0Te permite dividir la iVario en hasta cuatro zonas, que se pueden dise\u00f1ar libremente en cuanto a su tama\u00f1o, posici\u00f3n y forma: Prepare platos iguales o diferentes en una misma cuba. En simult\u00e1neo o en distintos momentos, con la misma temperatura o a diferentes temperaturas.\u00a0<\/p>\t\t\t\t\t\t\t\t<\/div>\n\t\t\t\t<\/div>\n\t\t\t\t\t<\/div>\n\t\t<\/div>\n\t\t\t\t\t<\/div>\n\t\t<\/section>\n\t\t\t\t<section class=\"elementor-section elementor-top-section elementor-element elementor-element-a0ab8ea elementor-section-boxed elementor-section-height-default elementor-section-height-default\" data-id=\"a0ab8ea\" data-element_type=\"section\" data-e-type=\"section\">\n\t\t\t\t\t\t<div class=\"elementor-container elementor-column-gap-default\">\n\t\t\t\t\t<div class=\"elementor-column elementor-col-100 elementor-top-column elementor-element elementor-element-98b6d21\" data-id=\"98b6d21\" data-element_type=\"column\" data-e-type=\"column\">\n\t\t\t<div class=\"elementor-widget-wrap elementor-element-populated\">\n\t\t\t\t\t\t<div class=\"elementor-element elementor-element-1ad6a24 elementor-widget elementor-widget-text-editor\" data-id=\"1ad6a24\" data-element_type=\"widget\" data-e-type=\"widget\" data-widget_type=\"text-editor.default\">\n\t\t\t\t<div class=\"elementor-widget-container\">\n\t\t\t\t\t\t\t\t\t<p><strong>Ahorro de tiempo gracias a la cocci\u00f3n a presi\u00f3n<\/strong>: Cuando se requiere rapidez muy a menudo, se puede reducir el tiempo de cocci\u00f3n con la funci\u00f3n inteligente opcional de cocci\u00f3n a presi\u00f3n. Con el mecanismo de cierre interno de seguridad, los rag\u00fas, estofados, sopas, caldos y guisos se pueden <strong>terminar hasta un 35% m\u00e1s r\u00e1pido<\/strong>. Sin p\u00e9rdidas de calidad. Sin necesidad de supervisi\u00f3n. El sistema de calentamiento iVarioBoost aumenta la presi\u00f3n con s\u00f3lo pulsar un bot\u00f3n y la mantiene constante durante todo el proceso de cocci\u00f3n. Esto protege la estructura celular del alimento que se va a cocinar y, a la vez, <strong>se consiguen los mejores resultados en el menor tiempo posible<\/strong>.<\/p>\t\t\t\t\t\t\t\t<\/div>\n\t\t\t\t<\/div>\n\t\t\t\t<div class=\"elementor-element elementor-element-f5ca1ae elementor-widget elementor-widget-video\" data-id=\"f5ca1ae\" data-element_type=\"widget\" data-e-type=\"widget\" data-settings=\"{&quot;youtube_url&quot;:&quot;https:\\\/\\\/youtu.be\\\/Lo2JIiUe2II&quot;,&quot;video_type&quot;:&quot;youtube&quot;,&quot;controls&quot;:&quot;yes&quot;}\" data-widget_type=\"video.default\">\n\t\t\t\t<div class=\"elementor-widget-container\">\n\t\t\t\t\t\t\t<div class=\"elementor-wrapper elementor-open-inline\">\n\t\t\t<div class=\"elementor-video\"><\/div>\t\t<\/div>\n\t\t\t\t\t\t<\/div>\n\t\t\t\t<\/div>\n\t\t\t\t<div class=\"elementor-element elementor-element-8f16795 elementor-widget elementor-widget-text-editor\" data-id=\"8f16795\" data-element_type=\"widget\" data-e-type=\"widget\" data-widget_type=\"text-editor.default\">\n\t\t\t\t<div class=\"elementor-widget-container\">\n\t\t\t\t\t\t\t\t\tPara m\u00e1s informaci\u00f3n, visite el sitio web de Rational: <span style=\"border-bottom: 2px solid #96D045;\"><a href=\"http:\/\/www.rational-online.com\" target=\"_blank\" rel=\"noopener\">www.rational-online.com<\/a><\/span>\t\t\t\t\t\t\t\t<\/div>\n\t\t\t\t<\/div>\n\t\t\t\t\t<\/div>\n\t\t<\/div>\n\t\t\t\t\t<\/div>\n\t\t<\/section>\n\t\t\t\t<\/div>\n\t\t","protected":false},"excerpt":{"rendered":"<p>Sistema de cocina integral, para cocinar, sellar carnes y vegetales, hervir, fre\u00edr y cocinar a presi\u00f3n.<\/p>\n<p>Producto disponible en:<br \/>\n<a href=\"https:\/\/mitmaq.com\/wp-content\/uploads\/2021\/09\/Argentina.png\"><img loading=\"lazy\" decoding=\"async\" class=\"alignnone wp-image-5937\" src=\"https:\/\/mitmaq.com\/wp-content\/uploads\/2021\/09\/Argentina.png\" alt=\"Argentina\" width=\"30\" height=\"30\" srcset=\"https:\/\/mitmaq.com\/staging\/wp-content\/uploads\/2021\/09\/Argentina.png 100w, https:\/\/mitmaq.com\/staging\/wp-content\/uploads\/2021\/09\/Argentina-1x1.png 1w, https:\/\/mitmaq.com\/staging\/wp-content\/uploads\/2021\/09\/Argentina-10x10.png 10w\" sizes=\"(max-width: 30px) 100vw, 30px\" \/> <\/a> <a href=\"https:\/\/mitmaq.com\/wp-content\/uploads\/2021\/12\/Bolivia-No.png\"><img loading=\"lazy\" decoding=\"async\" class=\"alignnone wp-image-10023\" src=\"https:\/\/mitmaq.com\/wp-content\/uploads\/2021\/12\/Bolivia-No.png\" alt=\"Bolivia\" width=\"30\" height=\"30\" srcset=\"https:\/\/mitmaq.com\/staging\/wp-content\/uploads\/2021\/12\/Bolivia-No.png 100w, https:\/\/mitmaq.com\/staging\/wp-content\/uploads\/2021\/12\/Bolivia-No-1x1.png 1w, https:\/\/mitmaq.com\/staging\/wp-content\/uploads\/2021\/12\/Bolivia-No-10x10.png 10w\" sizes=\"(max-width: 30px) 100vw, 30px\" \/><\/a> <a href=\"https:\/\/mitmaq.com\/wp-content\/uploads\/2021\/12\/Paraguay-No.png\"><img loading=\"lazy\" decoding=\"async\" class=\"alignnone wp-image-10024\" src=\"https:\/\/mitmaq.com\/wp-content\/uploads\/2021\/12\/Paraguay-No.png\" alt=\"Paraguay\" width=\"30\" height=\"30\" srcset=\"https:\/\/mitmaq.com\/staging\/wp-content\/uploads\/2021\/12\/Paraguay-No.png 100w, https:\/\/mitmaq.com\/staging\/wp-content\/uploads\/2021\/12\/Paraguay-No-1x1.png 1w, https:\/\/mitmaq.com\/staging\/wp-content\/uploads\/2021\/12\/Paraguay-No-10x10.png 10w\" sizes=\"(max-width: 30px) 100vw, 30px\" \/><\/a> <a href=\"https:\/\/mitmaq.com\/wp-content\/uploads\/2021\/12\/Uruguay-No.png\"><img loading=\"lazy\" decoding=\"async\" class=\"alignnone wp-image-10025\" src=\"https:\/\/mitmaq.com\/wp-content\/uploads\/2021\/12\/Uruguay-No.png\" alt=\"Uruguay\" width=\"30\" height=\"30\" srcset=\"https:\/\/mitmaq.com\/staging\/wp-content\/uploads\/2021\/12\/Uruguay-No.png 100w, https:\/\/mitmaq.com\/staging\/wp-content\/uploads\/2021\/12\/Uruguay-No-1x1.png 1w, https:\/\/mitmaq.com\/staging\/wp-content\/uploads\/2021\/12\/Uruguay-No-10x10.png 10w\" sizes=\"(max-width: 30px) 100vw, 30px\" \/><\/a><\/p>\n","protected":false},"featured_media":8091,"comment_status":"open","ping_status":"closed","template":"","meta":[],"product_brand":[],"product_cat":[68],"product_tag":[17,147],"class_list":{"0":"post-6071","1":"product","2":"type-product","3":"status-publish","4":"has-post-thumbnail","6":"product_cat-maquinas-posventa","7":"product_tag-ind-gastronomica","8":"product_tag-proceso-termico","10":"first","11":"instock","12":"featured","13":"taxable","14":"shipping-taxable","15":"product-type-simple"},"_links":{"self":[{"href":"https:\/\/mitmaq.com\/staging\/wp-json\/wp\/v2\/product\/6071","targetHints":{"allow":["GET"]}}],"collection":[{"href":"https:\/\/mitmaq.com\/staging\/wp-json\/wp\/v2\/product"}],"about":[{"href":"https:\/\/mitmaq.com\/staging\/wp-json\/wp\/v2\/types\/product"}],"replies":[{"embeddable":true,"href":"https:\/\/mitmaq.com\/staging\/wp-json\/wp\/v2\/comments?post=6071"}],"version-history":[{"count":4,"href":"https:\/\/mitmaq.com\/staging\/wp-json\/wp\/v2\/product\/6071\/revisions"}],"predecessor-version":[{"id":11317,"href":"https:\/\/mitmaq.com\/staging\/wp-json\/wp\/v2\/product\/6071\/revisions\/11317"}],"wp:featuredmedia":[{"embeddable":true,"href":"https:\/\/mitmaq.com\/staging\/wp-json\/wp\/v2\/media\/8091"}],"wp:attachment":[{"href":"https:\/\/mitmaq.com\/staging\/wp-json\/wp\/v2\/media?parent=6071"}],"wp:term":[{"taxonomy":"product_brand","embeddable":true,"href":"https:\/\/mitmaq.com\/staging\/wp-json\/wp\/v2\/product_brand?post=6071"},{"taxonomy":"product_cat","embeddable":true,"href":"https:\/\/mitmaq.com\/staging\/wp-json\/wp\/v2\/product_cat?post=6071"},{"taxonomy":"product_tag","embeddable":true,"href":"https:\/\/mitmaq.com\/staging\/wp-json\/wp\/v2\/product_tag?post=6071"}],"curies":[{"name":"wp","href":"https:\/\/api.w.org\/{rel}","templated":true}]}}