{"id":6070,"date":"2021-10-01T12:01:20","date_gmt":"2021-10-01T15:01:20","guid":{"rendered":"https:\/\/mitmaq.com\/product\/horno-vaporizador-combinado-icombi-classic-20-2-1\/"},"modified":"2022-08-22T15:42:50","modified_gmt":"2022-08-22T18:42:50","slug":"horno-vaporizador-combinado-icombi-classic-20-2-1","status":"publish","type":"product","link":"https:\/\/mitmaq.com\/staging\/product\/horno-vaporizador-combinado-icombi-classic-20-2-1\/","title":{"rendered":"Horno iCombi Classic 20-2\/1 HeavyDutyLine"},"content":{"rendered":"\t\t<div data-elementor-type=\"wp-post\" data-elementor-id=\"6070\" class=\"elementor elementor-6070\">\n\t\t\t\t\t\t<section class=\"elementor-section elementor-top-section elementor-element elementor-element-ae56408 elementor-section-boxed elementor-section-height-default elementor-section-height-default\" data-id=\"ae56408\" data-element_type=\"section\" data-e-type=\"section\">\n\t\t\t\t\t\t<div class=\"elementor-container elementor-column-gap-default\">\n\t\t\t\t\t<div class=\"elementor-column elementor-col-100 elementor-top-column elementor-element elementor-element-5a564453\" data-id=\"5a564453\" data-element_type=\"column\" data-e-type=\"column\">\n\t\t\t<div class=\"elementor-widget-wrap elementor-element-populated\">\n\t\t\t\t\t\t<div class=\"elementor-element elementor-element-d843a42 elementor-align-right elementor-widget elementor-widget-button\" data-id=\"d843a42\" data-element_type=\"widget\" data-e-type=\"widget\" data-widget_type=\"button.default\">\n\t\t\t\t<div class=\"elementor-widget-container\">\n\t\t\t\t\t\t\t\t\t<div class=\"elementor-button-wrapper\">\n\t\t\t\t\t<a class=\"elementor-button elementor-button-link elementor-size-sm\" href=\"https:\/\/mitmaq.com\/wp-content\/uploads\/2022\/08\/Flyer-Fact-File-HeavyDutyLine-iCombi-Espanol-Espana_pdf-preview-150ppi-printsheet.pdf\" target=\"_blank\">\n\t\t\t\t\t\t<span class=\"elementor-button-content-wrapper\">\n\t\t\t\t\t\t\t\t\t<span class=\"elementor-button-text\">Descargar Ficha T\u00e9cnica<\/span>\n\t\t\t\t\t<\/span>\n\t\t\t\t\t<\/a>\n\t\t\t\t<\/div>\n\t\t\t\t\t\t\t\t<\/div>\n\t\t\t\t<\/div>\n\t\t\t\t<div class=\"elementor-element elementor-element-6a5a6be5 elementor-widget elementor-widget-text-editor\" data-id=\"6a5a6be5\" data-element_type=\"widget\" data-e-type=\"widget\" data-widget_type=\"text-editor.default\">\n\t\t\t\t<div class=\"elementor-widget-container\">\n\t\t\t\t\t\t\t\t\t<p>La l\u00ednea <strong>HeavyDutyLine<\/strong> de iCombi Pro e iCombi Classic <strong>fue desarrollada espec\u00edficamente para el manejo rudo<\/strong> que ocurre, por ejemplo, en cocinas con alto nivel de producci\u00f3n. Los sistemas de cocci\u00f3n est\u00e1n perfectamente equipados para soportar altas temperaturas, largos tiempos de funcionamiento, cargas pesadas y manejo rudo. En particular,<strong> la protecci\u00f3n mec\u00e1nica y los componentes f\u00e1cilmente reemplazables garantizan una larga vida \u00fatil<\/strong>.<\/p>\t\t\t\t\t\t\t\t<\/div>\n\t\t\t\t<\/div>\n\t\t\t\t\t<\/div>\n\t\t<\/div>\n\t\t\t\t\t<\/div>\n\t\t<\/section>\n\t\t\t\t<section class=\"elementor-section elementor-top-section elementor-element elementor-element-eff4c90 elementor-section-boxed elementor-section-height-default elementor-section-height-default\" data-id=\"eff4c90\" data-element_type=\"section\" data-e-type=\"section\">\n\t\t\t\t\t\t<div class=\"elementor-container elementor-column-gap-default\">\n\t\t\t\t\t<div class=\"elementor-column elementor-col-100 elementor-top-column elementor-element elementor-element-f753060\" data-id=\"f753060\" data-element_type=\"column\" data-e-type=\"column\">\n\t\t\t<div class=\"elementor-widget-wrap elementor-element-populated\">\n\t\t\t\t\t\t<div class=\"elementor-element elementor-element-874414c elementor-widget elementor-widget-text-editor\" data-id=\"874414c\" data-element_type=\"widget\" data-e-type=\"widget\" data-widget_type=\"text-editor.default\">\n\t\t\t\t<div class=\"elementor-widget-container\">\n\t\t\t\t\t\t\t\t\t<h1><b>Caracteristicas HeavyDutyLine<\/b><\/h1>\t\t\t\t\t\t\t\t<\/div>\n\t\t\t\t<\/div>\n\t\t\t\t\t<\/div>\n\t\t<\/div>\n\t\t\t\t\t<\/div>\n\t\t<\/section>\n\t\t\t\t<section class=\"elementor-section elementor-top-section elementor-element elementor-element-ec32570 elementor-section-boxed elementor-section-height-default elementor-section-height-default\" data-id=\"ec32570\" data-element_type=\"section\" data-e-type=\"section\">\n\t\t\t\t\t\t<div class=\"elementor-container elementor-column-gap-default\">\n\t\t\t\t\t<div class=\"elementor-column elementor-col-33 elementor-top-column elementor-element elementor-element-13689d6\" data-id=\"13689d6\" data-element_type=\"column\" data-e-type=\"column\">\n\t\t\t<div class=\"elementor-widget-wrap elementor-element-populated\">\n\t\t\t\t\t\t<div class=\"elementor-element elementor-element-1cfd928 elementor-widget elementor-widget-text-editor\" data-id=\"1cfd928\" data-element_type=\"widget\" data-e-type=\"widget\" data-widget_type=\"text-editor.default\">\n\t\t\t\t<div class=\"elementor-widget-container\">\n\t\t\t\t\t\t\t\t\t<p><span style=\"font-size: 15.96px;\"><b>Elemento de protecci\u00f3n frente\u00a0<\/b><\/span><b style=\"color: inherit; font-family: inherit; background-color: var(--et_container-bg-color,transparent);\">a impactos para el frontal del\u00a0<\/b><b style=\"color: inherit; font-family: inherit; background-color: var(--et_container-bg-color,transparent);\">equipo.<\/b><\/p><p><span style=\"font-size: 15.96px;\">Los robustos elementos met\u00e1licos\u00a0<\/span><span style=\"color: inherit; font-family: inherit; background-color: var(--et_container-bg-color,transparent);\">protegen el panel de control y\u00a0<\/span><span style=\"color: inherit; font-family: inherit; background-color: var(--et_container-bg-color,transparent);\">la rueda de ajuste contra da\u00f1os\u00a0<\/span><span style=\"color: inherit; font-family: inherit; background-color: var(--et_container-bg-color,transparent);\">mec\u00e1nicos\u00a0<\/span><span style=\"background-color: var(--et_container-bg-color,transparent); font-size: 15.96px;\">como los que pueden\u00a0<\/span><span style=\"color: inherit; font-family: inherit; background-color: var(--et_container-bg-color,transparent);\">producirse al embestir el equipo\u00a0<\/span><span style=\"color: inherit; font-family: inherit; background-color: var(--et_container-bg-color,transparent);\">con el rack m\u00f3vil. En los equipos\u00a0<\/span><span style=\"color: inherit; font-family: inherit; background-color: var(--et_container-bg-color,transparent);\">de suelo se protege tambi\u00e9n el\u00a0<\/span><span style=\"color: inherit; font-family: inherit; background-color: var(--et_container-bg-color,transparent);\">caj\u00f3n de pastillas Care y la ducha de\u00a0<\/span><span style=\"color: inherit; font-family: inherit; background-color: var(--et_container-bg-color,transparent);\">mano.<\/span><\/p>\t\t\t\t\t\t\t\t<\/div>\n\t\t\t\t<\/div>\n\t\t\t\t<div class=\"elementor-element elementor-element-7c5a327 elementor-widget elementor-widget-text-editor\" data-id=\"7c5a327\" data-element_type=\"widget\" data-e-type=\"widget\" data-widget_type=\"text-editor.default\">\n\t\t\t\t<div class=\"elementor-widget-container\">\n\t\t\t\t\t\t\t\t\t<p><span style=\"font-size: 15.96px;\"><b>Elemento de protecci\u00f3n frente\u00a0<\/b><\/span><b style=\"color: inherit; font-family: inherit; background-color: var(--et_container-bg-color,transparent);\">a impactos para la puerta del\u00a0<\/b><b style=\"color: inherit; font-family: inherit; background-color: var(--et_container-bg-color,transparent);\">equipo<\/b><\/p><p><span style=\"font-size: 15.96px;\">Una rejilla met\u00e1lica en toda la\u00a0<\/span><span style=\"color: inherit; font-family: inherit; background-color: var(--et_container-bg-color,transparent);\">superficie protege la puerta contra\u00a0<\/span><span style=\"color: inherit; font-family: inherit; background-color: var(--et_container-bg-color,transparent);\">da\u00f1os sin obstruir la visi\u00f3n hacia\u00a0<\/span><span style=\"color: inherit; font-family: inherit; background-color: var(--et_container-bg-color,transparent);\">el interior de la c\u00e1mara de cocci\u00f3n.\u00a0<\/span><span style=\"background-color: var(--et_container-bg-color,transparent); font-size: 15.96px;\">De este modo, el equipo puede\u00a0<\/span><span style=\"color: inherit; font-family: inherit; background-color: var(--et_container-bg-color,transparent);\">manejarse con seguridad de la\u00a0<\/span><span style=\"color: inherit; font-family: inherit; background-color: var(--et_container-bg-color,transparent);\">forma m\u00e1s c\u00f3moda.<\/span><\/p>\t\t\t\t\t\t\t\t<\/div>\n\t\t\t\t<\/div>\n\t\t\t\t\t<\/div>\n\t\t<\/div>\n\t\t\t\t<div class=\"elementor-column elementor-col-33 elementor-top-column elementor-element elementor-element-000853f\" data-id=\"000853f\" data-element_type=\"column\" data-e-type=\"column\">\n\t\t\t<div class=\"elementor-widget-wrap elementor-element-populated\">\n\t\t\t\t\t\t<div class=\"elementor-element elementor-element-3cc9d73 elementor-widget elementor-widget-text-editor\" data-id=\"3cc9d73\" data-element_type=\"widget\" data-e-type=\"widget\" data-widget_type=\"text-editor.default\">\n\t\t\t\t<div class=\"elementor-widget-container\">\n\t\t\t\t\t\t\t\t\t<p><span style=\"background-color: var(--et_container-bg-color,transparent); font-size: 15.96px;\"><b>Sonda t\u00e9rmica con conexi\u00f3n\u00a0<\/b><\/span><b style=\"color: inherit; font-family: inherit; background-color: var(--et_container-bg-color,transparent);\">exterior.<\/b><\/p><p><span style=\"font-size: 15.96px;\">En la gama de productos\u00a0<\/span><span style=\"color: inherit; font-family: inherit; background-color: var(--et_container-bg-color,transparent);\">HeavyDutyLine, la sonda t\u00e9rmica\u00a0<\/span><span style=\"color: inherit; font-family: inherit; background-color: var(--et_container-bg-color,transparent);\">interna es sustituida por una\u00a0<\/span><span style=\"color: inherit; font-family: inherit; background-color: var(--et_container-bg-color,transparent);\">sonda t\u00e9rmica con conexi\u00f3n\u00a0<\/span><span style=\"color: inherit; font-family: inherit; background-color: var(--et_container-bg-color,transparent);\">exterior a trav\u00e9s de una caja de\u00a0<\/span><span style=\"color: inherit; font-family: inherit; background-color: var(--et_container-bg-color,transparent);\">conexi\u00f3n USB. El riesgo de da\u00f1os\u00a0<\/span><span style=\"color: inherit; font-family: inherit; background-color: var(--et_container-bg-color,transparent);\">es considerablemente menor\u00a0<\/span><span style=\"color: inherit; font-family: inherit; background-color: var(--et_container-bg-color,transparent);\">gracias a la fijaci\u00f3n magn\u00e9tica.\u00a0<\/span><\/p>\t\t\t\t\t\t\t\t<\/div>\n\t\t\t\t<\/div>\n\t\t\t\t<div class=\"elementor-element elementor-element-ad65cbf elementor-widget elementor-widget-text-editor\" data-id=\"ad65cbf\" data-element_type=\"widget\" data-e-type=\"widget\" data-widget_type=\"text-editor.default\">\n\t\t\t\t<div class=\"elementor-widget-container\">\n\t\t\t\t\t\t\t\t\t<p>\u00a0<\/p><p><span style=\"font-size: 15.96px;\"><b>Elemento de protecci\u00f3n lateral\u00a0<\/b><\/span><span style=\"color: inherit; font-family: inherit; background-color: var(--et_container-bg-color,transparent);\"><b>frente a impactos<\/b><\/span><\/p><p><span style=\"font-size: 15.96px;\">Adem\u00e1s del volumen de suministro\u00a0<\/span><span style=\"color: inherit; font-family: inherit; background-color: var(--et_container-bg-color,transparent);\">est\u00e1ndar de la gama de productos\u00a0<\/span><span style=\"color: inherit; font-family: inherit; background-color: var(--et_container-bg-color,transparent);\">HeavyDutyLine, los paneles laterales\u00a0<\/span><span style=\"color: inherit; font-family: inherit; background-color: var(--et_container-bg-color,transparent);\">y los bordes frontales del sistema de\u00a0<\/span><span style=\"color: inherit; font-family: inherit; background-color: var(--et_container-bg-color,transparent);\">cocci\u00f3n pueden protegerse contra\u00a0<\/span><span style=\"color: inherit; font-family: inherit; background-color: var(--et_container-bg-color,transparent);\">da\u00f1os con soportes de protecci\u00f3n\u00a0<\/span><span style=\"color: inherit; font-family: inherit; background-color: var(--et_container-bg-color,transparent);\">laterales frente a impactos.\u00a0<\/span><\/p>\t\t\t\t\t\t\t\t<\/div>\n\t\t\t\t<\/div>\n\t\t\t\t\t<\/div>\n\t\t<\/div>\n\t\t\t\t<div class=\"elementor-column elementor-col-33 elementor-top-column elementor-element elementor-element-e44b47e\" data-id=\"e44b47e\" data-element_type=\"column\" data-e-type=\"column\">\n\t\t\t<div class=\"elementor-widget-wrap elementor-element-populated\">\n\t\t\t\t\t\t<div class=\"elementor-element elementor-element-0540f34 elementor-widget elementor-widget-text-editor\" data-id=\"0540f34\" data-element_type=\"widget\" data-e-type=\"widget\" data-widget_type=\"text-editor.default\">\n\t\t\t\t<div class=\"elementor-widget-container\">\n\t\t\t\t\t\t\t\t\t<p><span style=\"font-size: 15.96px;\"><b>Rack m\u00f3vil reforzado.<\/b><\/span><\/p>\n<p><span style=\"font-size: 15.96px;\">El rack m\u00f3vil de la gama de&nbsp;<\/span><span style=\"color: inherit; font-family: inherit; background-color: var(--et_container-bg-color,transparent);\">productos HeavyDutyLine est\u00e1&nbsp;<\/span><span style=\"color: inherit; font-family: inherit; background-color: var(--et_container-bg-color,transparent);\">fabricado con materiales m\u00e1s&nbsp;<\/span><span style=\"color: inherit; font-family: inherit; background-color: var(--et_container-bg-color,transparent);\">robustos y equipado con ruedas&nbsp;<\/span><span style=\"color: inherit; font-family: inherit; background-color: var(--et_container-bg-color,transparent);\">m\u00f3viles reforzadas. Adem\u00e1s, las&nbsp;<\/span><span style=\"color: inherit; font-family: inherit; background-color: var(--et_container-bg-color,transparent);\">juntas est\u00e1n soldadas con soldadura&nbsp;<\/span><span style=\"color: inherit; font-family: inherit; background-color: var(--et_container-bg-color,transparent);\">continua. Por ello, los racks m\u00f3viles&nbsp;<\/span><span style=\"color: inherit; font-family: inherit; background-color: var(--et_container-bg-color,transparent);\">no solo son capaces de soportar&nbsp;<\/span><span style=\"color: inherit; font-family: inherit; background-color: var(--et_container-bg-color,transparent);\">muy bien grandes tensiones y&nbsp;<\/span><span style=\"color: inherit; font-family: inherit; background-color: var(--et_container-bg-color,transparent);\">elevadas cantidades de carga, sino&nbsp;<\/span><span style=\"color: inherit; font-family: inherit; background-color: var(--et_container-bg-color,transparent);\">que tambi\u00e9n pueden mantenerse&nbsp;<\/span><span style=\"color: inherit; font-family: inherit; background-color: var(--et_container-bg-color,transparent);\">limpios higi\u00e9nicamente sin grandes&nbsp;<\/span><span style=\"color: inherit; font-family: inherit; background-color: var(--et_container-bg-color,transparent);\">esfuerzos.<\/span><\/p>\t\t\t\t\t\t\t\t<\/div>\n\t\t\t\t<\/div>\n\t\t\t\t\t<\/div>\n\t\t<\/div>\n\t\t\t\t\t<\/div>\n\t\t<\/section>\n\t\t\t\t<section class=\"elementor-section elementor-top-section elementor-element elementor-element-67fbf2d elementor-section-boxed elementor-section-height-default elementor-section-height-default\" data-id=\"67fbf2d\" data-element_type=\"section\" data-e-type=\"section\">\n\t\t\t\t\t\t<div class=\"elementor-container elementor-column-gap-default\">\n\t\t\t\t\t<div class=\"elementor-column elementor-col-100 elementor-top-column elementor-element elementor-element-e9d725c\" data-id=\"e9d725c\" data-element_type=\"column\" data-e-type=\"column\">\n\t\t\t<div class=\"elementor-widget-wrap elementor-element-populated\">\n\t\t\t\t\t\t<div class=\"elementor-element elementor-element-86621da elementor-widget elementor-widget-video\" data-id=\"86621da\" data-element_type=\"widget\" data-e-type=\"widget\" data-settings=\"{&quot;youtube_url&quot;:&quot;https:\\\/\\\/youtu.be\\\/5j86SwtmEtI&quot;,&quot;video_type&quot;:&quot;youtube&quot;,&quot;controls&quot;:&quot;yes&quot;}\" data-widget_type=\"video.default\">\n\t\t\t\t<div class=\"elementor-widget-container\">\n\t\t\t\t\t\t\t<div class=\"elementor-wrapper elementor-open-inline\">\n\t\t\t<div class=\"elementor-video\"><\/div>\t\t<\/div>\n\t\t\t\t\t\t<\/div>\n\t\t\t\t<\/div>\n\t\t\t\t<div class=\"elementor-element elementor-element-94c4283 elementor-widget elementor-widget-text-editor\" data-id=\"94c4283\" data-element_type=\"widget\" data-e-type=\"widget\" data-widget_type=\"text-editor.default\">\n\t\t\t\t<div class=\"elementor-widget-container\">\n\t\t\t\t\t\t\t\t\t<p>Capacidad de carga: 20 bandejas x 2\/1 GN en 1 carro de 1000 x 770 x 1700 mm.<br \/>Cuenta con un generador de vapor fresco de alto rendimiento independiente a las temperaturas de cocci\u00f3n.<\/p><p><br \/>Sonda t\u00e9rmica integrada para medir la temperatura coraz\u00f3n del producto.<br \/>Versi\u00f3n: Gas\/El\u00e9ctrico<\/p><p>Para m\u00e1s informaci\u00f3n, visite el sitio web de Rational: <span style=\"border-bottom: 2px solid #96D045;\"><a href=\"http:\/\/www.rational-online.com\" target=\"_blank\" rel=\"noopener\">www.rational-online.com<\/a><\/span><\/p>\t\t\t\t\t\t\t\t<\/div>\n\t\t\t\t<\/div>\n\t\t\t\t\t<\/div>\n\t\t<\/div>\n\t\t\t\t\t<\/div>\n\t\t<\/section>\n\t\t\t\t<\/div>\n\t\t","protected":false},"excerpt":{"rendered":"<p>iCombi Classic es la soluci\u00f3n para todos los que dominan su oficio y necesitan una tecnolog\u00eda fiable para hacer frente a sus desaf\u00edos diarios. Es capaz de asar, cocinar a la parrilla, hornear, fre\u00edr, estofar y cocinar al vapor.<\/p>\n<p>Producto disponible en:<br \/>\n<a href=\"https:\/\/mitmaq.com\/wp-content\/uploads\/2021\/09\/Argentina.png\"><img decoding=\"async\" class=\"alignnone wp-image-5937\" src=\"https:\/\/mitmaq.com\/wp-content\/uploads\/2021\/09\/Argentina.png\" alt=\"Argentina\" width=\"30\" height=\"30\" srcset=\"https:\/\/mitmaq.com\/staging\/wp-content\/uploads\/2021\/09\/Argentina.png 100w, https:\/\/mitmaq.com\/staging\/wp-content\/uploads\/2021\/09\/Argentina-1x1.png 1w, https:\/\/mitmaq.com\/staging\/wp-content\/uploads\/2021\/09\/Argentina-10x10.png 10w\" sizes=\"(max-width: 30px) 100vw, 30px\" \/> <\/a> <a href=\"https:\/\/mitmaq.com\/wp-content\/uploads\/2021\/12\/Bolivia-No.png\"><img decoding=\"async\" class=\"alignnone wp-image-10023\" src=\"https:\/\/mitmaq.com\/wp-content\/uploads\/2021\/12\/Bolivia-No.png\" alt=\"Bolivia\" width=\"30\" height=\"30\" srcset=\"https:\/\/mitmaq.com\/staging\/wp-content\/uploads\/2021\/12\/Bolivia-No.png 100w, https:\/\/mitmaq.com\/staging\/wp-content\/uploads\/2021\/12\/Bolivia-No-1x1.png 1w, https:\/\/mitmaq.com\/staging\/wp-content\/uploads\/2021\/12\/Bolivia-No-10x10.png 10w\" sizes=\"(max-width: 30px) 100vw, 30px\" \/><\/a> <a href=\"https:\/\/mitmaq.com\/wp-content\/uploads\/2021\/12\/Paraguay-No.png\"><img decoding=\"async\" class=\"alignnone wp-image-10024\" src=\"https:\/\/mitmaq.com\/wp-content\/uploads\/2021\/12\/Paraguay-No.png\" alt=\"Paraguay\" width=\"30\" height=\"30\" srcset=\"https:\/\/mitmaq.com\/staging\/wp-content\/uploads\/2021\/12\/Paraguay-No.png 100w, https:\/\/mitmaq.com\/staging\/wp-content\/uploads\/2021\/12\/Paraguay-No-1x1.png 1w, https:\/\/mitmaq.com\/staging\/wp-content\/uploads\/2021\/12\/Paraguay-No-10x10.png 10w\" sizes=\"(max-width: 30px) 100vw, 30px\" \/><\/a><a href=\"https:\/\/mitmaq.com\/wp-content\/uploads\/2021\/12\/Uruguay-No.png\"><img loading=\"lazy\" decoding=\"async\" class=\"alignnone wp-image-10025\" src=\"https:\/\/mitmaq.com\/wp-content\/uploads\/2021\/12\/Uruguay-No.png\" alt=\"Uruguay\" width=\"30\" height=\"30\" srcset=\"https:\/\/mitmaq.com\/staging\/wp-content\/uploads\/2021\/12\/Uruguay-No.png 100w, https:\/\/mitmaq.com\/staging\/wp-content\/uploads\/2021\/12\/Uruguay-No-1x1.png 1w, https:\/\/mitmaq.com\/staging\/wp-content\/uploads\/2021\/12\/Uruguay-No-10x10.png 10w\" sizes=\"(max-width: 30px) 100vw, 30px\" \/><\/a><\/p>\n","protected":false},"featured_media":11591,"comment_status":"open","ping_status":"closed","template":"","meta":[],"product_brand":[],"product_cat":[15,68],"product_tag":[132,131,134,17,18,135,20,147],"class_list":{"0":"post-6070","1":"product","2":"type-product","3":"status-publish","4":"has-post-thumbnail","6":"product_cat-carnica","7":"product_cat-maquinas-posventa","8":"product_tag-ind-avicola","9":"product_tag-ind-carnica","10":"product_tag-ind-frutihorticola","11":"product_tag-ind-gastronomica","12":"product_tag-ind-lactea","13":"product_tag-ind-panificados-y-dulces","14":"product_tag-ind-pesquera","15":"product_tag-proceso-termico","17":"first","18":"instock","19":"featured","20":"taxable","21":"shipping-taxable","22":"product-type-simple"},"_links":{"self":[{"href":"https:\/\/mitmaq.com\/staging\/wp-json\/wp\/v2\/product\/6070","targetHints":{"allow":["GET"]}}],"collection":[{"href":"https:\/\/mitmaq.com\/staging\/wp-json\/wp\/v2\/product"}],"about":[{"href":"https:\/\/mitmaq.com\/staging\/wp-json\/wp\/v2\/types\/product"}],"replies":[{"embeddable":true,"href":"https:\/\/mitmaq.com\/staging\/wp-json\/wp\/v2\/comments?post=6070"}],"version-history":[{"count":25,"href":"https:\/\/mitmaq.com\/staging\/wp-json\/wp\/v2\/product\/6070\/revisions"}],"predecessor-version":[{"id":11655,"href":"https:\/\/mitmaq.com\/staging\/wp-json\/wp\/v2\/product\/6070\/revisions\/11655"}],"wp:featuredmedia":[{"embeddable":true,"href":"https:\/\/mitmaq.com\/staging\/wp-json\/wp\/v2\/media\/11591"}],"wp:attachment":[{"href":"https:\/\/mitmaq.com\/staging\/wp-json\/wp\/v2\/media?parent=6070"}],"wp:term":[{"taxonomy":"product_brand","embeddable":true,"href":"https:\/\/mitmaq.com\/staging\/wp-json\/wp\/v2\/product_brand?post=6070"},{"taxonomy":"product_cat","embeddable":true,"href":"https:\/\/mitmaq.com\/staging\/wp-json\/wp\/v2\/product_cat?post=6070"},{"taxonomy":"product_tag","embeddable":true,"href":"https:\/\/mitmaq.com\/staging\/wp-json\/wp\/v2\/product_tag?post=6070"}],"curies":[{"name":"wp","href":"https:\/\/api.w.org\/{rel}","templated":true}]}}