{"id":6060,"date":"2021-10-01T12:01:18","date_gmt":"2021-10-01T15:01:18","guid":{"rendered":"https:\/\/mitmaq.com\/product\/formadoras-de-hamburguesas-nuggets-galletas\/"},"modified":"2022-06-27T13:02:03","modified_gmt":"2022-06-27T16:02:03","slug":"formadoras-de-hamburguesas-nuggets-galletas","status":"publish","type":"product","link":"https:\/\/mitmaq.com\/staging\/product\/formadoras-de-hamburguesas-nuggets-galletas\/","title":{"rendered":"Formadoras de Hamburguesas, Nuggets, Galletas"},"content":{"rendered":"\t\t<div data-elementor-type=\"wp-post\" data-elementor-id=\"6060\" class=\"elementor elementor-6060\">\n\t\t\t\t\t\t<section class=\"elementor-section elementor-top-section elementor-element elementor-element-380ee954 elementor-section-boxed elementor-section-height-default elementor-section-height-default\" data-id=\"380ee954\" data-element_type=\"section\" data-e-type=\"section\">\n\t\t\t\t\t\t<div class=\"elementor-container elementor-column-gap-default\">\n\t\t\t\t\t<div class=\"elementor-column elementor-col-100 elementor-top-column elementor-element elementor-element-8d30f51\" data-id=\"8d30f51\" data-element_type=\"column\" data-e-type=\"column\">\n\t\t\t<div class=\"elementor-widget-wrap elementor-element-populated\">\n\t\t\t\t\t\t<div class=\"elementor-element elementor-element-2be4c41 elementor-widget elementor-widget-video\" data-id=\"2be4c41\" data-element_type=\"widget\" data-e-type=\"widget\" data-settings=\"{&quot;youtube_url&quot;:&quot;https:\\\/\\\/youtu.be\\\/UHlAwAIcLnc&quot;,&quot;video_type&quot;:&quot;youtube&quot;,&quot;controls&quot;:&quot;yes&quot;}\" data-widget_type=\"video.default\">\n\t\t\t\t<div class=\"elementor-widget-container\">\n\t\t\t\t\t\t\t<div class=\"elementor-wrapper elementor-open-inline\">\n\t\t\t<div class=\"elementor-video\"><\/div>\t\t<\/div>\n\t\t\t\t\t\t<\/div>\n\t\t\t\t<\/div>\n\t\t\t\t<div class=\"elementor-element elementor-element-692ed28 elementor-widget elementor-widget-text-editor\" data-id=\"692ed28\" data-element_type=\"widget\" data-e-type=\"widget\" data-widget_type=\"text-editor.default\">\n\t\t\t\t<div class=\"elementor-widget-container\">\n\t\t\t\t\t\t\t\t\t<p>Descargar ficha t\u00e9cnica de:<\/p>\t\t\t\t\t\t\t\t<\/div>\n\t\t\t\t<\/div>\n\t\t\t\t<div class=\"elementor-element elementor-element-2e945bc7 elementor-widget elementor-widget-text-editor\" data-id=\"2e945bc7\" data-element_type=\"widget\" data-e-type=\"widget\" data-widget_type=\"text-editor.default\">\n\t\t\t\t<div class=\"elementor-widget-container\">\n\t\t\t\t\t\t\t\t\tPara m\u00e1s informaci\u00f3n, te invitamos a visitar el sitio web de ABM: <span style=\"border-bottom: 2px solid #96D045;\"><a href=\"https:\/\/www.abmcompany.com\/\" target=\"_blank\" rel=\"noopener\">www.abmcompany.com<\/a><\/span>\t\t\t\t\t\t\t\t<\/div>\n\t\t\t\t<\/div>\n\t\t\t\t\t<\/div>\n\t\t<\/div>\n\t\t\t\t\t<\/div>\n\t\t<\/section>\n\t\t\t\t<\/div>\n\t\t","protected":false},"excerpt":{"rendered":"<p>Modelos dise\u00f1ados para satisfacer necesidades de producciones peque\u00f1as a medianas, diarias, con requerimientos de automatizaci\u00f3n y alta calidad de sus productos.<\/p>\n<p>Ideal para cadenas de supermercados, restaurantes de comida r\u00e1pida, cafeter\u00edas y hoteles.<\/p>\n<p>Modelos: F1000, F2000 y F4000<\/p>\n<p><strong>Distribuidor autorizado:\u00a0<\/strong>Consultar disponibilidad por pa\u00eds.<\/p>\n","protected":false},"featured_media":8156,"comment_status":"open","ping_status":"closed","template":"","meta":[],"product_brand":[],"product_cat":[15,68],"product_tag":[146,132,131,134,17,18,135,20],"class_list":{"0":"post-6060","1":"product","2":"type-product","3":"status-publish","4":"has-post-thumbnail","6":"product_cat-carnica","7":"product_cat-maquinas-posventa","8":"product_tag-hamburguesas-y-nuggets","9":"product_tag-ind-avicola","10":"product_tag-ind-carnica","11":"product_tag-ind-frutihorticola","12":"product_tag-ind-gastronomica","13":"product_tag-ind-lactea","14":"product_tag-ind-panificados-y-dulces","15":"product_tag-ind-pesquera","17":"first","18":"instock","19":"taxable","20":"shipping-taxable","21":"product-type-simple"},"_links":{"self":[{"href":"https:\/\/mitmaq.com\/staging\/wp-json\/wp\/v2\/product\/6060","targetHints":{"allow":["GET"]}}],"collection":[{"href":"https:\/\/mitmaq.com\/staging\/wp-json\/wp\/v2\/product"}],"about":[{"href":"https:\/\/mitmaq.com\/staging\/wp-json\/wp\/v2\/types\/product"}],"replies":[{"embeddable":true,"href":"https:\/\/mitmaq.com\/staging\/wp-json\/wp\/v2\/comments?post=6060"}],"version-history":[{"count":12,"href":"https:\/\/mitmaq.com\/staging\/wp-json\/wp\/v2\/product\/6060\/revisions"}],"predecessor-version":[{"id":10912,"href":"https:\/\/mitmaq.com\/staging\/wp-json\/wp\/v2\/product\/6060\/revisions\/10912"}],"wp:featuredmedia":[{"embeddable":true,"href":"https:\/\/mitmaq.com\/staging\/wp-json\/wp\/v2\/media\/8156"}],"wp:attachment":[{"href":"https:\/\/mitmaq.com\/staging\/wp-json\/wp\/v2\/media?parent=6060"}],"wp:term":[{"taxonomy":"product_brand","embeddable":true,"href":"https:\/\/mitmaq.com\/staging\/wp-json\/wp\/v2\/product_brand?post=6060"},{"taxonomy":"product_cat","embeddable":true,"href":"https:\/\/mitmaq.com\/staging\/wp-json\/wp\/v2\/product_cat?post=6060"},{"taxonomy":"product_tag","embeddable":true,"href":"https:\/\/mitmaq.com\/staging\/wp-json\/wp\/v2\/product_tag?post=6060"}],"curies":[{"name":"wp","href":"https:\/\/api.w.org\/{rel}","templated":true}]}}