{"id":6053,"date":"2021-10-01T12:01:17","date_gmt":"2021-10-01T15:01:17","guid":{"rendered":"https:\/\/mitmaq.com\/product\/ds-552\/"},"modified":"2022-06-28T10:12:41","modified_gmt":"2022-06-28T13:12:41","slug":"ds-552","status":"publish","type":"product","link":"https:\/\/mitmaq.com\/staging\/product\/ds-552\/","title":{"rendered":"DS 552"},"content":{"rendered":"\t\t<div data-elementor-type=\"wp-post\" data-elementor-id=\"6053\" class=\"elementor elementor-6053\">\n\t\t\t\t\t\t<section class=\"elementor-section elementor-top-section elementor-element elementor-element-bf2b68f elementor-section-boxed elementor-section-height-default elementor-section-height-default\" data-id=\"bf2b68f\" data-element_type=\"section\" data-e-type=\"section\">\n\t\t\t\t\t\t<div class=\"elementor-container elementor-column-gap-default\">\n\t\t\t\t\t<div class=\"elementor-column elementor-col-100 elementor-top-column elementor-element elementor-element-931875a\" data-id=\"931875a\" data-element_type=\"column\" data-e-type=\"column\">\n\t\t\t<div class=\"elementor-widget-wrap elementor-element-populated\">\n\t\t\t\t\t\t<div class=\"elementor-element elementor-element-376ba3b elementor-align-right elementor-widget elementor-widget-button\" data-id=\"376ba3b\" data-element_type=\"widget\" data-e-type=\"widget\" data-widget_type=\"button.default\">\n\t\t\t\t<div class=\"elementor-widget-container\">\n\t\t\t\t\t\t\t\t\t<div class=\"elementor-button-wrapper\">\n\t\t\t\t\t<a class=\"elementor-button elementor-button-link elementor-size-sm\" href=\"https:\/\/mitmaq.com\/wp-content\/uploads\/2021\/10\/Hantdmann_DS552_EN.pdf\" target=\"_blank\">\n\t\t\t\t\t\t<span class=\"elementor-button-content-wrapper\">\n\t\t\t\t\t\t\t\t\t<span class=\"elementor-button-text\">Descargar Ficha T\u00e9cnica<\/span>\n\t\t\t\t\t<\/span>\n\t\t\t\t\t<\/a>\n\t\t\t\t<\/div>\n\t\t\t\t\t\t\t\t<\/div>\n\t\t\t\t<\/div>\n\t\t\t\t\t<\/div>\n\t\t<\/div>\n\t\t\t\t\t<\/div>\n\t\t<\/section>\n\t\t\t\t<section class=\"elementor-section elementor-top-section elementor-element elementor-element-616ee6e4 elementor-section-boxed elementor-section-height-default elementor-section-height-default\" data-id=\"616ee6e4\" data-element_type=\"section\" data-e-type=\"section\">\n\t\t\t\t\t\t<div class=\"elementor-container elementor-column-gap-default\">\n\t\t\t\t\t<div class=\"elementor-column elementor-col-100 elementor-top-column elementor-element elementor-element-3aad6d44\" data-id=\"3aad6d44\" data-element_type=\"column\" data-e-type=\"column\">\n\t\t\t<div class=\"elementor-widget-wrap elementor-element-populated\">\n\t\t\t\t\t\t<div class=\"elementor-element elementor-element-4e874141 elementor-widget elementor-widget-text-editor\" data-id=\"4e874141\" data-element_type=\"widget\" data-e-type=\"widget\" data-widget_type=\"text-editor.default\">\n\t\t\t\t<div class=\"elementor-widget-container\">\n\t\t\t\t\t\t\t\t\t<p>Dosificaci\u00f3n precisa al gramo de alto rendimiento sin v\u00e1lvulas\u00a0 de productos de llenado de fluidos, pastosos a viscosos.<\/p><p>Un proceso continuo para la producci\u00f3n industrial en sistemas de l\u00e1minas de masa, en termoformadoras o termoselladoras.<\/p><p>Mediante la expulsi\u00f3n continua de producto o porciones de tama\u00f1o ajustable de 5 a 500 g, el proceso de dosificaci\u00f3n autom\u00e1tica se puede ampliar de forma flexible de 2 a 24 carriles.<\/p><p>El innovador principio de dosificaci\u00f3n sin v\u00e1lvulas permite una producci\u00f3n de hasta 200 ciclos por minuto. Por tanto, es la soluci\u00f3n econ\u00f3mica perfecta para aplicaciones industriales.<\/p><p>Precisi\u00f3n de peso perfecta<\/p><p>Flexibilidad para una amplia gama de productos y tipos de envases. Proporciona una dosificaci\u00f3n directa, de varios carriles y flexible en sistemas de l\u00e1minas de masa, en m\u00e1quinas de termoenvasado o termoselladoras. Tambi\u00e9n ofrece una gran selecci\u00f3n de boquillas dosificadoras para una amplia gama de productos con una dosificaci\u00f3n exacta al gramo y con una calidad de producto de primera clase.<\/p><p>Dosificaci\u00f3n higi\u00e9nica con beneficios en la manipulaci\u00f3n.<br \/>Gracias al principio de dosificaci\u00f3n sin v\u00e1lvulas, no se requiere una carcasa de seguridad, lo que garantiza un f\u00e1cil acceso al sistema. El dise\u00f1o del sistema modular y el uso de diferentes boquillas dosificadoras facilitan as\u00ed cambios r\u00e1pidos de producto, reducen los tiempos de preparaci\u00f3n y permiten una limpieza r\u00e1pida e impecable.<\/p><p><strong>Mayores caracter\u00edsticas:<\/strong><\/p><ul><li>5- 500 grs de tama\u00f1o de porciones<\/li><li>2 -24 carriles<\/li><li>HASTA 1200 mm de ancho de correa de masa<\/li><li>HASTA 200 CICLOS\/MIN CAPACIDAD DE PORCIONADO<\/li><\/ul>\t\t\t\t\t\t\t\t<\/div>\n\t\t\t\t<\/div>\n\t\t\t\t\t<\/div>\n\t\t<\/div>\n\t\t\t\t\t<\/div>\n\t\t<\/section>\n\t\t\t\t<section class=\"elementor-section elementor-top-section elementor-element elementor-element-56c9934 elementor-section-boxed elementor-section-height-default elementor-section-height-default\" data-id=\"56c9934\" data-element_type=\"section\" data-e-type=\"section\">\n\t\t\t\t\t\t<div class=\"elementor-container elementor-column-gap-default\">\n\t\t\t\t\t<div class=\"elementor-column elementor-col-100 elementor-top-column elementor-element elementor-element-3b5b8ef\" data-id=\"3b5b8ef\" data-element_type=\"column\" data-e-type=\"column\">\n\t\t\t<div class=\"elementor-widget-wrap elementor-element-populated\">\n\t\t\t\t\t\t<div class=\"elementor-element elementor-element-4a2abc4 elementor-widget elementor-widget-text-editor\" data-id=\"4a2abc4\" data-element_type=\"widget\" data-e-type=\"widget\" data-widget_type=\"text-editor.default\">\n\t\t\t\t<div class=\"elementor-widget-container\">\n\t\t\t\t\t\t\t\t\tPara m\u00e1s informaci\u00f3n, te invitamos a visitar el sitio web de Handtmann: <span style=\"border-bottom: 2px solid #96D045;\"><a href=\"https:\/\/www.handtmann.de\/en\/\" target=\"_blank\" rel=\"noopener\">www.handtmann.de<\/a><\/span>\t\t\t\t\t\t\t\t<\/div>\n\t\t\t\t<\/div>\n\t\t\t\t\t<\/div>\n\t\t<\/div>\n\t\t\t\t\t<\/div>\n\t\t<\/section>\n\t\t\t\t<section class=\"elementor-section elementor-top-section elementor-element elementor-element-ef41dfb elementor-section-boxed elementor-section-height-default elementor-section-height-default\" data-id=\"ef41dfb\" data-element_type=\"section\" data-e-type=\"section\">\n\t\t\t\t\t\t<div class=\"elementor-container elementor-column-gap-default\">\n\t\t\t\t\t<div class=\"elementor-column elementor-col-100 elementor-top-column elementor-element elementor-element-103c0fb\" data-id=\"103c0fb\" data-element_type=\"column\" data-e-type=\"column\">\n\t\t\t<div class=\"elementor-widget-wrap elementor-element-populated\">\n\t\t\t\t\t\t<div class=\"elementor-element elementor-element-e60c1e3 elementor-widget elementor-widget-video\" data-id=\"e60c1e3\" data-element_type=\"widget\" data-e-type=\"widget\" data-settings=\"{&quot;youtube_url&quot;:&quot;https:\\\/\\\/www.youtube.com\\\/watch?v=m6tfztbXqNo&quot;,&quot;video_type&quot;:&quot;youtube&quot;,&quot;controls&quot;:&quot;yes&quot;}\" data-widget_type=\"video.default\">\n\t\t\t\t<div class=\"elementor-widget-container\">\n\t\t\t\t\t\t\t<div class=\"elementor-wrapper elementor-open-inline\">\n\t\t\t<div class=\"elementor-video\"><\/div>\t\t<\/div>\n\t\t\t\t\t\t<\/div>\n\t\t\t\t<\/div>\n\t\t\t\t\t<\/div>\n\t\t<\/div>\n\t\t\t\t\t<\/div>\n\t\t<\/section>\n\t\t\t\t<section class=\"elementor-section elementor-top-section elementor-element elementor-element-7c7d350 elementor-section-boxed elementor-section-height-default elementor-section-height-default\" data-id=\"7c7d350\" data-element_type=\"section\" data-e-type=\"section\">\n\t\t\t\t\t\t<div class=\"elementor-container elementor-column-gap-default\">\n\t\t\t\t\t<div class=\"elementor-column elementor-col-100 elementor-top-column elementor-element elementor-element-d169e2a\" data-id=\"d169e2a\" data-element_type=\"column\" data-e-type=\"column\">\n\t\t\t<div class=\"elementor-widget-wrap\">\n\t\t\t\t\t\t\t<\/div>\n\t\t<\/div>\n\t\t\t\t\t<\/div>\n\t\t<\/section>\n\t\t\t\t<\/div>\n\t\t","protected":false},"excerpt":{"rendered":"<p>Sistema de dosificado sin v\u00e1lvulas para pasta laminada, bandeja y\/o termoformadora.<\/p>\n<p>Producto disponible en:<br \/>\n<a href=\"https:\/\/mitmaq.com\/wp-content\/uploads\/2021\/09\/Argentina.png\"><img decoding=\"async\" class=\"alignnone wp-image-5937\" src=\"https:\/\/mitmaq.com\/wp-content\/uploads\/2021\/09\/Argentina.png\" alt=\"Argentina\" width=\"30\" height=\"30\" srcset=\"https:\/\/mitmaq.com\/staging\/wp-content\/uploads\/2021\/09\/Argentina.png 100w, https:\/\/mitmaq.com\/staging\/wp-content\/uploads\/2021\/09\/Argentina-1x1.png 1w, https:\/\/mitmaq.com\/staging\/wp-content\/uploads\/2021\/09\/Argentina-10x10.png 10w\" sizes=\"(max-width: 30px) 100vw, 30px\" \/> <\/a><a href=\"https:\/\/mitmaq.com\/wp-content\/uploads\/2021\/09\/Bolivia.png\"><img decoding=\"async\" class=\"alignnone wp-image-5938\" src=\"https:\/\/mitmaq.com\/wp-content\/uploads\/2021\/09\/Bolivia.png\" alt=\"Bolivia\" width=\"30\" height=\"30\" srcset=\"https:\/\/mitmaq.com\/staging\/wp-content\/uploads\/2021\/09\/Bolivia.png 100w, https:\/\/mitmaq.com\/staging\/wp-content\/uploads\/2021\/09\/Bolivia-1x1.png 1w, https:\/\/mitmaq.com\/staging\/wp-content\/uploads\/2021\/09\/Bolivia-10x10.png 10w\" sizes=\"(max-width: 30px) 100vw, 30px\" \/> <\/a><a href=\"https:\/\/mitmaq.com\/wp-content\/uploads\/2021\/09\/Paraguay.png\"><img decoding=\"async\" class=\"alignnone wp-image-5939\" src=\"https:\/\/mitmaq.com\/wp-content\/uploads\/2021\/09\/Paraguay.png\" alt=\"Paraguay\" width=\"30\" height=\"30\" srcset=\"https:\/\/mitmaq.com\/staging\/wp-content\/uploads\/2021\/09\/Paraguay.png 100w, https:\/\/mitmaq.com\/staging\/wp-content\/uploads\/2021\/09\/Paraguay-1x1.png 1w, https:\/\/mitmaq.com\/staging\/wp-content\/uploads\/2021\/09\/Paraguay-10x10.png 10w\" sizes=\"(max-width: 30px) 100vw, 30px\" \/> <\/a><a href=\"https:\/\/mitmaq.com\/wp-content\/uploads\/2021\/09\/Uruguay.png\"><img loading=\"lazy\" decoding=\"async\" class=\"alignnone wp-image-5940\" src=\"https:\/\/mitmaq.com\/wp-content\/uploads\/2021\/09\/Uruguay.png\" alt=\"Uruguay\" width=\"30\" height=\"30\" srcset=\"https:\/\/mitmaq.com\/staging\/wp-content\/uploads\/2021\/09\/Uruguay.png 100w, https:\/\/mitmaq.com\/staging\/wp-content\/uploads\/2021\/09\/Uruguay-1x1.png 1w, https:\/\/mitmaq.com\/staging\/wp-content\/uploads\/2021\/09\/Uruguay-10x10.png 10w\" sizes=\"(max-width: 30px) 100vw, 30px\" \/><\/a><\/p>\n","protected":false},"featured_media":7002,"comment_status":"open","ping_status":"closed","template":"","meta":[],"product_brand":[],"product_cat":[15,68],"product_tag":[138,146,132,131,134,17,18,135,20],"class_list":{"0":"post-6053","1":"product","2":"type-product","3":"status-publish","4":"has-post-thumbnail","6":"product_cat-carnica","7":"product_cat-maquinas-posventa","8":"product_tag-embutido-formado","9":"product_tag-hamburguesas-y-nuggets","10":"product_tag-ind-avicola","11":"product_tag-ind-carnica","12":"product_tag-ind-frutihorticola","13":"product_tag-ind-gastronomica","14":"product_tag-ind-lactea","15":"product_tag-ind-panificados-y-dulces","16":"product_tag-ind-pesquera","18":"first","19":"instock","20":"taxable","21":"shipping-taxable","22":"product-type-simple"},"_links":{"self":[{"href":"https:\/\/mitmaq.com\/staging\/wp-json\/wp\/v2\/product\/6053","targetHints":{"allow":["GET"]}}],"collection":[{"href":"https:\/\/mitmaq.com\/staging\/wp-json\/wp\/v2\/product"}],"about":[{"href":"https:\/\/mitmaq.com\/staging\/wp-json\/wp\/v2\/types\/product"}],"replies":[{"embeddable":true,"href":"https:\/\/mitmaq.com\/staging\/wp-json\/wp\/v2\/comments?post=6053"}],"version-history":[{"count":10,"href":"https:\/\/mitmaq.com\/staging\/wp-json\/wp\/v2\/product\/6053\/revisions"}],"predecessor-version":[{"id":11131,"href":"https:\/\/mitmaq.com\/staging\/wp-json\/wp\/v2\/product\/6053\/revisions\/11131"}],"wp:featuredmedia":[{"embeddable":true,"href":"https:\/\/mitmaq.com\/staging\/wp-json\/wp\/v2\/media\/7002"}],"wp:attachment":[{"href":"https:\/\/mitmaq.com\/staging\/wp-json\/wp\/v2\/media?parent=6053"}],"wp:term":[{"taxonomy":"product_brand","embeddable":true,"href":"https:\/\/mitmaq.com\/staging\/wp-json\/wp\/v2\/product_brand?post=6053"},{"taxonomy":"product_cat","embeddable":true,"href":"https:\/\/mitmaq.com\/staging\/wp-json\/wp\/v2\/product_cat?post=6053"},{"taxonomy":"product_tag","embeddable":true,"href":"https:\/\/mitmaq.com\/staging\/wp-json\/wp\/v2\/product_tag?post=6053"}],"curies":[{"name":"wp","href":"https:\/\/api.w.org\/{rel}","templated":true}]}}