{"id":6040,"date":"2021-10-01T12:01:14","date_gmt":"2021-10-01T15:01:14","guid":{"rendered":"https:\/\/mitmaq.com\/product\/sistema-hvf-660\/"},"modified":"2022-01-14T10:32:16","modified_gmt":"2022-01-14T13:32:16","slug":"sistema-hvf-660","status":"publish","type":"product","link":"https:\/\/mitmaq.com\/staging\/product\/sistema-hvf-660\/","title":{"rendered":"Sistema HVF 660"},"content":{"rendered":"\t\t<div data-elementor-type=\"wp-post\" data-elementor-id=\"6040\" class=\"elementor elementor-6040\">\n\t\t\t\t\t\t<section class=\"elementor-section elementor-top-section elementor-element elementor-element-2b3733dc elementor-section-boxed elementor-section-height-default elementor-section-height-default\" data-id=\"2b3733dc\" data-element_type=\"section\" data-e-type=\"section\">\n\t\t\t\t\t\t<div class=\"elementor-container elementor-column-gap-default\">\n\t\t\t\t\t<div class=\"elementor-column elementor-col-100 elementor-top-column elementor-element elementor-element-15ef18f3\" data-id=\"15ef18f3\" data-element_type=\"column\" data-e-type=\"column\">\n\t\t\t<div class=\"elementor-widget-wrap elementor-element-populated\">\n\t\t\t\t\t\t<div class=\"elementor-element elementor-element-d97b154 elementor-align-right elementor-widget elementor-widget-button\" data-id=\"d97b154\" data-element_type=\"widget\" data-e-type=\"widget\" data-widget_type=\"button.default\">\n\t\t\t\t<div class=\"elementor-widget-container\">\n\t\t\t\t\t\t\t\t\t<div class=\"elementor-button-wrapper\">\n\t\t\t\t\t<a class=\"elementor-button elementor-button-link elementor-size-sm\" href=\"https:\/\/mitmaq.com\/wp-content\/uploads\/2021\/10\/Handtmann-HVF-Systems-ES.pdf\" target=\"_blank\">\n\t\t\t\t\t\t<span class=\"elementor-button-content-wrapper\">\n\t\t\t\t\t\t\t\t\t<span class=\"elementor-button-text\">Descargar Ficha T\u00e9cnica<\/span>\n\t\t\t\t\t<\/span>\n\t\t\t\t\t<\/a>\n\t\t\t\t<\/div>\n\t\t\t\t\t\t\t\t<\/div>\n\t\t\t\t<\/div>\n\t\t\t\t<div class=\"elementor-element elementor-element-2b909e62 elementor-widget elementor-widget-text-editor\" data-id=\"2b909e62\" data-element_type=\"widget\" data-e-type=\"widget\" data-widget_type=\"text-editor.default\">\n\t\t\t\t<div class=\"elementor-widget-container\">\n\t\t\t\t\t\t\t\t\t<p><strong>Mayores caracter\u00edsticas:<\/strong><\/p><ul><li>10.200 KG\/H potencia de embutici\u00f3n<\/li><li>Hasta 40 bares presi\u00f3n de embutici\u00f3n<\/li><li>Hasta 350 litros capacidad de la tolva<\/li><li>Hasta 450 litros fondo en forma de tolva<\/li><\/ul><p><strong>Mayores ventajas:<\/strong><\/p><ul><li>Muy buena capacidad de porcionado y precisi\u00f3n en el peso gracias a una alimentaci\u00f3n \u00f3ptima<\/li><li>Producto compacto y sin poros, con un atractivo aspecto de corte y un bonito color gracias a la completa eliminaci\u00f3n del aire residual<\/li><li>Succi\u00f3n excelente de masas consistentes o fr\u00edas<\/li><li>Dise\u00f1o higi\u00e9nico y f\u00e1cil limpieza para condiciones higi\u00e9nicas impecables<\/li><li>Sistema compacto con una reducida necesidad de espacio, manejo sencillo y bajos costes de manutenci\u00f3<\/li><\/ul>\t\t\t\t\t\t\t\t<\/div>\n\t\t\t\t<\/div>\n\t\t\t\t<div class=\"elementor-element elementor-element-5a58d8f elementor-widget elementor-widget-video\" data-id=\"5a58d8f\" data-element_type=\"widget\" data-e-type=\"widget\" data-settings=\"{&quot;youtube_url&quot;:&quot;https:\\\/\\\/youtu.be\\\/AJficghdH2A&quot;,&quot;video_type&quot;:&quot;youtube&quot;,&quot;controls&quot;:&quot;yes&quot;}\" data-widget_type=\"video.default\">\n\t\t\t\t<div class=\"elementor-widget-container\">\n\t\t\t\t\t\t\t<div class=\"elementor-wrapper elementor-open-inline\">\n\t\t\t<div class=\"elementor-video\"><\/div>\t\t<\/div>\n\t\t\t\t\t\t<\/div>\n\t\t\t\t<\/div>\n\t\t\t\t<div class=\"elementor-element elementor-element-db73d22 elementor-widget elementor-widget-text-editor\" data-id=\"db73d22\" data-element_type=\"widget\" data-e-type=\"widget\" data-widget_type=\"text-editor.default\">\n\t\t\t\t<div class=\"elementor-widget-container\">\n\t\t\t\t\t\t\t\t\tPara m\u00e1s informaci\u00f3n, te invitamos a visitar el sitio web de Handtmann: <span style=\"border-bottom: 2px solid #96D045;\"><a href=\"https:\/\/www.handtmann.de\/en\/\" target=\"_blank\" rel=\"noopener\">www.handtmann.de<\/a><\/span>\t\t\t\t\t\t\t\t<\/div>\n\t\t\t\t<\/div>\n\t\t\t\t\t<\/div>\n\t\t<\/div>\n\t\t\t\t\t<\/div>\n\t\t<\/section>\n\t\t\t\t<\/div>\n\t\t","protected":false},"excerpt":{"rendered":"<p>Embutidoras al vac\u00edo con Tolva cerrada.\u00a0Con cabezal picador es ideal para elaboraci\u00f3n de salame.<\/p>\n<p>Producto disponible en:<br \/>\n<a href=\"https:\/\/mitmaq.com\/wp-content\/uploads\/2021\/09\/Argentina.png\"><img decoding=\"async\" class=\"alignnone wp-image-5937\" src=\"https:\/\/mitmaq.com\/wp-content\/uploads\/2021\/09\/Argentina.png\" alt=\"Argentina\" width=\"30\" height=\"30\" srcset=\"https:\/\/mitmaq.com\/staging\/wp-content\/uploads\/2021\/09\/Argentina.png 100w, https:\/\/mitmaq.com\/staging\/wp-content\/uploads\/2021\/09\/Argentina-1x1.png 1w, https:\/\/mitmaq.com\/staging\/wp-content\/uploads\/2021\/09\/Argentina-10x10.png 10w\" sizes=\"(max-width: 30px) 100vw, 30px\" \/> <\/a><a href=\"https:\/\/mitmaq.com\/wp-content\/uploads\/2021\/09\/Bolivia.png\"><img decoding=\"async\" class=\"alignnone wp-image-5938\" src=\"https:\/\/mitmaq.com\/wp-content\/uploads\/2021\/09\/Bolivia.png\" alt=\"Bolivia\" width=\"30\" height=\"30\" srcset=\"https:\/\/mitmaq.com\/staging\/wp-content\/uploads\/2021\/09\/Bolivia.png 100w, https:\/\/mitmaq.com\/staging\/wp-content\/uploads\/2021\/09\/Bolivia-1x1.png 1w, https:\/\/mitmaq.com\/staging\/wp-content\/uploads\/2021\/09\/Bolivia-10x10.png 10w\" sizes=\"(max-width: 30px) 100vw, 30px\" \/> <\/a><a href=\"https:\/\/mitmaq.com\/wp-content\/uploads\/2021\/09\/Paraguay.png\"><img decoding=\"async\" class=\"alignnone wp-image-5939\" src=\"https:\/\/mitmaq.com\/wp-content\/uploads\/2021\/09\/Paraguay.png\" alt=\"Paraguay\" width=\"30\" height=\"30\" srcset=\"https:\/\/mitmaq.com\/staging\/wp-content\/uploads\/2021\/09\/Paraguay.png 100w, https:\/\/mitmaq.com\/staging\/wp-content\/uploads\/2021\/09\/Paraguay-1x1.png 1w, https:\/\/mitmaq.com\/staging\/wp-content\/uploads\/2021\/09\/Paraguay-10x10.png 10w\" sizes=\"(max-width: 30px) 100vw, 30px\" \/> <\/a><a href=\"https:\/\/mitmaq.com\/wp-content\/uploads\/2021\/09\/Uruguay.png\"><img loading=\"lazy\" decoding=\"async\" class=\"alignnone wp-image-5940\" src=\"https:\/\/mitmaq.com\/wp-content\/uploads\/2021\/09\/Uruguay.png\" alt=\"Uruguay\" width=\"30\" height=\"30\" srcset=\"https:\/\/mitmaq.com\/staging\/wp-content\/uploads\/2021\/09\/Uruguay.png 100w, https:\/\/mitmaq.com\/staging\/wp-content\/uploads\/2021\/09\/Uruguay-1x1.png 1w, https:\/\/mitmaq.com\/staging\/wp-content\/uploads\/2021\/09\/Uruguay-10x10.png 10w\" sizes=\"(max-width: 30px) 100vw, 30px\" \/><\/a><\/p>\n","protected":false},"featured_media":7996,"comment_status":"open","ping_status":"closed","template":"","meta":[],"product_brand":[],"product_cat":[15,68],"product_tag":[138,132,131,134,17,18,135,20],"class_list":{"0":"post-6040","1":"product","2":"type-product","3":"status-publish","4":"has-post-thumbnail","6":"product_cat-carnica","7":"product_cat-maquinas-posventa","8":"product_tag-embutido-formado","9":"product_tag-ind-avicola","10":"product_tag-ind-carnica","11":"product_tag-ind-frutihorticola","12":"product_tag-ind-gastronomica","13":"product_tag-ind-lactea","14":"product_tag-ind-panificados-y-dulces","15":"product_tag-ind-pesquera","17":"first","18":"instock","19":"taxable","20":"shipping-taxable","21":"product-type-simple"},"_links":{"self":[{"href":"https:\/\/mitmaq.com\/staging\/wp-json\/wp\/v2\/product\/6040","targetHints":{"allow":["GET"]}}],"collection":[{"href":"https:\/\/mitmaq.com\/staging\/wp-json\/wp\/v2\/product"}],"about":[{"href":"https:\/\/mitmaq.com\/staging\/wp-json\/wp\/v2\/types\/product"}],"replies":[{"embeddable":true,"href":"https:\/\/mitmaq.com\/staging\/wp-json\/wp\/v2\/comments?post=6040"}],"version-history":[{"count":2,"href":"https:\/\/mitmaq.com\/staging\/wp-json\/wp\/v2\/product\/6040\/revisions"}],"predecessor-version":[{"id":10274,"href":"https:\/\/mitmaq.com\/staging\/wp-json\/wp\/v2\/product\/6040\/revisions\/10274"}],"wp:featuredmedia":[{"embeddable":true,"href":"https:\/\/mitmaq.com\/staging\/wp-json\/wp\/v2\/media\/7996"}],"wp:attachment":[{"href":"https:\/\/mitmaq.com\/staging\/wp-json\/wp\/v2\/media?parent=6040"}],"wp:term":[{"taxonomy":"product_brand","embeddable":true,"href":"https:\/\/mitmaq.com\/staging\/wp-json\/wp\/v2\/product_brand?post=6040"},{"taxonomy":"product_cat","embeddable":true,"href":"https:\/\/mitmaq.com\/staging\/wp-json\/wp\/v2\/product_cat?post=6040"},{"taxonomy":"product_tag","embeddable":true,"href":"https:\/\/mitmaq.com\/staging\/wp-json\/wp\/v2\/product_tag?post=6040"}],"curies":[{"name":"wp","href":"https:\/\/api.w.org\/{rel}","templated":true}]}}