{"id":4473,"date":"2019-09-28T15:15:10","date_gmt":"2019-09-28T15:15:10","guid":{"rendered":"https:\/\/xstore.8theme.com\/demos\/2\/home-decor\/?post_type=product&#038;p=4473"},"modified":"2025-10-16T17:49:32","modified_gmt":"2025-10-16T20:49:32","slug":"corrugado-de-tripa","status":"publish","type":"product","link":"https:\/\/mitmaq.com\/staging\/product\/corrugado-de-tripa\/","title":{"rendered":"Corrugado de tripa"},"content":{"rendered":"\t\t<div data-elementor-type=\"wp-post\" data-elementor-id=\"4473\" class=\"elementor elementor-4473\">\n\t\t\t\t\t\t<section class=\"elementor-section elementor-top-section elementor-element elementor-element-6093b180 elementor-section-boxed elementor-section-height-default elementor-section-height-default\" data-id=\"6093b180\" data-element_type=\"section\" data-e-type=\"section\">\n\t\t\t\t\t\t<div class=\"elementor-container elementor-column-gap-no\">\n\t\t\t\t\t<div class=\"elementor-column elementor-col-100 elementor-top-column elementor-element elementor-element-b50df00\" data-id=\"b50df00\" data-element_type=\"column\" data-e-type=\"column\">\n\t\t\t<div class=\"elementor-widget-wrap elementor-element-populated\">\n\t\t\t\t\t\t<div class=\"elementor-element elementor-element-5701fe8b elementor-widget elementor-widget-text-editor\" data-id=\"5701fe8b\" data-element_type=\"widget\" data-e-type=\"widget\" data-widget_type=\"text-editor.default\">\n\t\t\t\t<div class=\"elementor-widget-container\">\n\t\t\t\t\t\t\t\t\t<p>El servicio de corrugado es para tripas de calibre de entre 40 hasta 300 mil\u00edmetros (ancho plano desde 65 hasta 470 mil\u00edmetros).<br \/>La mercader\u00eda se entrega en tubos de 45 cent\u00edmetros de longitud, conteniendo 30 metros de producto, embalados en cajas de cart\u00f3n debidamente rotuladas.<\/p>\t\t\t\t\t\t\t\t<\/div>\n\t\t\t\t<\/div>\n\t\t\t\t\t<\/div>\n\t\t<\/div>\n\t\t\t\t\t<\/div>\n\t\t<\/section>\n\t\t\t\t<\/div>\n\t\t","protected":false},"excerpt":{"rendered":"<p>En MitMaq ofrecemos el servicio de corrugado de tripas fibrosas y pl\u00e1sticas para terceros.<\/p>\n<p>Consultar por tarifas y disponibilidad.<\/p>\n","protected":false},"featured_media":0,"comment_status":"open","ping_status":"closed","template":"","meta":[],"product_brand":[],"product_cat":[15,95],"product_tag":[132,131,133],"class_list":{"0":"post-4473","1":"product","2":"type-product","3":"status-publish","5":"product_cat-carnica","6":"product_cat-confeccion-de-tripa","7":"product_tag-ind-avicola","8":"product_tag-ind-carnica","9":"product_tag-servicios-mitmaq","11":"first","12":"instock","13":"taxable","14":"shipping-taxable","15":"product-type-simple"},"_links":{"self":[{"href":"https:\/\/mitmaq.com\/staging\/wp-json\/wp\/v2\/product\/4473","targetHints":{"allow":["GET"]}}],"collection":[{"href":"https:\/\/mitmaq.com\/staging\/wp-json\/wp\/v2\/product"}],"about":[{"href":"https:\/\/mitmaq.com\/staging\/wp-json\/wp\/v2\/types\/product"}],"replies":[{"embeddable":true,"href":"https:\/\/mitmaq.com\/staging\/wp-json\/wp\/v2\/comments?post=4473"}],"version-history":[{"count":1,"href":"https:\/\/mitmaq.com\/staging\/wp-json\/wp\/v2\/product\/4473\/revisions"}],"predecessor-version":[{"id":13134,"href":"https:\/\/mitmaq.com\/staging\/wp-json\/wp\/v2\/product\/4473\/revisions\/13134"}],"wp:attachment":[{"href":"https:\/\/mitmaq.com\/staging\/wp-json\/wp\/v2\/media?parent=4473"}],"wp:term":[{"taxonomy":"product_brand","embeddable":true,"href":"https:\/\/mitmaq.com\/staging\/wp-json\/wp\/v2\/product_brand?post=4473"},{"taxonomy":"product_cat","embeddable":true,"href":"https:\/\/mitmaq.com\/staging\/wp-json\/wp\/v2\/product_cat?post=4473"},{"taxonomy":"product_tag","embeddable":true,"href":"https:\/\/mitmaq.com\/staging\/wp-json\/wp\/v2\/product_tag?post=4473"}],"curies":[{"name":"wp","href":"https:\/\/api.w.org\/{rel}","templated":true}]}}