{"id":12224,"date":"2024-09-10T11:18:24","date_gmt":"2024-09-10T14:18:24","guid":{"rendered":"https:\/\/mitmaq.com\/?post_type=product&#038;p=12224"},"modified":"2025-10-16T13:56:35","modified_gmt":"2025-10-16T16:56:35","slug":"aw-5600atii","status":"publish","type":"product","link":"https:\/\/mitmaq.com\/staging\/product\/aw-5600atii\/","title":{"rendered":"AW-5600ATII"},"content":{"rendered":"\t\t<div data-elementor-type=\"wp-post\" data-elementor-id=\"12224\" class=\"elementor elementor-12224\">\n\t\t\t\t\t\t<section class=\"elementor-section elementor-top-section elementor-element elementor-element-31521146 elementor-section-boxed elementor-section-height-default elementor-section-height-default\" data-id=\"31521146\" data-element_type=\"section\" data-e-type=\"section\">\n\t\t\t\t\t\t<div class=\"elementor-container elementor-column-gap-default\">\n\t\t\t\t\t<div class=\"elementor-column elementor-col-100 elementor-top-column elementor-element elementor-element-548c5a5e\" data-id=\"548c5a5e\" data-element_type=\"column\" data-e-type=\"column\">\n\t\t\t<div class=\"elementor-widget-wrap elementor-element-populated\">\n\t\t\t\t\t\t<div class=\"elementor-element elementor-element-5e4e6bea elementor-widget elementor-widget-text-editor\" data-id=\"5e4e6bea\" data-element_type=\"widget\" data-e-type=\"widget\" data-widget_type=\"text-editor.default\">\n\t\t\t\t<div class=\"elementor-widget-container\">\n\t\t\t\t\t\t\t\t\t<p>\u00a0<\/p><p><span style=\"background-color: var(--et_container-bg-color,transparent); font-size: 15.96px;\">S<b>oluci\u00f3n Todo-en-uno<\/b><\/span><\/p><p><span style=\"font-size: 15.96px;\">Con la AW 5600 AT II puede empaquetar pesar y etiquetar con una \u00fanica m\u00e1quina. La operaci\u00f3n en s\u00ed es muy sencilla.<\/span><\/p><p><span style=\"font-size: 15.96px;\">Disfrute del siguiente video para conocer el concepto y los beneficios de esta soluci\u00f3n.<\/span><\/p>\t\t\t\t\t\t\t\t<\/div>\n\t\t\t\t<\/div>\n\t\t\t\t<section class=\"elementor-section elementor-inner-section elementor-element elementor-element-94a1e32 elementor-section-boxed elementor-section-height-default elementor-section-height-default\" data-id=\"94a1e32\" data-element_type=\"section\" data-e-type=\"section\">\n\t\t\t\t\t\t<div class=\"elementor-container elementor-column-gap-default\">\n\t\t\t\t\t<div class=\"elementor-column elementor-col-50 elementor-inner-column elementor-element elementor-element-7abe6b2\" data-id=\"7abe6b2\" data-element_type=\"column\" data-e-type=\"column\">\n\t\t\t<div class=\"elementor-widget-wrap elementor-element-populated\">\n\t\t\t\t\t\t<div class=\"elementor-element elementor-element-a00b86f elementor-widget elementor-widget-text-editor\" data-id=\"a00b86f\" data-element_type=\"widget\" data-e-type=\"widget\" data-widget_type=\"text-editor.default\">\n\t\t\t\t<div class=\"elementor-widget-container\">\n\t\t\t\t\t\t\t\t\t<p><span style=\"font-size: 15.96px;\">Alta Productividad<\/span><\/p><p>Incremente la productividad con una velocidad de 36 paquetes por minuto, reduce los cambios de film, gran pantalla f\u00e1cil de manejar, puede ver el contenido de la etiqueta en todo momento, lo que le ayuda a prevenir errores. El equipo determina autom\u00e1ticamente las condiciones mas \u00f3ptimas de empaquetado seg\u00fan las dimensiones de las bandejas.<\/p>\t\t\t\t\t\t\t\t<\/div>\n\t\t\t\t<\/div>\n\t\t\t\t\t<\/div>\n\t\t<\/div>\n\t\t\t\t<div class=\"elementor-column elementor-col-50 elementor-inner-column elementor-element elementor-element-3353977\" data-id=\"3353977\" data-element_type=\"column\" data-e-type=\"column\">\n\t\t\t<div class=\"elementor-widget-wrap elementor-element-populated\">\n\t\t\t\t\t\t<div class=\"elementor-element elementor-element-8b78f7d elementor-widget elementor-widget-image\" data-id=\"8b78f7d\" data-element_type=\"widget\" data-e-type=\"widget\" data-widget_type=\"image.default\">\n\t\t\t\t<div class=\"elementor-widget-container\">\n\t\t\t\t\t\t\t\t\t\t\t\t\t\t\t<img fetchpriority=\"high\" decoding=\"async\" width=\"800\" height=\"450\" src=\"https:\/\/mitmaq.com\/staging\/wp-content\/uploads\/2024\/09\/aw5600_WP04_02.jpg\" class=\"attachment-full size-full wp-image-12227\" alt=\"\" srcset=\"https:\/\/mitmaq.com\/staging\/wp-content\/uploads\/2024\/09\/aw5600_WP04_02.jpg 800w, https:\/\/mitmaq.com\/staging\/wp-content\/uploads\/2024\/09\/aw5600_WP04_02-300x169.jpg 300w, https:\/\/mitmaq.com\/staging\/wp-content\/uploads\/2024\/09\/aw5600_WP04_02-768x432.jpg 768w, https:\/\/mitmaq.com\/staging\/wp-content\/uploads\/2024\/09\/aw5600_WP04_02-600x338.jpg 600w, https:\/\/mitmaq.com\/staging\/wp-content\/uploads\/2024\/09\/aw5600_WP04_02-1x1.jpg 1w, https:\/\/mitmaq.com\/staging\/wp-content\/uploads\/2024\/09\/aw5600_WP04_02-10x6.jpg 10w\" sizes=\"(max-width: 800px) 100vw, 800px\" \/>\t\t\t\t\t\t\t\t\t\t\t\t\t\t\t<\/div>\n\t\t\t\t<\/div>\n\t\t\t\t\t<\/div>\n\t\t<\/div>\n\t\t\t\t\t<\/div>\n\t\t<\/section>\n\t\t\t\t<section class=\"elementor-section elementor-inner-section elementor-element elementor-element-8bf3668 elementor-section-boxed elementor-section-height-default elementor-section-height-default\" data-id=\"8bf3668\" data-element_type=\"section\" data-e-type=\"section\">\n\t\t\t\t\t\t<div class=\"elementor-container elementor-column-gap-default\">\n\t\t\t\t\t<div class=\"elementor-column elementor-col-50 elementor-inner-column elementor-element elementor-element-7d6a8b7\" data-id=\"7d6a8b7\" data-element_type=\"column\" data-e-type=\"column\">\n\t\t\t<div class=\"elementor-widget-wrap elementor-element-populated\">\n\t\t\t\t\t\t<div class=\"elementor-element elementor-element-091ec91 elementor-widget elementor-widget-image\" data-id=\"091ec91\" data-element_type=\"widget\" data-e-type=\"widget\" data-widget_type=\"image.default\">\n\t\t\t\t<div class=\"elementor-widget-container\">\n\t\t\t\t\t\t\t\t\t\t\t\t\t\t\t<img decoding=\"async\" width=\"800\" height=\"450\" src=\"https:\/\/mitmaq.com\/staging\/wp-content\/uploads\/2024\/09\/aw5600_WP04_03.jpg\" class=\"attachment-full size-full wp-image-12228\" alt=\"\" srcset=\"https:\/\/mitmaq.com\/staging\/wp-content\/uploads\/2024\/09\/aw5600_WP04_03.jpg 800w, https:\/\/mitmaq.com\/staging\/wp-content\/uploads\/2024\/09\/aw5600_WP04_03-300x169.jpg 300w, https:\/\/mitmaq.com\/staging\/wp-content\/uploads\/2024\/09\/aw5600_WP04_03-768x432.jpg 768w, https:\/\/mitmaq.com\/staging\/wp-content\/uploads\/2024\/09\/aw5600_WP04_03-600x338.jpg 600w, https:\/\/mitmaq.com\/staging\/wp-content\/uploads\/2024\/09\/aw5600_WP04_03-1x1.jpg 1w, https:\/\/mitmaq.com\/staging\/wp-content\/uploads\/2024\/09\/aw5600_WP04_03-10x6.jpg 10w\" sizes=\"(max-width: 800px) 100vw, 800px\" \/>\t\t\t\t\t\t\t\t\t\t\t\t\t\t\t<\/div>\n\t\t\t\t<\/div>\n\t\t\t\t\t<\/div>\n\t\t<\/div>\n\t\t\t\t<div class=\"elementor-column elementor-col-50 elementor-inner-column elementor-element elementor-element-a89f07f\" data-id=\"a89f07f\" data-element_type=\"column\" data-e-type=\"column\">\n\t\t\t<div class=\"elementor-widget-wrap elementor-element-populated\">\n\t\t\t\t\t\t<div class=\"elementor-element elementor-element-2d9c25b elementor-widget elementor-widget-text-editor\" data-id=\"2d9c25b\" data-element_type=\"widget\" data-e-type=\"widget\" data-widget_type=\"text-editor.default\">\n\t\t\t\t<div class=\"elementor-widget-container\">\n\t\t\t\t\t\t\t\t\t<p><span style=\"font-size: 15.96px;\"><b>Economico y ecol\u00f3gico<\/b><\/span><br \/>La tecnolog\u00eda de s\u00faper estiramiento hace el mejor uso del film ayudando a reducir el consumo del mismo, mientras que las etiquetas sin linerless eliminan los espacios innecesarios y ayudan a reducir el consumo de etiquetas. El modo de conservaci\u00f3n de energ\u00eda ayuda a reducir el consumo de energ\u00eda mientras la m\u00e1quina no est\u00e1 en funcionamiento. Estas caracter\u00edsticas proporcionan econom\u00eda y un m\u00ednimo impacto ecol\u00f3gico.<\/p>\t\t\t\t\t\t\t\t<\/div>\n\t\t\t\t<\/div>\n\t\t\t\t\t<\/div>\n\t\t<\/div>\n\t\t\t\t\t<\/div>\n\t\t<\/section>\n\t\t\t\t<section class=\"elementor-section elementor-inner-section elementor-element elementor-element-618d186 elementor-section-boxed elementor-section-height-default elementor-section-height-default\" data-id=\"618d186\" data-element_type=\"section\" data-e-type=\"section\">\n\t\t\t\t\t\t<div class=\"elementor-container elementor-column-gap-default\">\n\t\t\t\t\t<div class=\"elementor-column elementor-col-50 elementor-inner-column elementor-element elementor-element-2e4d61b\" data-id=\"2e4d61b\" data-element_type=\"column\" data-e-type=\"column\">\n\t\t\t<div class=\"elementor-widget-wrap elementor-element-populated\">\n\t\t\t\t\t\t<div class=\"elementor-element elementor-element-5d3dc22 elementor-widget elementor-widget-text-editor\" data-id=\"5d3dc22\" data-element_type=\"widget\" data-e-type=\"widget\" data-widget_type=\"text-editor.default\">\n\t\t\t\t<div class=\"elementor-widget-container\">\n\t\t\t\t\t\t\t\t\t<p><span style=\"font-size: 15.96px;\"><b>Presentaci\u00f3n efectiva mediante variedad de etiquetas<\/b><\/span><\/p><p><span style=\"font-size: 15.96px;\">El dise\u00f1o de etiqueta flexible sin restricci\u00f3n a un solo tama\u00f1o le permite resaltar no solo la informaci\u00f3n com\u00fan del producto, sino tambi\u00e9n las caracter\u00edsticas y la frescura del producto. La impresi\u00f3n de informaci\u00f3n como consejos y recetas para los consumidores aumenta el valor promocional. Las etiquetas para estanterias ayudan a mejorar la productividad y el etiquetado alrededor del paquete brindan una impresi\u00f3n de calidad. Todas las etiquetadoras pueden aplicar etiquetas linerless, incluida la etiquetadora inferior.<\/span><\/p><p>\u00a0<\/p>\t\t\t\t\t\t\t\t<\/div>\n\t\t\t\t<\/div>\n\t\t\t\t\t<\/div>\n\t\t<\/div>\n\t\t\t\t<div class=\"elementor-column elementor-col-50 elementor-inner-column elementor-element elementor-element-64e9f82\" data-id=\"64e9f82\" data-element_type=\"column\" data-e-type=\"column\">\n\t\t\t<div class=\"elementor-widget-wrap elementor-element-populated\">\n\t\t\t\t\t\t<div class=\"elementor-element elementor-element-fd0dd98 elementor-widget elementor-widget-image\" data-id=\"fd0dd98\" data-element_type=\"widget\" data-e-type=\"widget\" data-widget_type=\"image.default\">\n\t\t\t\t<div class=\"elementor-widget-container\">\n\t\t\t\t\t\t\t\t\t\t\t\t\t\t\t<img decoding=\"async\" width=\"800\" height=\"450\" src=\"https:\/\/mitmaq.com\/staging\/wp-content\/uploads\/2024\/09\/aw5600-2_WP04_05.jpg\" class=\"attachment-full size-full wp-image-12230\" alt=\"\" srcset=\"https:\/\/mitmaq.com\/staging\/wp-content\/uploads\/2024\/09\/aw5600-2_WP04_05.jpg 800w, https:\/\/mitmaq.com\/staging\/wp-content\/uploads\/2024\/09\/aw5600-2_WP04_05-300x169.jpg 300w, https:\/\/mitmaq.com\/staging\/wp-content\/uploads\/2024\/09\/aw5600-2_WP04_05-768x432.jpg 768w, https:\/\/mitmaq.com\/staging\/wp-content\/uploads\/2024\/09\/aw5600-2_WP04_05-600x338.jpg 600w, https:\/\/mitmaq.com\/staging\/wp-content\/uploads\/2024\/09\/aw5600-2_WP04_05-1x1.jpg 1w, https:\/\/mitmaq.com\/staging\/wp-content\/uploads\/2024\/09\/aw5600-2_WP04_05-10x6.jpg 10w\" sizes=\"(max-width: 800px) 100vw, 800px\" \/>\t\t\t\t\t\t\t\t\t\t\t\t\t\t\t<\/div>\n\t\t\t\t<\/div>\n\t\t\t\t\t<\/div>\n\t\t<\/div>\n\t\t\t\t\t<\/div>\n\t\t<\/section>\n\t\t\t\t<section class=\"elementor-section elementor-inner-section elementor-element elementor-element-a6b14a0 elementor-section-boxed elementor-section-height-default elementor-section-height-default\" data-id=\"a6b14a0\" data-element_type=\"section\" data-e-type=\"section\">\n\t\t\t\t\t\t<div class=\"elementor-container elementor-column-gap-default\">\n\t\t\t\t\t<div class=\"elementor-column elementor-col-100 elementor-inner-column elementor-element elementor-element-e365a30\" data-id=\"e365a30\" data-element_type=\"column\" data-e-type=\"column\">\n\t\t\t<div class=\"elementor-widget-wrap elementor-element-populated\">\n\t\t\t\t\t\t<div class=\"elementor-element elementor-element-a17e3e8 elementor-widget elementor-widget-video\" data-id=\"a17e3e8\" data-element_type=\"widget\" data-e-type=\"widget\" data-settings=\"{&quot;youtube_url&quot;:&quot;https:\\\/\\\/youtu.be\\\/4QVHaxiQyYE&quot;,&quot;video_type&quot;:&quot;youtube&quot;,&quot;controls&quot;:&quot;yes&quot;}\" data-widget_type=\"video.default\">\n\t\t\t\t<div class=\"elementor-widget-container\">\n\t\t\t\t\t\t\t<div class=\"elementor-wrapper elementor-open-inline\">\n\t\t\t<div class=\"elementor-video\"><\/div>\t\t<\/div>\n\t\t\t\t\t\t<\/div>\n\t\t\t\t<\/div>\n\t\t\t\t\t<\/div>\n\t\t<\/div>\n\t\t\t\t\t<\/div>\n\t\t<\/section>\n\t\t\t\t<div class=\"elementor-element elementor-element-180b498 elementor-widget elementor-widget-text-editor\" data-id=\"180b498\" data-element_type=\"widget\" data-e-type=\"widget\" data-widget_type=\"text-editor.default\">\n\t\t\t\t<div class=\"elementor-widget-container\">\n\t\t\t\t\t\t\t\t\t<p>Para m\u00e1s informaci\u00f3n, te invitamos a visitar el sitio web de Digi: <span style=\"border-bottom: 2px solid #96D045;\"><a href=\"https:\/\/www.digisystem.com\/\/\" target=\"_blank\" rel=\"noopener\">www.digisystem.com<\/a><\/span><\/p>\t\t\t\t\t\t\t\t<\/div>\n\t\t\t\t<\/div>\n\t\t\t\t\t<\/div>\n\t\t<\/div>\n\t\t\t\t\t<\/div>\n\t\t<\/section>\n\t\t\t\t<\/div>\n\t\t","protected":false},"excerpt":{"rendered":"<p>Sistema compacto de pesado empaquetado y etiquetado dise\u00f1ado para un eficaz y sencillo manejo.<\/p>\n<p>Producto disponible en:<br \/>\n<a href=\"https:\/\/mitmaq.com\/wp-content\/uploads\/2021\/09\/Argentina.png\"><img loading=\"lazy\" decoding=\"async\" class=\"alignnone wp-image-5937\" src=\"https:\/\/mitmaq.com\/wp-content\/uploads\/2021\/09\/Argentina.png\" alt=\"Argentina\" width=\"30\" height=\"30\" srcset=\"https:\/\/mitmaq.com\/staging\/wp-content\/uploads\/2021\/09\/Argentina.png 100w, https:\/\/mitmaq.com\/staging\/wp-content\/uploads\/2021\/09\/Argentina-1x1.png 1w, https:\/\/mitmaq.com\/staging\/wp-content\/uploads\/2021\/09\/Argentina-10x10.png 10w\" sizes=\"(max-width: 30px) 100vw, 30px\" \/> <\/a><a href=\"https:\/\/mitmaq.com\/wp-content\/uploads\/2021\/09\/Bolivia.png\"><img loading=\"lazy\" decoding=\"async\" class=\"alignnone wp-image-5938\" src=\"https:\/\/mitmaq.com\/wp-content\/uploads\/2021\/09\/Bolivia.png\" alt=\"Bolivia\" width=\"30\" height=\"30\" srcset=\"https:\/\/mitmaq.com\/staging\/wp-content\/uploads\/2021\/09\/Bolivia.png 100w, https:\/\/mitmaq.com\/staging\/wp-content\/uploads\/2021\/09\/Bolivia-1x1.png 1w, https:\/\/mitmaq.com\/staging\/wp-content\/uploads\/2021\/09\/Bolivia-10x10.png 10w\" sizes=\"(max-width: 30px) 100vw, 30px\" \/> <\/a><a href=\"https:\/\/mitmaq.com\/wp-content\/uploads\/2021\/09\/Paraguay.png\"><img loading=\"lazy\" decoding=\"async\" class=\"alignnone wp-image-5939\" src=\"https:\/\/mitmaq.com\/wp-content\/uploads\/2021\/09\/Paraguay.png\" alt=\"Paraguay\" width=\"30\" height=\"30\" srcset=\"https:\/\/mitmaq.com\/staging\/wp-content\/uploads\/2021\/09\/Paraguay.png 100w, https:\/\/mitmaq.com\/staging\/wp-content\/uploads\/2021\/09\/Paraguay-1x1.png 1w, https:\/\/mitmaq.com\/staging\/wp-content\/uploads\/2021\/09\/Paraguay-10x10.png 10w\" sizes=\"(max-width: 30px) 100vw, 30px\" \/> <\/a><a href=\"https:\/\/mitmaq.com\/wp-content\/uploads\/2021\/09\/Uruguay.png\"><img loading=\"lazy\" decoding=\"async\" class=\"alignnone wp-image-5940\" src=\"https:\/\/mitmaq.com\/wp-content\/uploads\/2021\/09\/Uruguay.png\" alt=\"Uruguay\" width=\"30\" height=\"30\" srcset=\"https:\/\/mitmaq.com\/staging\/wp-content\/uploads\/2021\/09\/Uruguay.png 100w, https:\/\/mitmaq.com\/staging\/wp-content\/uploads\/2021\/09\/Uruguay-1x1.png 1w, https:\/\/mitmaq.com\/staging\/wp-content\/uploads\/2021\/09\/Uruguay-10x10.png 10w\" sizes=\"(max-width: 30px) 100vw, 30px\" \/><\/a><\/p>\n","protected":false},"featured_media":13037,"comment_status":"open","ping_status":"closed","template":"","meta":[],"product_brand":[291],"product_cat":[15,68],"product_tag":[142,132,131,134,17,18,135,20],"class_list":{"0":"post-12224","1":"product","2":"type-product","3":"status-publish","4":"has-post-thumbnail","6":"product_brand-digi","7":"product_cat-carnica","8":"product_cat-maquinas-posventa","9":"product_tag-final-de-linea","10":"product_tag-ind-avicola","11":"product_tag-ind-carnica","12":"product_tag-ind-frutihorticola","13":"product_tag-ind-gastronomica","14":"product_tag-ind-lactea","15":"product_tag-ind-panificados-y-dulces","16":"product_tag-ind-pesquera","18":"first","19":"instock","20":"taxable","21":"shipping-taxable","22":"product-type-simple"},"_links":{"self":[{"href":"https:\/\/mitmaq.com\/staging\/wp-json\/wp\/v2\/product\/12224","targetHints":{"allow":["GET"]}}],"collection":[{"href":"https:\/\/mitmaq.com\/staging\/wp-json\/wp\/v2\/product"}],"about":[{"href":"https:\/\/mitmaq.com\/staging\/wp-json\/wp\/v2\/types\/product"}],"replies":[{"embeddable":true,"href":"https:\/\/mitmaq.com\/staging\/wp-json\/wp\/v2\/comments?post=12224"}],"version-history":[{"count":7,"href":"https:\/\/mitmaq.com\/staging\/wp-json\/wp\/v2\/product\/12224\/revisions"}],"predecessor-version":[{"id":13038,"href":"https:\/\/mitmaq.com\/staging\/wp-json\/wp\/v2\/product\/12224\/revisions\/13038"}],"wp:featuredmedia":[{"embeddable":true,"href":"https:\/\/mitmaq.com\/staging\/wp-json\/wp\/v2\/media\/13037"}],"wp:attachment":[{"href":"https:\/\/mitmaq.com\/staging\/wp-json\/wp\/v2\/media?parent=12224"}],"wp:term":[{"taxonomy":"product_brand","embeddable":true,"href":"https:\/\/mitmaq.com\/staging\/wp-json\/wp\/v2\/product_brand?post=12224"},{"taxonomy":"product_cat","embeddable":true,"href":"https:\/\/mitmaq.com\/staging\/wp-json\/wp\/v2\/product_cat?post=12224"},{"taxonomy":"product_tag","embeddable":true,"href":"https:\/\/mitmaq.com\/staging\/wp-json\/wp\/v2\/product_tag?post=12224"}],"curies":[{"name":"wp","href":"https:\/\/api.w.org\/{rel}","templated":true}]}}