{"id":11971,"date":"2023-12-26T18:36:41","date_gmt":"2023-12-26T21:36:41","guid":{"rendered":"https:\/\/mitmaq.com\/?post_type=product&#038;p=11971"},"modified":"2024-01-16T11:32:45","modified_gmt":"2024-01-16T14:32:45","slug":"i140i175i225-with-hopper","status":"publish","type":"product","link":"https:\/\/mitmaq.com\/staging\/product\/i140i175i225-with-hopper\/","title":{"rendered":"I140+I175+I225 with hopper"},"content":{"rendered":"\t\t<div data-elementor-type=\"wp-post\" data-elementor-id=\"11971\" class=\"elementor elementor-11971\">\n\t\t\t\t\t\t<section class=\"elementor-section elementor-top-section elementor-element elementor-element-31521146 elementor-section-boxed elementor-section-height-default elementor-section-height-default\" data-id=\"31521146\" data-element_type=\"section\" data-e-type=\"section\">\n\t\t\t\t\t\t<div class=\"elementor-container elementor-column-gap-default\">\n\t\t\t\t\t<div class=\"elementor-column elementor-col-100 elementor-top-column elementor-element elementor-element-548c5a5e\" data-id=\"548c5a5e\" data-element_type=\"column\" data-e-type=\"column\">\n\t\t\t<div class=\"elementor-widget-wrap elementor-element-populated\">\n\t\t\t\t\t\t<div class=\"elementor-element elementor-element-bdc2aa6 elementor-align-right elementor-widget elementor-widget-button\" data-id=\"bdc2aa6\" data-element_type=\"widget\" data-e-type=\"widget\" data-widget_type=\"button.default\">\n\t\t\t\t<div class=\"elementor-widget-container\">\n\t\t\t\t\t\t\t\t\t<div class=\"elementor-button-wrapper\">\n\t\t\t\t\t<a class=\"elementor-button elementor-button-link elementor-size-sm\" href=\"https:\/\/mitmaq.com\/wp-content\/uploads\/2024\/01\/I140I175I225-with-hopper.pdf\" target=\"_blank\">\n\t\t\t\t\t\t<span class=\"elementor-button-content-wrapper\">\n\t\t\t\t\t\t\t\t\t<span class=\"elementor-button-text\">Descargar Folleto<\/span>\n\t\t\t\t\t<\/span>\n\t\t\t\t\t<\/a>\n\t\t\t\t<\/div>\n\t\t\t\t\t\t\t\t<\/div>\n\t\t\t\t<\/div>\n\t\t\t\t<div class=\"elementor-element elementor-element-5e4e6bea elementor-widget elementor-widget-text-editor\" data-id=\"5e4e6bea\" data-element_type=\"widget\" data-e-type=\"widget\" data-widget_type=\"text-editor.default\">\n\t\t\t\t<div class=\"elementor-widget-container\">\n\t\t\t\t\t\t\t\t\t<p>M\u00e1quinas de tolva para un funcionamiento continuo para productos f\u00e1cilmente bombeables.<\/p><p><br \/>Montaje r\u00e1pido y sencillo del juego de corte, ajuste y reajuste autom\u00e1tico del juego de corte para una calidad constante del producto.<\/p><p><br \/>F\u00e1cil adaptaci\u00f3n de los par\u00e1metros de la m\u00e1quina al producto.<\/p><p><br \/>Arranque suave de la m\u00e1quina sin presi\u00f3n ni contacto entre las cuchillas y las placas perforadas para una m\u00e1xima seguridad del producto.<\/p>\t\t\t\t\t\t\t\t<\/div>\n\t\t\t\t<\/div>\n\t\t\t\t<div class=\"elementor-element elementor-element-180b498 elementor-widget elementor-widget-text-editor\" data-id=\"180b498\" data-element_type=\"widget\" data-e-type=\"widget\" data-widget_type=\"text-editor.default\">\n\t\t\t\t<div class=\"elementor-widget-container\">\n\t\t\t\t\t\t\t\t\t<p>Para m\u00e1s informaci\u00f3n, te invitamos a visitar el sitio web de Handtmann-Inotec: <span style=\"border-bottom: 2px solid #96D045;\"><a href=\"https:\/\/www.handtmann.de\/es\/sistemas-de-embuticion-y-de-porcionado\/inotec\" target=\"_blank\" rel=\"noopener\">https:\/\/www.handtmann.de\/<\/a><\/span><\/p>\t\t\t\t\t\t\t\t<\/div>\n\t\t\t\t<\/div>\n\t\t\t\t\t<\/div>\n\t\t<\/div>\n\t\t\t\t\t<\/div>\n\t\t<\/section>\n\t\t\t\t<\/div>\n\t\t","protected":false},"excerpt":{"rendered":"<p>Emulsionador con tolva de alimentaci\u00f3n para alimentaci\u00f3n por gravedad y accionamiento directo.<\/p>\n<p>Producto disponible en:<br \/>\n<a href=\"https:\/\/mitmaq.com\/wp-content\/uploads\/2021\/09\/Argentina.png\"><img decoding=\"async\" class=\"alignnone wp-image-5937\" src=\"https:\/\/mitmaq.com\/wp-content\/uploads\/2021\/09\/Argentina.png\" alt=\"Argentina\" width=\"30\" height=\"30\" srcset=\"https:\/\/mitmaq.com\/staging\/wp-content\/uploads\/2021\/09\/Argentina.png 100w, https:\/\/mitmaq.com\/staging\/wp-content\/uploads\/2021\/09\/Argentina-1x1.png 1w, https:\/\/mitmaq.com\/staging\/wp-content\/uploads\/2021\/09\/Argentina-10x10.png 10w\" sizes=\"(max-width: 30px) 100vw, 30px\" \/> <\/a><a href=\"https:\/\/mitmaq.com\/wp-content\/uploads\/2021\/09\/Bolivia.png\"><img decoding=\"async\" class=\"alignnone wp-image-5938\" src=\"https:\/\/mitmaq.com\/wp-content\/uploads\/2021\/09\/Bolivia.png\" alt=\"Bolivia\" width=\"30\" height=\"30\" srcset=\"https:\/\/mitmaq.com\/staging\/wp-content\/uploads\/2021\/09\/Bolivia.png 100w, https:\/\/mitmaq.com\/staging\/wp-content\/uploads\/2021\/09\/Bolivia-1x1.png 1w, https:\/\/mitmaq.com\/staging\/wp-content\/uploads\/2021\/09\/Bolivia-10x10.png 10w\" sizes=\"(max-width: 30px) 100vw, 30px\" \/> <\/a><a href=\"https:\/\/mitmaq.com\/wp-content\/uploads\/2021\/09\/Paraguay.png\"><img decoding=\"async\" class=\"alignnone wp-image-5939\" src=\"https:\/\/mitmaq.com\/wp-content\/uploads\/2021\/09\/Paraguay.png\" alt=\"Paraguay\" width=\"30\" height=\"30\" srcset=\"https:\/\/mitmaq.com\/staging\/wp-content\/uploads\/2021\/09\/Paraguay.png 100w, https:\/\/mitmaq.com\/staging\/wp-content\/uploads\/2021\/09\/Paraguay-1x1.png 1w, https:\/\/mitmaq.com\/staging\/wp-content\/uploads\/2021\/09\/Paraguay-10x10.png 10w\" sizes=\"(max-width: 30px) 100vw, 30px\" \/> <\/a><a href=\"https:\/\/mitmaq.com\/wp-content\/uploads\/2021\/09\/Uruguay.png\"><img loading=\"lazy\" decoding=\"async\" class=\"alignnone wp-image-5940\" src=\"https:\/\/mitmaq.com\/wp-content\/uploads\/2021\/09\/Uruguay.png\" alt=\"Uruguay\" width=\"30\" height=\"30\" srcset=\"https:\/\/mitmaq.com\/staging\/wp-content\/uploads\/2021\/09\/Uruguay.png 100w, https:\/\/mitmaq.com\/staging\/wp-content\/uploads\/2021\/09\/Uruguay-1x1.png 1w, https:\/\/mitmaq.com\/staging\/wp-content\/uploads\/2021\/09\/Uruguay-10x10.png 10w\" sizes=\"(max-width: 30px) 100vw, 30px\" \/><\/a><\/p>\n","protected":false},"featured_media":12024,"comment_status":"open","ping_status":"closed","template":"","meta":[],"product_brand":[],"product_cat":[15,68],"product_tag":[131,145],"class_list":{"0":"post-11971","1":"product","2":"type-product","3":"status-publish","4":"has-post-thumbnail","6":"product_cat-carnica","7":"product_cat-maquinas-posventa","8":"product_tag-ind-carnica","9":"product_tag-picado-mezclado","11":"first","12":"instock","13":"taxable","14":"shipping-taxable","15":"product-type-simple"},"_links":{"self":[{"href":"https:\/\/mitmaq.com\/staging\/wp-json\/wp\/v2\/product\/11971","targetHints":{"allow":["GET"]}}],"collection":[{"href":"https:\/\/mitmaq.com\/staging\/wp-json\/wp\/v2\/product"}],"about":[{"href":"https:\/\/mitmaq.com\/staging\/wp-json\/wp\/v2\/types\/product"}],"replies":[{"embeddable":true,"href":"https:\/\/mitmaq.com\/staging\/wp-json\/wp\/v2\/comments?post=11971"}],"version-history":[{"count":13,"href":"https:\/\/mitmaq.com\/staging\/wp-json\/wp\/v2\/product\/11971\/revisions"}],"predecessor-version":[{"id":12033,"href":"https:\/\/mitmaq.com\/staging\/wp-json\/wp\/v2\/product\/11971\/revisions\/12033"}],"wp:featuredmedia":[{"embeddable":true,"href":"https:\/\/mitmaq.com\/staging\/wp-json\/wp\/v2\/media\/12024"}],"wp:attachment":[{"href":"https:\/\/mitmaq.com\/staging\/wp-json\/wp\/v2\/media?parent=11971"}],"wp:term":[{"taxonomy":"product_brand","embeddable":true,"href":"https:\/\/mitmaq.com\/staging\/wp-json\/wp\/v2\/product_brand?post=11971"},{"taxonomy":"product_cat","embeddable":true,"href":"https:\/\/mitmaq.com\/staging\/wp-json\/wp\/v2\/product_cat?post=11971"},{"taxonomy":"product_tag","embeddable":true,"href":"https:\/\/mitmaq.com\/staging\/wp-json\/wp\/v2\/product_tag?post=11971"}],"curies":[{"name":"wp","href":"https:\/\/api.w.org\/{rel}","templated":true}]}}