{"id":11962,"date":"2023-12-26T18:26:51","date_gmt":"2023-12-26T21:26:51","guid":{"rendered":"https:\/\/mitmaq.com\/?post_type=product&#038;p=11962"},"modified":"2025-10-16T19:13:23","modified_gmt":"2025-10-16T22:13:23","slug":"desclipadora-ec02-clip-away","status":"publish","type":"product","link":"https:\/\/mitmaq.com\/staging\/product\/desclipadora-ec02-clip-away\/","title":{"rendered":"Desclipadora EC02 Clip Away"},"content":{"rendered":"\t\t<div data-elementor-type=\"wp-post\" data-elementor-id=\"11962\" class=\"elementor elementor-11962\">\n\t\t\t\t\t\t<section class=\"elementor-section elementor-top-section elementor-element elementor-element-31521146 elementor-section-boxed elementor-section-height-default elementor-section-height-default\" data-id=\"31521146\" data-element_type=\"section\" data-e-type=\"section\">\n\t\t\t\t\t\t<div class=\"elementor-container elementor-column-gap-default\">\n\t\t\t\t\t<div class=\"elementor-column elementor-col-100 elementor-top-column elementor-element elementor-element-548c5a5e\" data-id=\"548c5a5e\" data-element_type=\"column\" data-e-type=\"column\">\n\t\t\t<div class=\"elementor-widget-wrap elementor-element-populated\">\n\t\t\t\t\t\t<div class=\"elementor-element elementor-element-5e4e6bea elementor-widget elementor-widget-text-editor\" data-id=\"5e4e6bea\" data-element_type=\"widget\" data-e-type=\"widget\" data-widget_type=\"text-editor.default\">\n\t\t\t\t<div class=\"elementor-widget-container\">\n\t\t\t\t\t\t\t\t\t<p>La desclipadora Handtmann Inotec EC02 es apropiada para la separaci\u00f3n autom\u00e1tica y la eliminaci\u00f3n simult\u00e1nea de clips met\u00e1licos en productos de embutido. Los clips simples o dobles de los productos en barra se eliminan de forma segura a un nivel de rendimiento industrial. La integraci\u00f3n opcional en l\u00edneas automatizadas de alimentaci\u00f3n y envasado satisface los altos requerimientos de la industria alimentaria en cuanto a higiene, presentaci\u00f3n y seguridad de los productos.<\/p><p>\u00a0<\/p><p><strong>Desclipado seguro mediante una separaci\u00f3n precisa<\/strong><\/p><p>La seguridad de los productos es uno de los principales retos en el procesamiento de alimentos. La desclipadora Handtmann Inotec EC02 cumple \u00f3ptimamente este requisito eliminando los clips met\u00e1licos de forma segura mediante un proceso de separaci\u00f3n preciso. Los clips simples o dobles se cortan fiablemente de los productos en barra, como salami o salami cocido. Seg\u00fan las placas superiores seleccionadas, pueden descliparse productos en 3 rangos de calibre diferentes con distintas longitudes de producto a partir de 130 mm.<\/p><p>\u00a0<\/p><p><strong>\u00d3ptima para la producci\u00f3n industrial de alto rendimiento<\/strong><\/p><p>Con una capacidad de hasta 50 procesos de desclipado por minuto, la Inotec EC02 ofrece un rendimiento m\u00e1ximo continuo a nivel industrial. La velocidad de transporte puede ajustarse flexiblemente en 7 niveles y adaptarse as\u00ed \u00f3ptimamente al flujo de producci\u00f3n. Los cambios r\u00e1pidos de producto incrementan adicionalmente la eficiencia, ya que las herramientas de desclipado intercambiables pueden adaptarse de forma r\u00e1pida y sencilla al respectivo formato del clip.<\/p><p>\u00a0<\/p><p><strong>Presentaci\u00f3n \u00f3ptima de los productos mediante un proceso autom\u00e1tico<\/strong><\/p><p>El desclipado autom\u00e1tico con la Inotec EC02 reduce las intervenciones manuales y garantiza un proceso higi\u00e9nico y cuidadoso con el producto. Las barras de producto se introducen autom\u00e1ticamente en el sistema de cintas de la desclipadora, donde, gracias a una inteligente barrera de luz l\u00e1ser, las herramientas de desclipado cortan el clip simple o doble de forma neum\u00e1tica. El uso opcional de una plataforma de carga para colocar las ristras de embutido antes de la desclipadora asegura adicionalmente una presentaci\u00f3n perfecta de los productos. Tambi\u00e9n los lazos de colgado pueden eliminarse autom\u00e1ticamente.<\/p>\t\t\t\t\t\t\t\t<\/div>\n\t\t\t\t<\/div>\n\t\t\t\t<div class=\"elementor-element elementor-element-180b498 elementor-widget elementor-widget-text-editor\" data-id=\"180b498\" data-element_type=\"widget\" data-e-type=\"widget\" data-widget_type=\"text-editor.default\">\n\t\t\t\t<div class=\"elementor-widget-container\">\n\t\t\t\t\t\t\t\t\t<p>Para m\u00e1s informaci\u00f3n, te invitamos a visitar el sitio web de Handtmann-Inotec: <span style=\"border-bottom: 2px solid #96D045;\"><a href=\"https:\/\/www.handtmann.de\/es\/sistemas-de-embuticion-y-de-porcionado\/inotec\" target=\"_blank\" rel=\"noopener\">https:\/\/www.handtmann.de\/<\/a><\/span><\/p>\t\t\t\t\t\t\t\t<\/div>\n\t\t\t\t<\/div>\n\t\t\t\t\t<\/div>\n\t\t<\/div>\n\t\t\t\t\t<\/div>\n\t\t<\/section>\n\t\t\t\t<\/div>\n\t\t","protected":false},"excerpt":{"rendered":"<p>Desclipadora para la eliminaci\u00f3n autom\u00e1tica de clips met\u00e1licos en productos de embutido.<\/p>\n<p>Producto disponible en:<br \/>\n<a href=\"https:\/\/mitmaq.com\/wp-content\/uploads\/2021\/09\/Argentina.png\"><img decoding=\"async\" class=\"alignnone wp-image-5937\" src=\"https:\/\/mitmaq.com\/wp-content\/uploads\/2021\/09\/Argentina.png\" alt=\"Argentina\" width=\"30\" height=\"30\" srcset=\"https:\/\/mitmaq.com\/staging\/wp-content\/uploads\/2021\/09\/Argentina.png 100w, https:\/\/mitmaq.com\/staging\/wp-content\/uploads\/2021\/09\/Argentina-1x1.png 1w, https:\/\/mitmaq.com\/staging\/wp-content\/uploads\/2021\/09\/Argentina-10x10.png 10w\" sizes=\"(max-width: 30px) 100vw, 30px\" \/> <\/a><a href=\"https:\/\/mitmaq.com\/wp-content\/uploads\/2021\/09\/Bolivia.png\"><img decoding=\"async\" class=\"alignnone wp-image-5938\" src=\"https:\/\/mitmaq.com\/wp-content\/uploads\/2021\/09\/Bolivia.png\" alt=\"Bolivia\" width=\"30\" height=\"30\" srcset=\"https:\/\/mitmaq.com\/staging\/wp-content\/uploads\/2021\/09\/Bolivia.png 100w, https:\/\/mitmaq.com\/staging\/wp-content\/uploads\/2021\/09\/Bolivia-1x1.png 1w, https:\/\/mitmaq.com\/staging\/wp-content\/uploads\/2021\/09\/Bolivia-10x10.png 10w\" sizes=\"(max-width: 30px) 100vw, 30px\" \/> <\/a><a href=\"https:\/\/mitmaq.com\/wp-content\/uploads\/2021\/09\/Paraguay.png\"><img decoding=\"async\" class=\"alignnone wp-image-5939\" src=\"https:\/\/mitmaq.com\/wp-content\/uploads\/2021\/09\/Paraguay.png\" alt=\"Paraguay\" width=\"30\" height=\"30\" srcset=\"https:\/\/mitmaq.com\/staging\/wp-content\/uploads\/2021\/09\/Paraguay.png 100w, https:\/\/mitmaq.com\/staging\/wp-content\/uploads\/2021\/09\/Paraguay-1x1.png 1w, https:\/\/mitmaq.com\/staging\/wp-content\/uploads\/2021\/09\/Paraguay-10x10.png 10w\" sizes=\"(max-width: 30px) 100vw, 30px\" \/> <\/a><a href=\"https:\/\/mitmaq.com\/wp-content\/uploads\/2021\/09\/Uruguay.png\"><img loading=\"lazy\" decoding=\"async\" class=\"alignnone wp-image-5940\" src=\"https:\/\/mitmaq.com\/wp-content\/uploads\/2021\/09\/Uruguay.png\" alt=\"Uruguay\" width=\"30\" height=\"30\" srcset=\"https:\/\/mitmaq.com\/staging\/wp-content\/uploads\/2021\/09\/Uruguay.png 100w, https:\/\/mitmaq.com\/staging\/wp-content\/uploads\/2021\/09\/Uruguay-1x1.png 1w, https:\/\/mitmaq.com\/staging\/wp-content\/uploads\/2021\/09\/Uruguay-10x10.png 10w\" sizes=\"(max-width: 30px) 100vw, 30px\" \/><\/a><\/p>\n","protected":false},"featured_media":13178,"comment_status":"open","ping_status":"closed","template":"","meta":[],"product_brand":[292],"product_cat":[15,68],"product_tag":[136,131],"class_list":{"0":"post-11962","1":"product","2":"type-product","3":"status-publish","4":"has-post-thumbnail","6":"product_brand-inotec","7":"product_cat-carnica","8":"product_cat-maquinas-posventa","9":"product_tag-clipeado-atado","10":"product_tag-ind-carnica","12":"first","13":"instock","14":"taxable","15":"shipping-taxable","16":"product-type-simple"},"_links":{"self":[{"href":"https:\/\/mitmaq.com\/staging\/wp-json\/wp\/v2\/product\/11962","targetHints":{"allow":["GET"]}}],"collection":[{"href":"https:\/\/mitmaq.com\/staging\/wp-json\/wp\/v2\/product"}],"about":[{"href":"https:\/\/mitmaq.com\/staging\/wp-json\/wp\/v2\/types\/product"}],"replies":[{"embeddable":true,"href":"https:\/\/mitmaq.com\/staging\/wp-json\/wp\/v2\/comments?post=11962"}],"version-history":[{"count":5,"href":"https:\/\/mitmaq.com\/staging\/wp-json\/wp\/v2\/product\/11962\/revisions"}],"predecessor-version":[{"id":11970,"href":"https:\/\/mitmaq.com\/staging\/wp-json\/wp\/v2\/product\/11962\/revisions\/11970"}],"wp:featuredmedia":[{"embeddable":true,"href":"https:\/\/mitmaq.com\/staging\/wp-json\/wp\/v2\/media\/13178"}],"wp:attachment":[{"href":"https:\/\/mitmaq.com\/staging\/wp-json\/wp\/v2\/media?parent=11962"}],"wp:term":[{"taxonomy":"product_brand","embeddable":true,"href":"https:\/\/mitmaq.com\/staging\/wp-json\/wp\/v2\/product_brand?post=11962"},{"taxonomy":"product_cat","embeddable":true,"href":"https:\/\/mitmaq.com\/staging\/wp-json\/wp\/v2\/product_cat?post=11962"},{"taxonomy":"product_tag","embeddable":true,"href":"https:\/\/mitmaq.com\/staging\/wp-json\/wp\/v2\/product_tag?post=11962"}],"curies":[{"name":"wp","href":"https:\/\/api.w.org\/{rel}","templated":true}]}}