{"id":11955,"date":"2023-12-26T18:20:22","date_gmt":"2023-12-26T21:20:22","guid":{"rendered":"https:\/\/mitmaq.com\/?post_type=product&#038;p=11955"},"modified":"2024-01-16T11:16:59","modified_gmt":"2024-01-16T14:16:59","slug":"separadora-de-embutidos-wt99-it","status":"publish","type":"product","link":"https:\/\/mitmaq.com\/staging\/product\/separadora-de-embutidos-wt99-it\/","title":{"rendered":"Separadora de embutidos WT99-iT"},"content":{"rendered":"\t\t<div data-elementor-type=\"wp-post\" data-elementor-id=\"11955\" class=\"elementor elementor-11955\">\n\t\t\t\t\t\t<section class=\"elementor-section elementor-top-section elementor-element elementor-element-31521146 elementor-section-boxed elementor-section-height-default elementor-section-height-default\" data-id=\"31521146\" data-element_type=\"section\" data-e-type=\"section\">\n\t\t\t\t\t\t<div class=\"elementor-container elementor-column-gap-default\">\n\t\t\t\t\t<div class=\"elementor-column elementor-col-100 elementor-top-column elementor-element elementor-element-548c5a5e\" data-id=\"548c5a5e\" data-element_type=\"column\" data-e-type=\"column\">\n\t\t\t<div class=\"elementor-widget-wrap elementor-element-populated\">\n\t\t\t\t\t\t<div class=\"elementor-element elementor-element-d82a9d5 elementor-align-right elementor-widget elementor-widget-button\" data-id=\"d82a9d5\" data-element_type=\"widget\" data-e-type=\"widget\" data-widget_type=\"button.default\">\n\t\t\t\t<div class=\"elementor-widget-container\">\n\t\t\t\t\t\t\t\t\t<div class=\"elementor-button-wrapper\">\n\t\t\t\t\t<a class=\"elementor-button elementor-button-link elementor-size-sm\" href=\"https:\/\/mitmaq.com\/wp-content\/uploads\/2024\/01\/WT99-iT.pdf\" target=\"_blank\">\n\t\t\t\t\t\t<span class=\"elementor-button-content-wrapper\">\n\t\t\t\t\t\t\t\t\t<span class=\"elementor-button-text\">Descargar Folleto<\/span>\n\t\t\t\t\t<\/span>\n\t\t\t\t\t<\/a>\n\t\t\t\t<\/div>\n\t\t\t\t\t\t\t\t<\/div>\n\t\t\t\t<\/div>\n\t\t\t\t<div class=\"elementor-element elementor-element-5e4e6bea elementor-widget elementor-widget-text-editor\" data-id=\"5e4e6bea\" data-element_type=\"widget\" data-e-type=\"widget\" data-widget_type=\"text-editor.default\">\n\t\t\t\t<div class=\"elementor-widget-container\">\n\t\t\t\t\t\t\t\t\t<p>La separadora de embutidos Inotec WT99-iT de Handtmann es ideal para la separaci\u00f3n precisa, r\u00e1pida y automatizada de productos de embutido atados en tripa natural, artificial o de col\u00e1geno. La tecnolog\u00eda de doble sensor patentada reconoce fiablemente el punto de torsionado y garantiza una separaci\u00f3n exacta en un rango de calibres de 15 a 56 mm y una longitud de producto a partir de 50 mm. \u00a1La t\u00e9cnica de separaci\u00f3n correcta para cada tipo de embutido!<\/p><p>\u00a0<\/p><p><strong>Precisi\u00f3n excelente mediante una t\u00e9cnica de separaci\u00f3n patentada<\/strong><\/p><p>La t\u00e9cnica de separaci\u00f3n de salchichas de Handtmann es sin\u00f3nimo de excelencia y precisi\u00f3n en la calidad de corte de los m\u00e1s distintos productos de embutido. El coraz\u00f3n de la m\u00e1quina es la tecnolog\u00eda de doble sensor patentada, que hace posible una detecci\u00f3n fiable y automatizada del punto de torsionado y el corte preciso de la cuchilla circular de media luna. El punto de corte y la detecci\u00f3n autom\u00e1tica del mismo pueden adaptarse flexiblemente al producto a trav\u00e9s del intuitivo sistema de control t\u00e1ctil.<\/p><p>\u00a0<\/p><p><strong>Ideal para productos de embutido atados<\/strong><\/p><p>La Inotec WT99-iT C procesa productos de embutido atados en tripa natural, artificial y de col\u00e1geno, y cubre un amplio rango de calibres de 15 a 56 mm. Se utiliza frecuentemente en la producci\u00f3n de especialidades nacionales, como el sucuk turco, el chorizo espa\u00f1ol o productos de salami atados italianos.<\/p><p>\u00a0<\/p><p><strong>Corte limpio de todo tipo de hilos de embutido<\/strong><\/p><p>La Inotec WT99-iT C corta todos los tipos de hilo de embutido de forma r\u00e1pida y segura gracias al posicionamiento de corte totalmente autom\u00e1tico de su tecnolog\u00eda de doble sensor patentada. La cuchilla rotativa triple de media luna asegura adem\u00e1s una secuencia de corte especialmente r\u00e1pida y un proceso de producci\u00f3n continuo.<\/p>\t\t\t\t\t\t\t\t<\/div>\n\t\t\t\t<\/div>\n\t\t\t\t<div class=\"elementor-element elementor-element-180b498 elementor-widget elementor-widget-text-editor\" data-id=\"180b498\" data-element_type=\"widget\" data-e-type=\"widget\" data-widget_type=\"text-editor.default\">\n\t\t\t\t<div class=\"elementor-widget-container\">\n\t\t\t\t\t\t\t\t\t<p>Para m\u00e1s informaci\u00f3n, te invitamos a visitar el sitio web de Handtmann-Inotec: <span style=\"border-bottom: 2px solid #96D045;\"><a href=\"https:\/\/www.handtmann.de\/es\/sistemas-de-embuticion-y-de-porcionado\/inotec\" target=\"_blank\" rel=\"noopener\">https:\/\/www.handtmann.de\/<\/a><\/span><\/p>\t\t\t\t\t\t\t\t<\/div>\n\t\t\t\t<\/div>\n\t\t\t\t\t<\/div>\n\t\t<\/div>\n\t\t\t\t\t<\/div>\n\t\t<\/section>\n\t\t\t\t<\/div>\n\t\t","protected":false},"excerpt":{"rendered":"<p>Separaci\u00f3n precisa, r\u00e1pida y automatizada a nivel industrial de productos de embutido atados.<\/p>\n<p>Producto disponible en:<br \/>\n<a href=\"https:\/\/mitmaq.com\/wp-content\/uploads\/2021\/09\/Argentina.png\"><img decoding=\"async\" class=\"alignnone wp-image-5937\" src=\"https:\/\/mitmaq.com\/wp-content\/uploads\/2021\/09\/Argentina.png\" alt=\"Argentina\" width=\"30\" height=\"30\" srcset=\"https:\/\/mitmaq.com\/staging\/wp-content\/uploads\/2021\/09\/Argentina.png 100w, https:\/\/mitmaq.com\/staging\/wp-content\/uploads\/2021\/09\/Argentina-1x1.png 1w, https:\/\/mitmaq.com\/staging\/wp-content\/uploads\/2021\/09\/Argentina-10x10.png 10w\" sizes=\"(max-width: 30px) 100vw, 30px\" \/> <\/a><a href=\"https:\/\/mitmaq.com\/wp-content\/uploads\/2021\/09\/Bolivia.png\"><img decoding=\"async\" class=\"alignnone wp-image-5938\" src=\"https:\/\/mitmaq.com\/wp-content\/uploads\/2021\/09\/Bolivia.png\" alt=\"Bolivia\" width=\"30\" height=\"30\" srcset=\"https:\/\/mitmaq.com\/staging\/wp-content\/uploads\/2021\/09\/Bolivia.png 100w, https:\/\/mitmaq.com\/staging\/wp-content\/uploads\/2021\/09\/Bolivia-1x1.png 1w, https:\/\/mitmaq.com\/staging\/wp-content\/uploads\/2021\/09\/Bolivia-10x10.png 10w\" sizes=\"(max-width: 30px) 100vw, 30px\" \/> <\/a><a href=\"https:\/\/mitmaq.com\/wp-content\/uploads\/2021\/09\/Paraguay.png\"><img decoding=\"async\" class=\"alignnone wp-image-5939\" src=\"https:\/\/mitmaq.com\/wp-content\/uploads\/2021\/09\/Paraguay.png\" alt=\"Paraguay\" width=\"30\" height=\"30\" srcset=\"https:\/\/mitmaq.com\/staging\/wp-content\/uploads\/2021\/09\/Paraguay.png 100w, https:\/\/mitmaq.com\/staging\/wp-content\/uploads\/2021\/09\/Paraguay-1x1.png 1w, https:\/\/mitmaq.com\/staging\/wp-content\/uploads\/2021\/09\/Paraguay-10x10.png 10w\" sizes=\"(max-width: 30px) 100vw, 30px\" \/> <\/a><a href=\"https:\/\/mitmaq.com\/wp-content\/uploads\/2021\/09\/Uruguay.png\"><img loading=\"lazy\" decoding=\"async\" class=\"alignnone wp-image-5940\" src=\"https:\/\/mitmaq.com\/wp-content\/uploads\/2021\/09\/Uruguay.png\" alt=\"Uruguay\" width=\"30\" height=\"30\" srcset=\"https:\/\/mitmaq.com\/staging\/wp-content\/uploads\/2021\/09\/Uruguay.png 100w, https:\/\/mitmaq.com\/staging\/wp-content\/uploads\/2021\/09\/Uruguay-1x1.png 1w, https:\/\/mitmaq.com\/staging\/wp-content\/uploads\/2021\/09\/Uruguay-10x10.png 10w\" sizes=\"(max-width: 30px) 100vw, 30px\" \/><\/a><\/p>\n","protected":false},"featured_media":11960,"comment_status":"open","ping_status":"closed","template":"","meta":[],"product_brand":[],"product_cat":[15,68],"product_tag":[136,142,131,194],"class_list":{"0":"post-11955","1":"product","2":"type-product","3":"status-publish","4":"has-post-thumbnail","6":"product_cat-carnica","7":"product_cat-maquinas-posventa","8":"product_tag-clipeado-atado","9":"product_tag-final-de-linea","10":"product_tag-ind-carnica","11":"product_tag-soluciones-para-nuevas-tendencias","13":"first","14":"instock","15":"taxable","16":"shipping-taxable","17":"product-type-simple"},"_links":{"self":[{"href":"https:\/\/mitmaq.com\/staging\/wp-json\/wp\/v2\/product\/11955","targetHints":{"allow":["GET"]}}],"collection":[{"href":"https:\/\/mitmaq.com\/staging\/wp-json\/wp\/v2\/product"}],"about":[{"href":"https:\/\/mitmaq.com\/staging\/wp-json\/wp\/v2\/types\/product"}],"replies":[{"embeddable":true,"href":"https:\/\/mitmaq.com\/staging\/wp-json\/wp\/v2\/comments?post=11955"}],"version-history":[{"count":8,"href":"https:\/\/mitmaq.com\/staging\/wp-json\/wp\/v2\/product\/11955\/revisions"}],"predecessor-version":[{"id":12019,"href":"https:\/\/mitmaq.com\/staging\/wp-json\/wp\/v2\/product\/11955\/revisions\/12019"}],"wp:featuredmedia":[{"embeddable":true,"href":"https:\/\/mitmaq.com\/staging\/wp-json\/wp\/v2\/media\/11960"}],"wp:attachment":[{"href":"https:\/\/mitmaq.com\/staging\/wp-json\/wp\/v2\/media?parent=11955"}],"wp:term":[{"taxonomy":"product_brand","embeddable":true,"href":"https:\/\/mitmaq.com\/staging\/wp-json\/wp\/v2\/product_brand?post=11955"},{"taxonomy":"product_cat","embeddable":true,"href":"https:\/\/mitmaq.com\/staging\/wp-json\/wp\/v2\/product_cat?post=11955"},{"taxonomy":"product_tag","embeddable":true,"href":"https:\/\/mitmaq.com\/staging\/wp-json\/wp\/v2\/product_tag?post=11955"}],"curies":[{"name":"wp","href":"https:\/\/api.w.org\/{rel}","templated":true}]}}