{"id":11889,"date":"2023-12-08T13:01:38","date_gmt":"2023-12-08T16:01:38","guid":{"rendered":"https:\/\/mitmaq.com\/?post_type=product&#038;p=11889"},"modified":"2024-09-10T11:30:10","modified_gmt":"2024-09-10T14:30:10","slug":"w-5600srx","status":"publish","type":"product","link":"https:\/\/mitmaq.com\/staging\/product\/w-5600srx\/","title":{"rendered":"W-5600SRX"},"content":{"rendered":"\t\t<div data-elementor-type=\"wp-post\" data-elementor-id=\"11889\" class=\"elementor elementor-11889\">\n\t\t\t\t\t\t<section class=\"elementor-section elementor-top-section elementor-element elementor-element-31521146 elementor-section-boxed elementor-section-height-default elementor-section-height-default\" data-id=\"31521146\" data-element_type=\"section\" data-e-type=\"section\">\n\t\t\t\t\t\t<div class=\"elementor-container elementor-column-gap-default\">\n\t\t\t\t\t<div class=\"elementor-column elementor-col-100 elementor-top-column elementor-element elementor-element-548c5a5e\" data-id=\"548c5a5e\" data-element_type=\"column\" data-e-type=\"column\">\n\t\t\t<div class=\"elementor-widget-wrap elementor-element-populated\">\n\t\t\t\t\t\t<div class=\"elementor-element elementor-element-5e4e6bea elementor-widget elementor-widget-text-editor\" data-id=\"5e4e6bea\" data-element_type=\"widget\" data-e-type=\"widget\" data-widget_type=\"text-editor.default\">\n\t\t\t\t<div class=\"elementor-widget-container\">\n\t\t\t\t\t\t\t\t\t<p>Nu<b>evas soluciones satisfacen nuevas demandas<\/b><\/p><p><br \/>El W-5600SRX es una soluci\u00f3n ingeniosa para satisfacer la creciente demanda de aumento de la producci\u00f3n en paquetes de bajo volumen en el actual comercio minorista de alimentaci\u00f3n.<br \/>Es el aliado perfecto no solo para f\u00e1bricas de carnes y aves e instalaciones centrales de procesamiento, sino tambi\u00e9n para entidades de agronegocios como envasadores de frutas y verduras frescas, productores de champi\u00f1ones, etc.<\/p>\t\t\t\t\t\t\t\t<\/div>\n\t\t\t\t<\/div>\n\t\t\t\t<section class=\"elementor-section elementor-inner-section elementor-element elementor-element-94a1e32 elementor-section-boxed elementor-section-height-default elementor-section-height-default\" data-id=\"94a1e32\" data-element_type=\"section\" data-e-type=\"section\">\n\t\t\t\t\t\t<div class=\"elementor-container elementor-column-gap-default\">\n\t\t\t\t\t<div class=\"elementor-column elementor-col-50 elementor-inner-column elementor-element elementor-element-7abe6b2\" data-id=\"7abe6b2\" data-element_type=\"column\" data-e-type=\"column\">\n\t\t\t<div class=\"elementor-widget-wrap elementor-element-populated\">\n\t\t\t\t\t\t<div class=\"elementor-element elementor-element-a00b86f elementor-widget elementor-widget-text-editor\" data-id=\"a00b86f\" data-element_type=\"widget\" data-e-type=\"widget\" data-widget_type=\"text-editor.default\">\n\t\t\t\t<div class=\"elementor-widget-container\">\n\t\t\t\t\t\t\t\t\t<p><strong>Mayor productividad<\/strong><\/p><p>La capacidad de empaquetar mejorada y el tiempo de inactividad de la m\u00e1quina minimizado pueden duplicar su producci\u00f3n a un m\u00e1ximo de 60 paquetes por minuto. Puede envasar bandejas con varios tama\u00f1os, formas y materiales.<\/p>\t\t\t\t\t\t\t\t<\/div>\n\t\t\t\t<\/div>\n\t\t\t\t\t<\/div>\n\t\t<\/div>\n\t\t\t\t<div class=\"elementor-column elementor-col-50 elementor-inner-column elementor-element elementor-element-3353977\" data-id=\"3353977\" data-element_type=\"column\" data-e-type=\"column\">\n\t\t\t<div class=\"elementor-widget-wrap elementor-element-populated\">\n\t\t\t\t\t\t<div class=\"elementor-element elementor-element-8b78f7d elementor-widget elementor-widget-image\" data-id=\"8b78f7d\" data-element_type=\"widget\" data-e-type=\"widget\" data-widget_type=\"image.default\">\n\t\t\t\t<div class=\"elementor-widget-container\">\n\t\t\t\t\t\t\t\t\t\t\t\t\t\t\t<img fetchpriority=\"high\" decoding=\"async\" width=\"801\" height=\"601\" src=\"https:\/\/mitmaq.com\/staging\/wp-content\/uploads\/2023\/12\/w5600srx_WP04_01.jpg\" class=\"attachment-full size-full wp-image-11895\" alt=\"\" srcset=\"https:\/\/mitmaq.com\/staging\/wp-content\/uploads\/2023\/12\/w5600srx_WP04_01.jpg 801w, https:\/\/mitmaq.com\/staging\/wp-content\/uploads\/2023\/12\/w5600srx_WP04_01-300x225.jpg 300w, https:\/\/mitmaq.com\/staging\/wp-content\/uploads\/2023\/12\/w5600srx_WP04_01-768x576.jpg 768w, https:\/\/mitmaq.com\/staging\/wp-content\/uploads\/2023\/12\/w5600srx_WP04_01-600x450.jpg 600w, https:\/\/mitmaq.com\/staging\/wp-content\/uploads\/2023\/12\/w5600srx_WP04_01-1x1.jpg 1w, https:\/\/mitmaq.com\/staging\/wp-content\/uploads\/2023\/12\/w5600srx_WP04_01-10x8.jpg 10w\" sizes=\"(max-width: 801px) 100vw, 801px\" \/>\t\t\t\t\t\t\t\t\t\t\t\t\t\t\t<\/div>\n\t\t\t\t<\/div>\n\t\t\t\t\t<\/div>\n\t\t<\/div>\n\t\t\t\t\t<\/div>\n\t\t<\/section>\n\t\t\t\t<section class=\"elementor-section elementor-inner-section elementor-element elementor-element-8bf3668 elementor-section-boxed elementor-section-height-default elementor-section-height-default\" data-id=\"8bf3668\" data-element_type=\"section\" data-e-type=\"section\">\n\t\t\t\t\t\t<div class=\"elementor-container elementor-column-gap-default\">\n\t\t\t\t\t<div class=\"elementor-column elementor-col-50 elementor-inner-column elementor-element elementor-element-7d6a8b7\" data-id=\"7d6a8b7\" data-element_type=\"column\" data-e-type=\"column\">\n\t\t\t<div class=\"elementor-widget-wrap elementor-element-populated\">\n\t\t\t\t\t\t<div class=\"elementor-element elementor-element-091ec91 elementor-widget elementor-widget-image\" data-id=\"091ec91\" data-element_type=\"widget\" data-e-type=\"widget\" data-widget_type=\"image.default\">\n\t\t\t\t<div class=\"elementor-widget-container\">\n\t\t\t\t\t\t\t\t\t\t\t\t\t\t\t<img decoding=\"async\" width=\"801\" height=\"601\" src=\"https:\/\/mitmaq.com\/staging\/wp-content\/uploads\/2023\/12\/5600srx_WP04_0w2.jpg\" class=\"attachment-full size-full wp-image-11894\" alt=\"\" srcset=\"https:\/\/mitmaq.com\/staging\/wp-content\/uploads\/2023\/12\/5600srx_WP04_0w2.jpg 801w, https:\/\/mitmaq.com\/staging\/wp-content\/uploads\/2023\/12\/5600srx_WP04_0w2-300x225.jpg 300w, https:\/\/mitmaq.com\/staging\/wp-content\/uploads\/2023\/12\/5600srx_WP04_0w2-768x576.jpg 768w, https:\/\/mitmaq.com\/staging\/wp-content\/uploads\/2023\/12\/5600srx_WP04_0w2-600x450.jpg 600w, https:\/\/mitmaq.com\/staging\/wp-content\/uploads\/2023\/12\/5600srx_WP04_0w2-1x1.jpg 1w, https:\/\/mitmaq.com\/staging\/wp-content\/uploads\/2023\/12\/5600srx_WP04_0w2-10x8.jpg 10w\" sizes=\"(max-width: 801px) 100vw, 801px\" \/>\t\t\t\t\t\t\t\t\t\t\t\t\t\t\t<\/div>\n\t\t\t\t<\/div>\n\t\t\t\t\t<\/div>\n\t\t<\/div>\n\t\t\t\t<div class=\"elementor-column elementor-col-50 elementor-inner-column elementor-element elementor-element-a89f07f\" data-id=\"a89f07f\" data-element_type=\"column\" data-e-type=\"column\">\n\t\t\t<div class=\"elementor-widget-wrap elementor-element-populated\">\n\t\t\t\t\t\t<div class=\"elementor-element elementor-element-2d9c25b elementor-widget elementor-widget-text-editor\" data-id=\"2d9c25b\" data-element_type=\"widget\" data-e-type=\"widget\" data-widget_type=\"text-editor.default\">\n\t\t\t\t<div class=\"elementor-widget-container\">\n\t\t\t\t\t\t\t\t\t<p><strong>Salida de bandejas estable<\/strong><br \/>La funci\u00f3n de ajuste de ancho autom\u00e1tico de la gu\u00eda de alineaci\u00f3n, garantiza una alineaci\u00f3n constante de entrada de bandejas para un acabado de envasado r\u00e1pido y uniforme. Esta caracter\u00edstica elimina la necesidad de que el operador tenga que detener la m\u00e1quina y ajuste manualmente el ancho de la gu\u00eda.<\/p>\t\t\t\t\t\t\t\t<\/div>\n\t\t\t\t<\/div>\n\t\t\t\t\t<\/div>\n\t\t<\/div>\n\t\t\t\t\t<\/div>\n\t\t<\/section>\n\t\t\t\t<section class=\"elementor-section elementor-inner-section elementor-element elementor-element-618d186 elementor-section-boxed elementor-section-height-default elementor-section-height-default\" data-id=\"618d186\" data-element_type=\"section\" data-e-type=\"section\">\n\t\t\t\t\t\t<div class=\"elementor-container elementor-column-gap-default\">\n\t\t\t\t\t<div class=\"elementor-column elementor-col-50 elementor-inner-column elementor-element elementor-element-2e4d61b\" data-id=\"2e4d61b\" data-element_type=\"column\" data-e-type=\"column\">\n\t\t\t<div class=\"elementor-widget-wrap elementor-element-populated\">\n\t\t\t\t\t\t<div class=\"elementor-element elementor-element-5d3dc22 elementor-widget elementor-widget-text-editor\" data-id=\"5d3dc22\" data-element_type=\"widget\" data-e-type=\"widget\" data-widget_type=\"text-editor.default\">\n\t\t\t\t<div class=\"elementor-widget-container\">\n\t\t\t\t\t\t\t\t\t<p><strong>Operaci\u00f3n de envasado rentable y en tiempo<\/strong>El sistema de doble rollo de film de la SRX permite seleccionar autom\u00e1ticamente el rollo adecuado para cada bandeja con el fin de reducir el exceso de film.<br \/>Esta caracter\u00edstica ayuda a reducir el consumo de pl\u00e1stico y el impacto en el medio ambiente.<\/p>\t\t\t\t\t\t\t\t<\/div>\n\t\t\t\t<\/div>\n\t\t\t\t\t<\/div>\n\t\t<\/div>\n\t\t\t\t<div class=\"elementor-column elementor-col-50 elementor-inner-column elementor-element elementor-element-64e9f82\" data-id=\"64e9f82\" data-element_type=\"column\" data-e-type=\"column\">\n\t\t\t<div class=\"elementor-widget-wrap elementor-element-populated\">\n\t\t\t\t\t\t<div class=\"elementor-element elementor-element-fd0dd98 elementor-widget elementor-widget-image\" data-id=\"fd0dd98\" data-element_type=\"widget\" data-e-type=\"widget\" data-widget_type=\"image.default\">\n\t\t\t\t<div class=\"elementor-widget-container\">\n\t\t\t\t\t\t\t\t\t\t\t\t\t\t\t<img decoding=\"async\" width=\"801\" height=\"601\" src=\"https:\/\/mitmaq.com\/staging\/wp-content\/uploads\/2023\/12\/w5600srx_WP04_03.jpg\" class=\"attachment-full size-full wp-image-11893\" alt=\"\" srcset=\"https:\/\/mitmaq.com\/staging\/wp-content\/uploads\/2023\/12\/w5600srx_WP04_03.jpg 801w, https:\/\/mitmaq.com\/staging\/wp-content\/uploads\/2023\/12\/w5600srx_WP04_03-300x225.jpg 300w, https:\/\/mitmaq.com\/staging\/wp-content\/uploads\/2023\/12\/w5600srx_WP04_03-768x576.jpg 768w, https:\/\/mitmaq.com\/staging\/wp-content\/uploads\/2023\/12\/w5600srx_WP04_03-600x450.jpg 600w, https:\/\/mitmaq.com\/staging\/wp-content\/uploads\/2023\/12\/w5600srx_WP04_03-1x1.jpg 1w, https:\/\/mitmaq.com\/staging\/wp-content\/uploads\/2023\/12\/w5600srx_WP04_03-10x8.jpg 10w\" sizes=\"(max-width: 801px) 100vw, 801px\" \/>\t\t\t\t\t\t\t\t\t\t\t\t\t\t\t<\/div>\n\t\t\t\t<\/div>\n\t\t\t\t\t<\/div>\n\t\t<\/div>\n\t\t\t\t\t<\/div>\n\t\t<\/section>\n\t\t\t\t<section class=\"elementor-section elementor-inner-section elementor-element elementor-element-9e93a91 elementor-section-boxed elementor-section-height-default elementor-section-height-default\" data-id=\"9e93a91\" data-element_type=\"section\" data-e-type=\"section\">\n\t\t\t\t\t\t<div class=\"elementor-container elementor-column-gap-default\">\n\t\t\t\t\t<div class=\"elementor-column elementor-col-50 elementor-inner-column elementor-element elementor-element-749021c\" data-id=\"749021c\" data-element_type=\"column\" data-e-type=\"column\">\n\t\t\t<div class=\"elementor-widget-wrap elementor-element-populated\">\n\t\t\t\t\t\t<div class=\"elementor-element elementor-element-2f14818 elementor-widget elementor-widget-image\" data-id=\"2f14818\" data-element_type=\"widget\" data-e-type=\"widget\" data-widget_type=\"image.default\">\n\t\t\t\t<div class=\"elementor-widget-container\">\n\t\t\t\t\t\t\t\t\t\t\t\t\t\t\t<img loading=\"lazy\" decoding=\"async\" width=\"801\" height=\"601\" src=\"https:\/\/mitmaq.com\/staging\/wp-content\/uploads\/2023\/12\/w5600srx_WP04_04.jpg\" class=\"attachment-full size-full wp-image-11892\" alt=\"\" srcset=\"https:\/\/mitmaq.com\/staging\/wp-content\/uploads\/2023\/12\/w5600srx_WP04_04.jpg 801w, https:\/\/mitmaq.com\/staging\/wp-content\/uploads\/2023\/12\/w5600srx_WP04_04-300x225.jpg 300w, https:\/\/mitmaq.com\/staging\/wp-content\/uploads\/2023\/12\/w5600srx_WP04_04-768x576.jpg 768w, https:\/\/mitmaq.com\/staging\/wp-content\/uploads\/2023\/12\/w5600srx_WP04_04-600x450.jpg 600w, https:\/\/mitmaq.com\/staging\/wp-content\/uploads\/2023\/12\/w5600srx_WP04_04-1x1.jpg 1w, https:\/\/mitmaq.com\/staging\/wp-content\/uploads\/2023\/12\/w5600srx_WP04_04-10x8.jpg 10w\" sizes=\"(max-width: 801px) 100vw, 801px\" \/>\t\t\t\t\t\t\t\t\t\t\t\t\t\t\t<\/div>\n\t\t\t\t<\/div>\n\t\t\t\t\t<\/div>\n\t\t<\/div>\n\t\t\t\t<div class=\"elementor-column elementor-col-50 elementor-inner-column elementor-element elementor-element-7703ae5\" data-id=\"7703ae5\" data-element_type=\"column\" data-e-type=\"column\">\n\t\t\t<div class=\"elementor-widget-wrap elementor-element-populated\">\n\t\t\t\t\t\t<div class=\"elementor-element elementor-element-398498c elementor-widget elementor-widget-text-editor\" data-id=\"398498c\" data-element_type=\"widget\" data-e-type=\"widget\" data-widget_type=\"text-editor.default\">\n\t\t\t\t<div class=\"elementor-widget-container\">\n\t\t\t\t\t\t\t\t\t<p><strong>Empaquetado firme y seguro<\/strong><br \/>La gran longitud de su cinta de salida termoregulada que trabaja en conjunto con el prensador de bandejas garantiza un acabado de envasado herm\u00e9tico, seguro y atractivo, listo para un transporte prolongado. Esto tambi\u00e9n contribuye a la reducci\u00f3n de la merma de los alimentos.<\/p>\t\t\t\t\t\t\t\t<\/div>\n\t\t\t\t<\/div>\n\t\t\t\t\t<\/div>\n\t\t<\/div>\n\t\t\t\t\t<\/div>\n\t\t<\/section>\n\t\t\t\t<section class=\"elementor-section elementor-inner-section elementor-element elementor-element-a6b14a0 elementor-section-boxed elementor-section-height-default elementor-section-height-default\" data-id=\"a6b14a0\" data-element_type=\"section\" data-e-type=\"section\">\n\t\t\t\t\t\t<div class=\"elementor-container elementor-column-gap-default\">\n\t\t\t\t\t<div class=\"elementor-column elementor-col-100 elementor-inner-column elementor-element elementor-element-e365a30\" data-id=\"e365a30\" data-element_type=\"column\" data-e-type=\"column\">\n\t\t\t<div class=\"elementor-widget-wrap elementor-element-populated\">\n\t\t\t\t\t\t<div class=\"elementor-element elementor-element-a17e3e8 elementor-widget elementor-widget-video\" data-id=\"a17e3e8\" data-element_type=\"widget\" data-e-type=\"widget\" data-settings=\"{&quot;youtube_url&quot;:&quot;https:\\\/\\\/youtu.be\\\/5YjTa1bdvpk?si=55-wQjcaH25ue6XX&quot;,&quot;video_type&quot;:&quot;youtube&quot;,&quot;controls&quot;:&quot;yes&quot;}\" data-widget_type=\"video.default\">\n\t\t\t\t<div class=\"elementor-widget-container\">\n\t\t\t\t\t\t\t<div class=\"elementor-wrapper elementor-open-inline\">\n\t\t\t<div class=\"elementor-video\"><\/div>\t\t<\/div>\n\t\t\t\t\t\t<\/div>\n\t\t\t\t<\/div>\n\t\t\t\t\t<\/div>\n\t\t<\/div>\n\t\t\t\t\t<\/div>\n\t\t<\/section>\n\t\t\t\t<div class=\"elementor-element elementor-element-180b498 elementor-widget elementor-widget-text-editor\" data-id=\"180b498\" data-element_type=\"widget\" data-e-type=\"widget\" data-widget_type=\"text-editor.default\">\n\t\t\t\t<div class=\"elementor-widget-container\">\n\t\t\t\t\t\t\t\t\t<p>Para m\u00e1s informaci\u00f3n, te invitamos a visitar el sitio web de Digi: <span style=\"border-bottom: 2px solid #96D045;\"><a href=\"https:\/\/www.digisystem.com\/\/\" target=\"_blank\" rel=\"noopener\">www.digisystem.com<\/a><\/span><\/p>\t\t\t\t\t\t\t\t<\/div>\n\t\t\t\t<\/div>\n\t\t\t\t\t<\/div>\n\t\t<\/div>\n\t\t\t\t\t<\/div>\n\t\t<\/section>\n\t\t\t\t<\/div>\n\t\t","protected":false},"excerpt":{"rendered":"<p>Balanza Etiquetadora din\u00e1mica de peso precio de alta velocidad<\/p>\n<p>Producto disponible en:<br \/>\n<a href=\"https:\/\/mitmaq.com\/wp-content\/uploads\/2021\/09\/Argentina.png\"><img loading=\"lazy\" decoding=\"async\" class=\"alignnone wp-image-5937\" src=\"https:\/\/mitmaq.com\/wp-content\/uploads\/2021\/09\/Argentina.png\" alt=\"Argentina\" width=\"30\" height=\"30\" srcset=\"https:\/\/mitmaq.com\/staging\/wp-content\/uploads\/2021\/09\/Argentina.png 100w, https:\/\/mitmaq.com\/staging\/wp-content\/uploads\/2021\/09\/Argentina-1x1.png 1w, https:\/\/mitmaq.com\/staging\/wp-content\/uploads\/2021\/09\/Argentina-10x10.png 10w\" sizes=\"(max-width: 30px) 100vw, 30px\" \/> <\/a><a href=\"https:\/\/mitmaq.com\/wp-content\/uploads\/2021\/09\/Bolivia.png\"><img loading=\"lazy\" decoding=\"async\" class=\"alignnone wp-image-5938\" src=\"https:\/\/mitmaq.com\/wp-content\/uploads\/2021\/09\/Bolivia.png\" alt=\"Bolivia\" width=\"30\" height=\"30\" srcset=\"https:\/\/mitmaq.com\/staging\/wp-content\/uploads\/2021\/09\/Bolivia.png 100w, https:\/\/mitmaq.com\/staging\/wp-content\/uploads\/2021\/09\/Bolivia-1x1.png 1w, https:\/\/mitmaq.com\/staging\/wp-content\/uploads\/2021\/09\/Bolivia-10x10.png 10w\" sizes=\"(max-width: 30px) 100vw, 30px\" \/> <\/a><a href=\"https:\/\/mitmaq.com\/wp-content\/uploads\/2021\/09\/Paraguay.png\"><img loading=\"lazy\" decoding=\"async\" class=\"alignnone wp-image-5939\" src=\"https:\/\/mitmaq.com\/wp-content\/uploads\/2021\/09\/Paraguay.png\" alt=\"Paraguay\" width=\"30\" height=\"30\" srcset=\"https:\/\/mitmaq.com\/staging\/wp-content\/uploads\/2021\/09\/Paraguay.png 100w, https:\/\/mitmaq.com\/staging\/wp-content\/uploads\/2021\/09\/Paraguay-1x1.png 1w, https:\/\/mitmaq.com\/staging\/wp-content\/uploads\/2021\/09\/Paraguay-10x10.png 10w\" sizes=\"(max-width: 30px) 100vw, 30px\" \/> <\/a><a href=\"https:\/\/mitmaq.com\/wp-content\/uploads\/2021\/09\/Uruguay.png\"><img loading=\"lazy\" decoding=\"async\" class=\"alignnone wp-image-5940\" src=\"https:\/\/mitmaq.com\/wp-content\/uploads\/2021\/09\/Uruguay.png\" alt=\"Uruguay\" width=\"30\" height=\"30\" srcset=\"https:\/\/mitmaq.com\/staging\/wp-content\/uploads\/2021\/09\/Uruguay.png 100w, https:\/\/mitmaq.com\/staging\/wp-content\/uploads\/2021\/09\/Uruguay-1x1.png 1w, https:\/\/mitmaq.com\/staging\/wp-content\/uploads\/2021\/09\/Uruguay-10x10.png 10w\" sizes=\"(max-width: 30px) 100vw, 30px\" \/><\/a><\/p>\n","protected":false},"featured_media":11890,"comment_status":"open","ping_status":"closed","template":"","meta":[],"product_brand":[],"product_cat":[15,68],"product_tag":[142,132,131,134,17,18,135,20],"class_list":{"0":"post-11889","1":"product","2":"type-product","3":"status-publish","4":"has-post-thumbnail","6":"product_cat-carnica","7":"product_cat-maquinas-posventa","8":"product_tag-final-de-linea","9":"product_tag-ind-avicola","10":"product_tag-ind-carnica","11":"product_tag-ind-frutihorticola","12":"product_tag-ind-gastronomica","13":"product_tag-ind-lactea","14":"product_tag-ind-panificados-y-dulces","15":"product_tag-ind-pesquera","17":"first","18":"instock","19":"taxable","20":"shipping-taxable","21":"product-type-simple"},"_links":{"self":[{"href":"https:\/\/mitmaq.com\/staging\/wp-json\/wp\/v2\/product\/11889","targetHints":{"allow":["GET"]}}],"collection":[{"href":"https:\/\/mitmaq.com\/staging\/wp-json\/wp\/v2\/product"}],"about":[{"href":"https:\/\/mitmaq.com\/staging\/wp-json\/wp\/v2\/types\/product"}],"replies":[{"embeddable":true,"href":"https:\/\/mitmaq.com\/staging\/wp-json\/wp\/v2\/comments?post=11889"}],"version-history":[{"count":13,"href":"https:\/\/mitmaq.com\/staging\/wp-json\/wp\/v2\/product\/11889\/revisions"}],"predecessor-version":[{"id":12236,"href":"https:\/\/mitmaq.com\/staging\/wp-json\/wp\/v2\/product\/11889\/revisions\/12236"}],"wp:featuredmedia":[{"embeddable":true,"href":"https:\/\/mitmaq.com\/staging\/wp-json\/wp\/v2\/media\/11890"}],"wp:attachment":[{"href":"https:\/\/mitmaq.com\/staging\/wp-json\/wp\/v2\/media?parent=11889"}],"wp:term":[{"taxonomy":"product_brand","embeddable":true,"href":"https:\/\/mitmaq.com\/staging\/wp-json\/wp\/v2\/product_brand?post=11889"},{"taxonomy":"product_cat","embeddable":true,"href":"https:\/\/mitmaq.com\/staging\/wp-json\/wp\/v2\/product_cat?post=11889"},{"taxonomy":"product_tag","embeddable":true,"href":"https:\/\/mitmaq.com\/staging\/wp-json\/wp\/v2\/product_tag?post=11889"}],"curies":[{"name":"wp","href":"https:\/\/api.w.org\/{rel}","templated":true}]}}