{"id":10754,"date":"2022-05-05T15:45:28","date_gmt":"2022-05-05T18:45:28","guid":{"rendered":"https:\/\/mitmaq.com\/?post_type=product&#038;p=10754"},"modified":"2025-10-16T17:45:51","modified_gmt":"2025-10-16T20:45:51","slug":"congelador-de-placas-horizontales","status":"publish","type":"product","link":"https:\/\/mitmaq.com\/staging\/product\/congelador-de-placas-horizontales\/","title":{"rendered":"Congelador de Placas Horizontales"},"content":{"rendered":"\t\t<div data-elementor-type=\"wp-post\" data-elementor-id=\"10754\" class=\"elementor elementor-10754\">\n\t\t\t\t\t\t<section class=\"elementor-section elementor-top-section elementor-element elementor-element-21fb78a elementor-section-boxed elementor-section-height-default elementor-section-height-default\" data-id=\"21fb78a\" data-element_type=\"section\" data-e-type=\"section\">\n\t\t\t\t\t\t<div class=\"elementor-container elementor-column-gap-default\">\n\t\t\t\t\t<div class=\"elementor-column elementor-col-100 elementor-top-column elementor-element elementor-element-b1b7ee3\" data-id=\"b1b7ee3\" data-element_type=\"column\" data-e-type=\"column\">\n\t\t\t<div class=\"elementor-widget-wrap elementor-element-populated\">\n\t\t\t\t\t\t<div class=\"elementor-element elementor-element-29530f1 elementor-widget elementor-widget-text-editor\" data-id=\"29530f1\" data-element_type=\"widget\" data-e-type=\"widget\" data-widget_type=\"text-editor.default\">\n\t\t\t\t<div class=\"elementor-widget-container\">\n\t\t\t\t\t\t\t\t\t<p><strong>Productividad Incrementada<\/strong><\/p><p>La demanda de una mayor productividad y la reducci\u00f3n de la manipulaci\u00f3n manual en los modernos sistemas de procesamiento de alimentos y mariscos nunca ha sido mayor. El congelador autom\u00e1tico de placas horizontales est\u00e1 dise\u00f1ado para adaptarse a esos requisitos.\u00a0<\/p><ul><li>Funcionamiento autom\u00e1tico: tasas de producci\u00f3n m\u00e1s altas.<\/li><li>Personalizaci\u00f3n: encajar\u00e1 en sus sistema espec\u00edfico.<\/li><li>Ejecuci\u00f3n en acero inoxidable: Larga vida<\/li><\/ul><p><strong>Ventajas del congelador autom\u00e1tico de placas horizontales<\/strong><\/p><p>1.congelador de larga vida: Construido con un marco completo y un cilindro en acero inoxidable que permite resistencia en entornos hostiles y garantiza una larga vida \u00fatil. Ideal para el procesamiento de pescado a bordo y para f\u00e1bricas en tierra que buscan una soluci\u00f3n de alta capacidad.<\/p><p>2. Productividad optimizada: Evita la manipulaci\u00f3n manual de los bloques frescos o congelados. La entrada y salida del congelador se maneja autom\u00e1ticamente y se dise\u00f1a teniendo en cuenta la mayor capacidad posible y un f\u00e1cil mantenimiento. La producci\u00f3n se vuelve m\u00e1s estricta, efectiva y no requiere interacci\u00f3n humana durante la producci\u00f3n.<\/p><p>3. Dise\u00f1o de flujo personalizado: Se puede modificar para tama\u00f1os de bandeja espec\u00edficos para garantizar la utilizaci\u00f3n del espacio ocupado, que se modelar\u00e1n junto con el cliente.<\/p>\t\t\t\t\t\t\t\t<\/div>\n\t\t\t\t<\/div>\n\t\t\t\t<div class=\"elementor-element elementor-element-687c5f7 elementor-widget elementor-widget-video\" data-id=\"687c5f7\" data-element_type=\"widget\" data-e-type=\"widget\" data-settings=\"{&quot;youtube_url&quot;:&quot;https:\\\/\\\/youtu.be\\\/s7pjgfg4ttk&quot;,&quot;video_type&quot;:&quot;youtube&quot;,&quot;controls&quot;:&quot;yes&quot;}\" data-widget_type=\"video.default\">\n\t\t\t\t<div class=\"elementor-widget-container\">\n\t\t\t\t\t\t\t<div class=\"elementor-wrapper elementor-open-inline\">\n\t\t\t<div class=\"elementor-video\"><\/div>\t\t<\/div>\n\t\t\t\t\t\t<\/div>\n\t\t\t\t<\/div>\n\t\t\t\t\t<\/div>\n\t\t<\/div>\n\t\t\t\t\t<\/div>\n\t\t<\/section>\n\t\t\t\t<section class=\"elementor-section elementor-top-section elementor-element elementor-element-2e68d26 elementor-section-boxed elementor-section-height-default elementor-section-height-default\" data-id=\"2e68d26\" data-element_type=\"section\" data-e-type=\"section\">\n\t\t\t\t\t\t<div class=\"elementor-container elementor-column-gap-default\">\n\t\t\t\t\t<div class=\"elementor-column elementor-col-100 elementor-top-column elementor-element elementor-element-d747df7\" data-id=\"d747df7\" data-element_type=\"column\" data-e-type=\"column\">\n\t\t\t<div class=\"elementor-widget-wrap elementor-element-populated\">\n\t\t\t\t\t\t<div class=\"elementor-element elementor-element-6361e82 acenter has-icon_size_animation elementor-widget-icon-box wgl-icon-box elementor-widget elementor-widget-wgl-button\" data-id=\"6361e82\" data-element_type=\"widget\" data-e-type=\"widget\" data-widget_type=\"wgl-button.default\">\n\t\t\t\t<div class=\"elementor-widget-container\">\n\t\t\t\t\t<a class=\"wgl-button btn-size-xl \" role=\"button\" href=\"https:\/\/mitmaq.com\/wp-content\/uploads\/2022\/06\/Carsoe-Horizontal-Plate-Freezer.pdf\"><div class=\"button__content align-icon-right\"><div class=\"media-wrapper icon-wrapper\"><span class=\"wgl-icon\" ><i class=\"icon elementor-icon flaticon flaticon-down-right-arrow\" aria-hidden=\"true\"><\/i><\/span><\/div><span class=\"button__text\">Descargar ficha t\u00e9cnica<\/span><\/div><\/a>\t\t\t\t<\/div>\n\t\t\t\t<\/div>\n\t\t\t\t<div class=\"elementor-element elementor-element-fc9d277 elementor-widget elementor-widget-text-editor\" data-id=\"fc9d277\" data-element_type=\"widget\" data-e-type=\"widget\" data-widget_type=\"text-editor.default\">\n\t\t\t\t<div class=\"elementor-widget-container\">\n\t\t\t\t\t\t\t\t\t<p>Para m\u00e1s informaci\u00f3n, te invitamos a visitar el sitio web de Qupaq:\u00a0<a href=\"https:\/\/qupaq.com\/\" target=\"_blank\" rel=\"noopener\">www.qupaq.com<\/a><\/p>\t\t\t\t\t\t\t\t<\/div>\n\t\t\t\t<\/div>\n\t\t\t\t\t<\/div>\n\t\t<\/div>\n\t\t\t\t\t<\/div>\n\t\t<\/section>\n\t\t\t\t<\/div>\n\t\t","protected":false},"excerpt":{"rendered":"<p>Especialmente dise\u00f1ado para congelar r\u00e1pidamente grandes cantidades de productos alimenticios. Esta t\u00e9cnica de congelaci\u00f3n r\u00e1pida garantiza una alta calidad duradera de los alimentos.<\/p>\n<p>Producto disponible en:<br \/>\n<a href=\"https:\/\/mitmaq.com\/wp-content\/uploads\/2021\/09\/Argentina.png\"><img decoding=\"async\" class=\"alignnone wp-image-5937\" src=\"https:\/\/mitmaq.com\/wp-content\/uploads\/2021\/09\/Argentina.png\" alt=\"Argentina\" width=\"30\" height=\"30\" srcset=\"https:\/\/mitmaq.com\/staging\/wp-content\/uploads\/2021\/09\/Argentina.png 100w, https:\/\/mitmaq.com\/staging\/wp-content\/uploads\/2021\/09\/Argentina-1x1.png 1w, https:\/\/mitmaq.com\/staging\/wp-content\/uploads\/2021\/09\/Argentina-10x10.png 10w\" sizes=\"(max-width: 30px) 100vw, 30px\" \/> <\/a> <a href=\"https:\/\/mitmaq.com\/wp-content\/uploads\/2021\/12\/Bolivia-No.png\"><img decoding=\"async\" class=\"alignnone wp-image-10023\" src=\"https:\/\/mitmaq.com\/wp-content\/uploads\/2021\/12\/Bolivia-No.png\" alt=\"Bolivia\" width=\"30\" height=\"30\" srcset=\"https:\/\/mitmaq.com\/staging\/wp-content\/uploads\/2021\/12\/Bolivia-No.png 100w, https:\/\/mitmaq.com\/staging\/wp-content\/uploads\/2021\/12\/Bolivia-No-1x1.png 1w, https:\/\/mitmaq.com\/staging\/wp-content\/uploads\/2021\/12\/Bolivia-No-10x10.png 10w\" sizes=\"(max-width: 30px) 100vw, 30px\" \/><\/a> <a href=\"https:\/\/mitmaq.com\/wp-content\/uploads\/2021\/12\/Paraguay-No.png\"><img decoding=\"async\" class=\"alignnone wp-image-10024\" src=\"https:\/\/mitmaq.com\/wp-content\/uploads\/2021\/12\/Paraguay-No.png\" alt=\"Paraguay\" width=\"30\" height=\"30\" srcset=\"https:\/\/mitmaq.com\/staging\/wp-content\/uploads\/2021\/12\/Paraguay-No.png 100w, https:\/\/mitmaq.com\/staging\/wp-content\/uploads\/2021\/12\/Paraguay-No-1x1.png 1w, https:\/\/mitmaq.com\/staging\/wp-content\/uploads\/2021\/12\/Paraguay-No-10x10.png 10w\" sizes=\"(max-width: 30px) 100vw, 30px\" \/><\/a><a href=\"https:\/\/mitmaq.com\/wp-content\/uploads\/2021\/12\/Uruguay-No.png\"> <img loading=\"lazy\" decoding=\"async\" class=\"alignnone wp-image-10025\" src=\"https:\/\/mitmaq.com\/wp-content\/uploads\/2021\/12\/Uruguay-No.png\" alt=\"Uruguay\" width=\"30\" height=\"30\" srcset=\"https:\/\/mitmaq.com\/staging\/wp-content\/uploads\/2021\/12\/Uruguay-No.png 100w, https:\/\/mitmaq.com\/staging\/wp-content\/uploads\/2021\/12\/Uruguay-No-1x1.png 1w, https:\/\/mitmaq.com\/staging\/wp-content\/uploads\/2021\/12\/Uruguay-No-10x10.png 10w\" sizes=\"(max-width: 30px) 100vw, 30px\" \/><\/a><\/p>\n","protected":false},"featured_media":0,"comment_status":"open","ping_status":"closed","template":"","meta":[],"product_brand":[281],"product_cat":[15,68],"product_tag":[132,131,20,147],"class_list":{"0":"post-10754","1":"product","2":"type-product","3":"status-publish","5":"product_brand-qupaq","6":"product_cat-carnica","7":"product_cat-maquinas-posventa","8":"product_tag-ind-avicola","9":"product_tag-ind-carnica","10":"product_tag-ind-pesquera","11":"product_tag-proceso-termico","13":"first","14":"instock","15":"taxable","16":"shipping-taxable","17":"product-type-simple"},"_links":{"self":[{"href":"https:\/\/mitmaq.com\/staging\/wp-json\/wp\/v2\/product\/10754","targetHints":{"allow":["GET"]}}],"collection":[{"href":"https:\/\/mitmaq.com\/staging\/wp-json\/wp\/v2\/product"}],"about":[{"href":"https:\/\/mitmaq.com\/staging\/wp-json\/wp\/v2\/types\/product"}],"replies":[{"embeddable":true,"href":"https:\/\/mitmaq.com\/staging\/wp-json\/wp\/v2\/comments?post=10754"}],"version-history":[{"count":38,"href":"https:\/\/mitmaq.com\/staging\/wp-json\/wp\/v2\/product\/10754\/revisions"}],"predecessor-version":[{"id":13128,"href":"https:\/\/mitmaq.com\/staging\/wp-json\/wp\/v2\/product\/10754\/revisions\/13128"}],"wp:attachment":[{"href":"https:\/\/mitmaq.com\/staging\/wp-json\/wp\/v2\/media?parent=10754"}],"wp:term":[{"taxonomy":"product_brand","embeddable":true,"href":"https:\/\/mitmaq.com\/staging\/wp-json\/wp\/v2\/product_brand?post=10754"},{"taxonomy":"product_cat","embeddable":true,"href":"https:\/\/mitmaq.com\/staging\/wp-json\/wp\/v2\/product_cat?post=10754"},{"taxonomy":"product_tag","embeddable":true,"href":"https:\/\/mitmaq.com\/staging\/wp-json\/wp\/v2\/product_tag?post=10754"}],"curies":[{"name":"wp","href":"https:\/\/api.w.org\/{rel}","templated":true}]}}