{"id":10524,"date":"2022-04-06T17:07:20","date_gmt":"2022-04-06T20:07:20","guid":{"rendered":"https:\/\/mitmaq.com\/?post_type=product&#038;p=10524"},"modified":"2022-08-10T10:16:58","modified_gmt":"2022-08-10T13:16:58","slug":"polar-285-henkelman","status":"publish","type":"product","link":"https:\/\/mitmaq.com\/staging\/product\/polar-285-henkelman\/","title":{"rendered":"Polar 2-95"},"content":{"rendered":"\t\t<div data-elementor-type=\"wp-post\" data-elementor-id=\"10524\" class=\"elementor elementor-10524\">\n\t\t\t\t\t\t<section class=\"elementor-section elementor-top-section elementor-element elementor-element-38aeece9 elementor-section-boxed elementor-section-height-default elementor-section-height-default\" data-id=\"38aeece9\" data-element_type=\"section\" data-e-type=\"section\">\n\t\t\t\t\t\t<div class=\"elementor-container elementor-column-gap-default\">\n\t\t\t\t\t<div class=\"elementor-column elementor-col-100 elementor-top-column elementor-element elementor-element-2a7bd6d2\" data-id=\"2a7bd6d2\" data-element_type=\"column\" data-e-type=\"column\">\n\t\t\t<div class=\"elementor-widget-wrap elementor-element-populated\">\n\t\t\t\t\t\t<div class=\"elementor-element elementor-element-55aa856 elementor-align-right elementor-widget elementor-widget-button\" data-id=\"55aa856\" data-element_type=\"widget\" data-e-type=\"widget\" data-widget_type=\"button.default\">\n\t\t\t\t<div class=\"elementor-widget-container\">\n\t\t\t\t\t\t\t\t\t<div class=\"elementor-button-wrapper\">\n\t\t\t\t\t<a class=\"elementor-button elementor-button-link elementor-size-sm\" href=\"https:\/\/mitmaq.com\/wp-content\/uploads\/2022\/04\/Henkelman_Polar2-95.pdf\" target=\"_blank\">\n\t\t\t\t\t\t<span class=\"elementor-button-content-wrapper\">\n\t\t\t\t\t\t\t\t\t<span class=\"elementor-button-text\">Descargar Ficha T\u00e9cnica<\/span>\n\t\t\t\t\t<\/span>\n\t\t\t\t\t<\/a>\n\t\t\t\t<\/div>\n\t\t\t\t\t\t\t\t<\/div>\n\t\t\t\t<\/div>\n\t\t\t\t<div class=\"elementor-element elementor-element-2a0003c4 elementor-widget elementor-widget-text-editor\" data-id=\"2a0003c4\" data-element_type=\"widget\" data-e-type=\"widget\" data-widget_type=\"text-editor.default\">\n\t\t\t\t<div class=\"elementor-widget-container\">\n\t\t\t\t\t\t\t\t\t<p>M\u00e1quina de envasado al vac\u00edo m\u00e1s grande de la serie Polar. Robusta e industrial de c\u00e1mara doble. Disponible como modelo Industrial b\u00e1sico y de toda opci\u00f3n, tal como la tapa aut\u00f3matica.<\/p><ul><li>Memoria para 10 programas est\u00e1ndar<\/li><li>Control de tiempo est\u00e1ndar<\/li><li>Gratuito: Sellado corte o amplio<\/li><li>Soft Aire est\u00e1ndar<\/li><li>M\u00faltiples opciones disponibles<\/li><li>Placa de trabajo plana<\/li><\/ul>\t\t\t\t\t\t\t\t<\/div>\n\t\t\t\t<\/div>\n\t\t\t\t\t<\/div>\n\t\t<\/div>\n\t\t\t\t\t<\/div>\n\t\t<\/section>\n\t\t\t\t<section class=\"elementor-section elementor-top-section elementor-element elementor-element-5e45642 elementor-section-boxed elementor-section-height-default elementor-section-height-default\" data-id=\"5e45642\" data-element_type=\"section\" data-e-type=\"section\">\n\t\t\t\t\t\t<div class=\"elementor-container elementor-column-gap-default\">\n\t\t\t\t\t<div class=\"elementor-column elementor-col-100 elementor-top-column elementor-element elementor-element-ced2e15\" data-id=\"ced2e15\" data-element_type=\"column\" data-e-type=\"column\">\n\t\t\t<div class=\"elementor-widget-wrap elementor-element-populated\">\n\t\t\t\t\t\t<div class=\"elementor-element elementor-element-cc9af0b elementor-widget elementor-widget-video\" data-id=\"cc9af0b\" data-element_type=\"widget\" data-e-type=\"widget\" data-settings=\"{&quot;youtube_url&quot;:&quot;https:\\\/\\\/www.youtube.com\\\/watch?v=utHzPZgHEts&quot;,&quot;video_type&quot;:&quot;youtube&quot;,&quot;controls&quot;:&quot;yes&quot;}\" data-widget_type=\"video.default\">\n\t\t\t\t<div class=\"elementor-widget-container\">\n\t\t\t\t\t\t\t<div class=\"elementor-wrapper elementor-open-inline\">\n\t\t\t<div class=\"elementor-video\"><\/div>\t\t<\/div>\n\t\t\t\t\t\t<\/div>\n\t\t\t\t<\/div>\n\t\t\t\t\t<\/div>\n\t\t<\/div>\n\t\t\t\t\t<\/div>\n\t\t<\/section>\n\t\t\t\t<section class=\"elementor-section elementor-top-section elementor-element elementor-element-78bb129 elementor-section-boxed elementor-section-height-default elementor-section-height-default\" data-id=\"78bb129\" data-element_type=\"section\" data-e-type=\"section\">\n\t\t\t\t\t\t<div class=\"elementor-container elementor-column-gap-default\">\n\t\t\t\t\t<div class=\"elementor-column elementor-col-100 elementor-top-column elementor-element elementor-element-d8846e7\" data-id=\"d8846e7\" data-element_type=\"column\" data-e-type=\"column\">\n\t\t\t<div class=\"elementor-widget-wrap elementor-element-populated\">\n\t\t\t\t\t\t<div class=\"elementor-element elementor-element-f46a8e2 elementor-widget elementor-widget-text-editor\" data-id=\"f46a8e2\" data-element_type=\"widget\" data-e-type=\"widget\" data-widget_type=\"text-editor.default\">\n\t\t\t\t<div class=\"elementor-widget-container\">\n\t\t\t\t\t\t\t\t\t<p>Para m\u00e1s informaci\u00f3n, te invitamos a visitar el sitio de Henkelman:\u00a0\u00a0<span style=\"border-bottom: 2px solid #96D045;\"> <a href=\"http:\/\/www.henkelman.com\" target=\"_blank\" rel=\"noopener\">www.henkelman.com<\/a><\/span><\/p>\t\t\t\t\t\t\t\t<\/div>\n\t\t\t\t<\/div>\n\t\t\t\t\t<\/div>\n\t\t<\/div>\n\t\t\t\t\t<\/div>\n\t\t<\/section>\n\t\t\t\t<\/div>\n\t\t","protected":false},"excerpt":{"rendered":"<p>Capacidad de bomba 300 mts c\u00fabicos. Ciclo de m\u00e1quina entre 15 y 40 seg. Dimensiones L1213 Anc2420 Alt 1597 mil\u00edmetros. Barra de sellado: 1100 mil\u00edmetros<\/p>\n<p>Producto disponible en:<br \/>\n<a href=\"https:\/\/mitmaq.com\/wp-content\/uploads\/2021\/09\/Argentina.png\"><img decoding=\"async\" class=\"alignnone wp-image-5937\" src=\"https:\/\/mitmaq.com\/wp-content\/uploads\/2021\/09\/Argentina.png\" alt=\"Argentina\" width=\"30\" height=\"30\" srcset=\"https:\/\/mitmaq.com\/staging\/wp-content\/uploads\/2021\/09\/Argentina.png 100w, https:\/\/mitmaq.com\/staging\/wp-content\/uploads\/2021\/09\/Argentina-1x1.png 1w, https:\/\/mitmaq.com\/staging\/wp-content\/uploads\/2021\/09\/Argentina-10x10.png 10w\" sizes=\"(max-width: 30px) 100vw, 30px\" \/> <\/a><a href=\"https:\/\/mitmaq.com\/wp-content\/uploads\/2021\/09\/Bolivia.png\"><img decoding=\"async\" class=\"alignnone wp-image-5938\" src=\"https:\/\/mitmaq.com\/wp-content\/uploads\/2021\/09\/Bolivia.png\" alt=\"Bolivia\" width=\"30\" height=\"30\" srcset=\"https:\/\/mitmaq.com\/staging\/wp-content\/uploads\/2021\/09\/Bolivia.png 100w, https:\/\/mitmaq.com\/staging\/wp-content\/uploads\/2021\/09\/Bolivia-1x1.png 1w, https:\/\/mitmaq.com\/staging\/wp-content\/uploads\/2021\/09\/Bolivia-10x10.png 10w\" sizes=\"(max-width: 30px) 100vw, 30px\" \/> <\/a><a href=\"https:\/\/mitmaq.com\/wp-content\/uploads\/2021\/09\/Paraguay.png\"><img decoding=\"async\" class=\"alignnone wp-image-5939\" src=\"https:\/\/mitmaq.com\/wp-content\/uploads\/2021\/09\/Paraguay.png\" alt=\"Paraguay\" width=\"30\" height=\"30\" srcset=\"https:\/\/mitmaq.com\/staging\/wp-content\/uploads\/2021\/09\/Paraguay.png 100w, https:\/\/mitmaq.com\/staging\/wp-content\/uploads\/2021\/09\/Paraguay-1x1.png 1w, https:\/\/mitmaq.com\/staging\/wp-content\/uploads\/2021\/09\/Paraguay-10x10.png 10w\" sizes=\"(max-width: 30px) 100vw, 30px\" \/> <\/a><a href=\"https:\/\/mitmaq.com\/wp-content\/uploads\/2021\/09\/Uruguay.png\"><img loading=\"lazy\" decoding=\"async\" class=\"alignnone wp-image-5940\" src=\"https:\/\/mitmaq.com\/wp-content\/uploads\/2021\/09\/Uruguay.png\" alt=\"Uruguay\" width=\"30\" height=\"30\" srcset=\"https:\/\/mitmaq.com\/staging\/wp-content\/uploads\/2021\/09\/Uruguay.png 100w, https:\/\/mitmaq.com\/staging\/wp-content\/uploads\/2021\/09\/Uruguay-1x1.png 1w, https:\/\/mitmaq.com\/staging\/wp-content\/uploads\/2021\/09\/Uruguay-10x10.png 10w\" sizes=\"(max-width: 30px) 100vw, 30px\" \/><\/a><\/p>\n","protected":false},"featured_media":10533,"comment_status":"open","ping_status":"closed","template":"","meta":[],"product_brand":[],"product_cat":[15,68],"product_tag":[139,131],"class_list":{"0":"post-10524","1":"product","2":"type-product","3":"status-publish","4":"has-post-thumbnail","6":"product_cat-carnica","7":"product_cat-maquinas-posventa","8":"product_tag-envasado","9":"product_tag-ind-carnica","11":"first","12":"instock","13":"taxable","14":"shipping-taxable","15":"product-type-simple"},"_links":{"self":[{"href":"https:\/\/mitmaq.com\/staging\/wp-json\/wp\/v2\/product\/10524","targetHints":{"allow":["GET"]}}],"collection":[{"href":"https:\/\/mitmaq.com\/staging\/wp-json\/wp\/v2\/product"}],"about":[{"href":"https:\/\/mitmaq.com\/staging\/wp-json\/wp\/v2\/types\/product"}],"replies":[{"embeddable":true,"href":"https:\/\/mitmaq.com\/staging\/wp-json\/wp\/v2\/comments?post=10524"}],"version-history":[{"count":9,"href":"https:\/\/mitmaq.com\/staging\/wp-json\/wp\/v2\/product\/10524\/revisions"}],"predecessor-version":[{"id":11577,"href":"https:\/\/mitmaq.com\/staging\/wp-json\/wp\/v2\/product\/10524\/revisions\/11577"}],"wp:featuredmedia":[{"embeddable":true,"href":"https:\/\/mitmaq.com\/staging\/wp-json\/wp\/v2\/media\/10533"}],"wp:attachment":[{"href":"https:\/\/mitmaq.com\/staging\/wp-json\/wp\/v2\/media?parent=10524"}],"wp:term":[{"taxonomy":"product_brand","embeddable":true,"href":"https:\/\/mitmaq.com\/staging\/wp-json\/wp\/v2\/product_brand?post=10524"},{"taxonomy":"product_cat","embeddable":true,"href":"https:\/\/mitmaq.com\/staging\/wp-json\/wp\/v2\/product_cat?post=10524"},{"taxonomy":"product_tag","embeddable":true,"href":"https:\/\/mitmaq.com\/staging\/wp-json\/wp\/v2\/product_tag?post=10524"}],"curies":[{"name":"wp","href":"https:\/\/api.w.org\/{rel}","templated":true}]}}