{"id":10056,"date":"2022-01-12T11:04:16","date_gmt":"2022-01-12T14:04:16","guid":{"rendered":"https:\/\/mitmaq.com\/?post_type=product&#038;p=10056"},"modified":"2022-06-28T11:07:56","modified_gmt":"2022-06-28T14:07:56","slug":"inyectora-hpi-350","status":"publish","type":"product","link":"https:\/\/mitmaq.com\/staging\/product\/inyectora-hpi-350\/","title":{"rendered":"Inyectora HPI 350"},"content":{"rendered":"\t\t<div data-elementor-type=\"wp-post\" data-elementor-id=\"10056\" class=\"elementor elementor-10056\">\n\t\t\t\t\t\t<section class=\"elementor-section elementor-top-section elementor-element elementor-element-86d884b elementor-section-boxed elementor-section-height-default elementor-section-height-default\" data-id=\"86d884b\" data-element_type=\"section\" data-e-type=\"section\">\n\t\t\t\t\t\t<div class=\"elementor-container elementor-column-gap-default\">\n\t\t\t\t\t<div class=\"elementor-column elementor-col-100 elementor-top-column elementor-element elementor-element-05ee558\" data-id=\"05ee558\" data-element_type=\"column\" data-e-type=\"column\">\n\t\t\t<div class=\"elementor-widget-wrap elementor-element-populated\">\n\t\t\t\t\t\t<div class=\"elementor-element elementor-element-fa7918b elementor-align-right elementor-widget elementor-widget-button\" data-id=\"fa7918b\" data-element_type=\"widget\" data-e-type=\"widget\" data-widget_type=\"button.default\">\n\t\t\t\t<div class=\"elementor-widget-container\">\n\t\t\t\t\t\t\t\t\t<div class=\"elementor-button-wrapper\">\n\t\t\t\t\t<a class=\"elementor-button elementor-button-link elementor-size-sm\" href=\"https:\/\/mitmaq.com\/wp-content\/uploads\/2022\/06\/Henneken-Folleto.pdf\" target=\"_blank\">\n\t\t\t\t\t\t<span class=\"elementor-button-content-wrapper\">\n\t\t\t\t\t\t\t\t\t<span class=\"elementor-button-text\">Descargar Ficha T\u00e9cnica<\/span>\n\t\t\t\t\t<\/span>\n\t\t\t\t\t<\/a>\n\t\t\t\t<\/div>\n\t\t\t\t\t\t\t\t<\/div>\n\t\t\t\t<\/div>\n\t\t\t\t<div class=\"elementor-element elementor-element-43aad58 elementor-widget elementor-widget-text-editor\" data-id=\"43aad58\" data-element_type=\"widget\" data-e-type=\"widget\" data-widget_type=\"text-editor.default\">\n\t\t\t\t<div class=\"elementor-widget-container\">\n\t\t\t\t\t\t\t\t\t<p>Para m\u00e1s informaci\u00f3n, te invitamos a visitar el sitio web de Henneken:&nbsp;<a href=\"https:\/\/henneken-tumbler.de\/\" style=\"background-color: rgb(255, 255, 255);\"><span style=\"border-bottom: 2px solid rgb(150, 208, 69);\">www.henneken-tumbler.de<\/span><\/a><br><\/p>\t\t\t\t\t\t\t\t<\/div>\n\t\t\t\t<\/div>\n\t\t\t\t\t<\/div>\n\t\t<\/div>\n\t\t\t\t\t<\/div>\n\t\t<\/section>\n\t\t\t\t<section class=\"elementor-section elementor-top-section elementor-element elementor-element-f42f5d8 elementor-section-boxed elementor-section-height-default elementor-section-height-default\" data-id=\"f42f5d8\" data-element_type=\"section\" data-e-type=\"section\">\n\t\t\t\t\t\t<div class=\"elementor-container elementor-column-gap-default\">\n\t\t\t\t\t<div class=\"elementor-column elementor-col-100 elementor-top-column elementor-element elementor-element-dbf41bc\" data-id=\"dbf41bc\" data-element_type=\"column\" data-e-type=\"column\">\n\t\t\t<div class=\"elementor-widget-wrap elementor-element-populated\">\n\t\t\t\t\t\t<div class=\"elementor-element elementor-element-6214ad8 elementor-widget elementor-widget-video\" data-id=\"6214ad8\" data-element_type=\"widget\" data-e-type=\"widget\" data-settings=\"{&quot;youtube_url&quot;:&quot;https:\\\/\\\/youtu.be\\\/PXAfmfNfVF0&quot;,&quot;video_type&quot;:&quot;youtube&quot;,&quot;controls&quot;:&quot;yes&quot;}\" data-widget_type=\"video.default\">\n\t\t\t\t<div class=\"elementor-widget-container\">\n\t\t\t\t\t\t\t<div class=\"elementor-wrapper elementor-open-inline\">\n\t\t\t<div class=\"elementor-video\"><\/div>\t\t<\/div>\n\t\t\t\t\t\t<\/div>\n\t\t\t\t<\/div>\n\t\t\t\t\t<\/div>\n\t\t<\/div>\n\t\t\t\t\t<\/div>\n\t\t<\/section>\n\t\t\t\t<\/div>\n\t\t","protected":false},"excerpt":{"rendered":"<p>Inyectora para productos con hueso y sin hueso. Equipo robusto. Sistema de transporte por rastrillo, m\u00e1s higi\u00e9nico y duradero.<br \/>\nLa presi\u00f3n de inyecci\u00f3n se puede ajustar continuamente de 0,5 a 4 bar mediante una bomba centr\u00edfuga controlada por convertidor de frecuencia y se puede leer en la pantalla o en el man\u00f3metro.<br \/>\nTodas las agujas se pueden quitar f\u00e1cilmente para limpiarlas sin herramientas<br \/>\nAgujas de un diametro de 2,5 hasta 4 mm.<\/p>\n<p>Anchura de trabajo: 350 mm<br \/>\nCantidad de agujas: 50 a 102<br \/>\nAltura max de producto: 200 mm<\/p>\n<p>Producto disponible en:<br \/>\n<a href=\"https:\/\/mitmaq.com\/wp-content\/uploads\/2021\/09\/Argentina.png\"><img decoding=\"async\" class=\"alignnone wp-image-5937\" src=\"https:\/\/mitmaq.com\/wp-content\/uploads\/2021\/09\/Argentina.png\" alt=\"Argentina\" width=\"30\" height=\"30\" srcset=\"https:\/\/mitmaq.com\/staging\/wp-content\/uploads\/2021\/09\/Argentina.png 100w, https:\/\/mitmaq.com\/staging\/wp-content\/uploads\/2021\/09\/Argentina-1x1.png 1w, https:\/\/mitmaq.com\/staging\/wp-content\/uploads\/2021\/09\/Argentina-10x10.png 10w\" sizes=\"(max-width: 30px) 100vw, 30px\" \/> <\/a><a href=\"https:\/\/mitmaq.com\/wp-content\/uploads\/2021\/12\/Bolivia-No.png\"><img decoding=\"async\" class=\"alignnone wp-image-10023\" src=\"https:\/\/mitmaq.com\/wp-content\/uploads\/2021\/12\/Bolivia-No.png\" alt=\"Bolivia\" width=\"30\" height=\"30\" srcset=\"https:\/\/mitmaq.com\/staging\/wp-content\/uploads\/2021\/12\/Bolivia-No.png 100w, https:\/\/mitmaq.com\/staging\/wp-content\/uploads\/2021\/12\/Bolivia-No-1x1.png 1w, https:\/\/mitmaq.com\/staging\/wp-content\/uploads\/2021\/12\/Bolivia-No-10x10.png 10w\" sizes=\"(max-width: 30px) 100vw, 30px\" \/><\/a><a href=\"https:\/\/mitmaq.com\/wp-content\/uploads\/2021\/12\/Paraguay-No.png\"><img decoding=\"async\" class=\"alignnone wp-image-10024\" src=\"https:\/\/mitmaq.com\/wp-content\/uploads\/2021\/12\/Paraguay-No.png\" alt=\"Paraguay\" width=\"30\" height=\"30\" srcset=\"https:\/\/mitmaq.com\/staging\/wp-content\/uploads\/2021\/12\/Paraguay-No.png 100w, https:\/\/mitmaq.com\/staging\/wp-content\/uploads\/2021\/12\/Paraguay-No-1x1.png 1w, https:\/\/mitmaq.com\/staging\/wp-content\/uploads\/2021\/12\/Paraguay-No-10x10.png 10w\" sizes=\"(max-width: 30px) 100vw, 30px\" \/><\/a><a href=\"https:\/\/mitmaq.com\/wp-content\/uploads\/2021\/12\/Uruguay-No.png\"> <img loading=\"lazy\" decoding=\"async\" class=\"alignnone wp-image-10025\" src=\"https:\/\/mitmaq.com\/wp-content\/uploads\/2021\/12\/Uruguay-No.png\" alt=\"Uruguay\" width=\"30\" height=\"30\" srcset=\"https:\/\/mitmaq.com\/staging\/wp-content\/uploads\/2021\/12\/Uruguay-No.png 100w, https:\/\/mitmaq.com\/staging\/wp-content\/uploads\/2021\/12\/Uruguay-No-1x1.png 1w, https:\/\/mitmaq.com\/staging\/wp-content\/uploads\/2021\/12\/Uruguay-No-10x10.png 10w\" sizes=\"(max-width: 30px) 100vw, 30px\" \/><\/a><\/p>\n","protected":false},"featured_media":10057,"comment_status":"open","ping_status":"closed","template":"","meta":[],"product_brand":[],"product_cat":[15,68],"product_tag":[132,131,169],"class_list":{"0":"post-10056","1":"product","2":"type-product","3":"status-publish","4":"has-post-thumbnail","6":"product_cat-carnica","7":"product_cat-maquinas-posventa","8":"product_tag-ind-avicola","9":"product_tag-ind-carnica","10":"product_tag-inyectora","12":"first","13":"instock","14":"taxable","15":"shipping-taxable","16":"product-type-simple"},"_links":{"self":[{"href":"https:\/\/mitmaq.com\/staging\/wp-json\/wp\/v2\/product\/10056","targetHints":{"allow":["GET"]}}],"collection":[{"href":"https:\/\/mitmaq.com\/staging\/wp-json\/wp\/v2\/product"}],"about":[{"href":"https:\/\/mitmaq.com\/staging\/wp-json\/wp\/v2\/types\/product"}],"replies":[{"embeddable":true,"href":"https:\/\/mitmaq.com\/staging\/wp-json\/wp\/v2\/comments?post=10056"}],"version-history":[{"count":12,"href":"https:\/\/mitmaq.com\/staging\/wp-json\/wp\/v2\/product\/10056\/revisions"}],"predecessor-version":[{"id":11233,"href":"https:\/\/mitmaq.com\/staging\/wp-json\/wp\/v2\/product\/10056\/revisions\/11233"}],"wp:featuredmedia":[{"embeddable":true,"href":"https:\/\/mitmaq.com\/staging\/wp-json\/wp\/v2\/media\/10057"}],"wp:attachment":[{"href":"https:\/\/mitmaq.com\/staging\/wp-json\/wp\/v2\/media?parent=10056"}],"wp:term":[{"taxonomy":"product_brand","embeddable":true,"href":"https:\/\/mitmaq.com\/staging\/wp-json\/wp\/v2\/product_brand?post=10056"},{"taxonomy":"product_cat","embeddable":true,"href":"https:\/\/mitmaq.com\/staging\/wp-json\/wp\/v2\/product_cat?post=10056"},{"taxonomy":"product_tag","embeddable":true,"href":"https:\/\/mitmaq.com\/staging\/wp-json\/wp\/v2\/product_tag?post=10056"}],"curies":[{"name":"wp","href":"https:\/\/api.w.org\/{rel}","templated":true}]}}